{"id":973,"date":"2024-11-06T22:24:39","date_gmt":"2024-11-06T21:24:39","guid":{"rendered":"https:\/\/grandline.200.solutions\/?post_type=product&#038;p=973"},"modified":"2024-11-13T12:02:53","modified_gmt":"2024-11-13T11:02:53","slug":"rezero-glitter-glamours-ram","status":"publish","type":"product","link":"https:\/\/grandline.200.solutions\/?product=rezero-glitter-glamours-ram","title":{"rendered":"Re:Zero Glitter &#038; Glamours Ram"},"content":{"rendered":"<p><span style=\"font-weight: 400;\">Figurka <\/span><b>Re:Zero Glitter &amp; Glamours Ram<\/b><span style=\"font-weight: 400;\"> zachycuje Ram, jednu z obl\u00edben\u00fdch postav anime Re:Zero, v jej\u00edm elegantn\u00edm a p\u016fvabn\u00e9m vzhledu, s r\u016f\u017eov\u00fdmi vlasy a v kr\u00e1sn\u00fdch \u0161atech, kter\u00e9 zd\u016fraz\u0148uj\u00ed jej\u00ed kouzlo. Tento sb\u011bratelsk\u00fd kousek je ide\u00e1ln\u00ed pro fanou\u0161ky s\u00e9rie, kte\u0159\u00ed cht\u011bj\u00ed p\u0159idat do sv\u00e9 sb\u00edrky n\u011bco opravdu speci\u00e1ln\u00edho.<\/span><\/p>\n<p><b>Vlastnosti:\u00a0<\/b><\/p>\n<p><span style=\"font-weight: 400;\">V\u00fd\u0161ka &#8211; 23 cm<\/span><\/p>\n<p><span style=\"font-weight: 400;\">Materi\u00e1l &#8211; PVC<\/span><\/p>\n<p><span style=\"font-weight: 400;\">Detailn\u00ed proveden\u00ed<\/span><\/p>\n<p><span style=\"font-weight: 400;\">Sb\u011bratelsk\u00e1 edice<\/span><\/p>\n","protected":false},"excerpt":{"rendered":"<p><span style=\"font-weight: 400;\">Figurka <\/span><b>Re:Zero Glitter &amp; Glamours Ram<\/b><span style=\"font-weight: 400;\"> zachycuje Ram, jednu z obl\u00edben\u00fdch postav anime Re:Zero, v jej\u00edm elegantn\u00edm a p\u016fvabn\u00e9m vzhledu, s r\u016f\u017eov\u00fdmi vlasy a v kr\u00e1sn\u00fdch \u0161atech, kter\u00e9 zd\u016fraz\u0148uj\u00ed jej\u00ed kouzlo. Tento sb\u011bratelsk\u00fd kousek je ide\u00e1ln\u00ed pro fanou\u0161ky s\u00e9rie, kte\u0159\u00ed cht\u011bj\u00ed p\u0159idat do sv\u00e9 sb\u00edrky n\u011bco opravdu speci\u00e1ln\u00edho.<\/span><\/p>\n","protected":false},"featured_media":978,"comment_status":"open","ping_status":"closed","template":"","meta":{"inline_featured_image":false},"product_cat":[77,60,82],"product_tag":[],"class_list":{"0":"post-973","1":"product","2":"type-product","3":"status-publish","4":"has-post-thumbnail","6":"product_cat-bandai-spirits","7":"product_cat-figurky","8":"product_cat-rezero","10":"first","11":"instock","12":"shipping-taxable","13":"purchasable","14":"product-type-simple"},"_links":{"self":[{"href":"https:\/\/grandline.200.solutions\/index.php?rest_route=\/wp\/v2\/product\/973","targetHints":{"allow":["GET"]}}],"collection":[{"href":"https:\/\/grandline.200.solutions\/index.php?rest_route=\/wp\/v2\/product"}],"about":[{"href":"https:\/\/grandline.200.solutions\/index.php?rest_route=\/wp\/v2\/types\/product"}],"replies":[{"embeddable":true,"href":"https:\/\/grandline.200.solutions\/index.php?rest_route=%2Fwp%2Fv2%2Fcomments&post=973"}],"wp:featuredmedia":[{"embeddable":true,"href":"https:\/\/grandline.200.solutions\/index.php?rest_route=\/wp\/v2\/media\/978"}],"wp:attachment":[{"href":"https:\/\/grandline.200.solutions\/index.php?rest_route=%2Fwp%2Fv2%2Fmedia&parent=973"}],"wp:term":[{"taxonomy":"product_cat","embeddable":true,"href":"https:\/\/grandline.200.solutions\/index.php?rest_route=%2Fwp%2Fv2%2Fproduct_cat&post=973"},{"taxonomy":"product_tag","embeddable":true,"href":"https:\/\/grandline.200.solutions\/index.php?rest_route=%2Fwp%2Fv2%2Fproduct_tag&post=973"}],"curies":[{"name":"wp","href":"https:\/\/api.w.org\/{rel}","templated":true}]}}