{"id":967,"date":"2024-11-06T22:12:31","date_gmt":"2024-11-06T21:12:31","guid":{"rendered":"https:\/\/grandline.200.solutions\/?post_type=product&#038;p=967"},"modified":"2024-11-13T12:00:54","modified_gmt":"2024-11-13T11:00:54","slug":"pokemon-scarlet-violet-stella-miracle-sv7-booster-japonsky","status":"publish","type":"product","link":"https:\/\/grandline.200.solutions\/?product=pokemon-scarlet-violet-stella-miracle-sv7-booster-japonsky","title":{"rendered":"Pok\u00e9mon Scarlet &#038; Violet Stella Miracle SV7 Booster (japonsky)"},"content":{"rendered":"<p><span style=\"font-weight: 400;\"><strong>Pok\u00e9mon Scarlet &amp; Violet Stella Miracle SV7 Booster (japonsky)<\/strong> je bal\u00ed\u010dek karet z exkluzivn\u00ed japonsk\u00e9 edice Pok\u00e9mon TCG, kter\u00fd p\u0159in\u00e1\u0161\u00ed nov\u00e9 karty a vzru\u0161uj\u00edc\u00ed mo\u017enosti pro vylep\u0161en\u00ed hern\u00edho bal\u00ed\u010dku. Obsahuje vz\u00e1cn\u00e9 karty, unik\u00e1tn\u00ed ilustrace a speci\u00e1ln\u00ed pok\u00e9mony ze s\u00e9rie Scarlet &amp; Violet. Tento booster je ide\u00e1ln\u00ed pro sb\u011bratele i hr\u00e1\u010de, kte\u0159\u00ed cht\u011bj\u00ed obohatit svou sb\u00edrku o japonsk\u00e9 karty s jedine\u010dn\u00fdm designem a podpo\u0159it svou strategii ve h\u0159e Pok\u00e9mon TCG.<\/span><\/p>\n<p><b>Vlastnosti:\u00a0<\/b><\/p>\n<p><span style=\"font-weight: 400;\">Jeden bal\u00ed\u010dek obsahuje 5 karet<\/span><\/p>\n<p><span style=\"font-weight: 400;\">Sb\u011bratelsk\u00e1 edice v japon\u0161tin\u011b<\/span><\/p>\n","protected":false},"excerpt":{"rendered":"<p><span style=\"font-weight: 400;\"><strong>Pok\u00e9mon Scarlet &amp; Violet Stella Miracle SV7 Booster (japonsky)<\/strong> je bal\u00ed\u010dek karet z exkluzivn\u00ed japonsk\u00e9 edice Pok\u00e9mon TCG, kter\u00fd p\u0159in\u00e1\u0161\u00ed nov\u00e9 karty a vzru\u0161uj\u00edc\u00ed mo\u017enosti pro vylep\u0161en\u00ed hern\u00edho bal\u00ed\u010dku. Obsahuje vz\u00e1cn\u00e9 karty, unik\u00e1tn\u00ed ilustrace a speci\u00e1ln\u00ed pok\u00e9mony ze s\u00e9rie Scarlet &amp; Violet. Tento booster je ide\u00e1ln\u00ed pro sb\u011bratele i hr\u00e1\u010de, kte\u0159\u00ed cht\u011bj\u00ed obohatit svou sb\u00edrku o japonsk\u00e9 karty s jedine\u010dn\u00fdm designem a podpo\u0159it svou strategii ve h\u0159e Pok\u00e9mon TCG.<\/span><\/p>\n","protected":false},"featured_media":968,"comment_status":"open","ping_status":"closed","template":"","meta":{"inline_featured_image":false},"product_cat":[91,81,92],"product_tag":[],"class_list":{"0":"post-967","1":"product","2":"type-product","3":"status-publish","4":"has-post-thumbnail","6":"product_cat-karty","7":"product_cat-pokemon","8":"product_cat-the-pokemon-company","10":"first","11":"instock","12":"shipping-taxable","13":"purchasable","14":"product-type-simple"},"_links":{"self":[{"href":"https:\/\/grandline.200.solutions\/index.php?rest_route=\/wp\/v2\/product\/967","targetHints":{"allow":["GET"]}}],"collection":[{"href":"https:\/\/grandline.200.solutions\/index.php?rest_route=\/wp\/v2\/product"}],"about":[{"href":"https:\/\/grandline.200.solutions\/index.php?rest_route=\/wp\/v2\/types\/product"}],"replies":[{"embeddable":true,"href":"https:\/\/grandline.200.solutions\/index.php?rest_route=%2Fwp%2Fv2%2Fcomments&post=967"}],"wp:featuredmedia":[{"embeddable":true,"href":"https:\/\/grandline.200.solutions\/index.php?rest_route=\/wp\/v2\/media\/968"}],"wp:attachment":[{"href":"https:\/\/grandline.200.solutions\/index.php?rest_route=%2Fwp%2Fv2%2Fmedia&parent=967"}],"wp:term":[{"taxonomy":"product_cat","embeddable":true,"href":"https:\/\/grandline.200.solutions\/index.php?rest_route=%2Fwp%2Fv2%2Fproduct_cat&post=967"},{"taxonomy":"product_tag","embeddable":true,"href":"https:\/\/grandline.200.solutions\/index.php?rest_route=%2Fwp%2Fv2%2Fproduct_tag&post=967"}],"curies":[{"name":"wp","href":"https:\/\/api.w.org\/{rel}","templated":true}]}}