{"id":964,"date":"2024-11-06T22:07:38","date_gmt":"2024-11-06T21:07:38","guid":{"rendered":"https:\/\/grandline.200.solutions\/?post_type=product&#038;p=964"},"modified":"2024-11-13T12:00:12","modified_gmt":"2024-11-13T11:00:12","slug":"pokemon-scarlet-violet-night-wanderer-booster-japonsky","status":"publish","type":"product","link":"https:\/\/grandline.200.solutions\/?product=pokemon-scarlet-violet-night-wanderer-booster-japonsky","title":{"rendered":"Pok\u00e9mon Scarlet &#038; Violet Night Wanderer Booster (japonsky)"},"content":{"rendered":"<p><span style=\"font-weight: 400;\">Za\u017eijte okouzluj\u00edc\u00ed p\u0159ita\u017elivost japonsk\u00fdch Pok\u00e9mon karet s booster boxem Scarlet &amp; Violet Night Wanderer. Tato expanze, vydan\u00e1 v \u010dervnu 2024, p\u0159in\u00e1\u0161\u00ed inovativn\u00ed strategie a vzru\u0161uj\u00edc\u00ed hratelnost pro sb\u011bratele i hr\u00e1\u010de. Jako sou\u010d\u00e1st s\u00e9rie Scarlet &amp; Violet Enhanced Expansion Pack je sada Night Wanderer nabit\u00e1 siln\u00fdmi Pok\u00e9mony a unik\u00e1tn\u00edmi funkcemi, kter\u00e9 vylep\u0161\u00ed v\u00e1\u0161 z\u00e1\u017eitek z TCG.<\/span><\/p>\n<p><b>Kl\u00ed\u010dov\u00e9 vlastnosti:<\/b><b><br \/>\n<\/b><b><i>Exkluzivn\u00ed ilustrace:<\/i><\/b><span style=\"font-weight: 400;\"> Ka\u017ed\u00e1 karta v kolekci japonsk\u00fdch Pok\u00e9mon karet se vyzna\u010duje jedine\u010dn\u00fdm a ohromuj\u00edc\u00edm um\u011bleck\u00fdm zpracov\u00e1n\u00edm, co\u017e z nich \u010din\u00ed vyhled\u00e1van\u00e9 sb\u011bratelsk\u00e9 kousky.<\/span><span style=\"font-weight: 400;\"><br \/>\n<\/span><b><i>Nov\u00ed Pok\u00e9moni:<\/i><\/b><span style=\"font-weight: 400;\"> Sada zahrnuje debut Pecharunt ex a obsahuje Loyal Three &#8211; Okidogi ex, Munkidori ex a Fezandipiti ex, co\u017e p\u0159in\u00e1\u0161\u00ed nov\u00e9 dynamiky do hry.<\/span><span style=\"font-weight: 400;\"><br \/>\n<\/span><b><i>Vysoce kvalitn\u00ed tisky:<\/i><\/b><span style=\"font-weight: 400;\"> Tyto karty jsou vyrobeny s v\u00fdjime\u010dnou p\u0159esnost\u00ed, vykazuj\u00ed \u017eiv\u00e9 barvy a vynikaj\u00edc\u00ed kvalitu tisku.<\/span><span style=\"font-weight: 400;\"><br \/>\n<\/span><b><i>ACE SPEC karty:<\/i><\/b><span style=\"font-weight: 400;\"> Zaveden\u00ed Neutral Center ACE SPEC Stadium karty p\u0159id\u00e1v\u00e1 novou vrstvu strategie do hry.<\/span><\/p>\n<p><b>Specifikace:<\/b><b><br \/>\n<\/b><b><i>Booste<\/i><\/b><b>r bal\u00ed\u010dek:<\/b><span style=\"font-weight: 400;\">\u00a0obsahuje 5 n\u00e1hodn\u00fdch karet.<\/span><span style=\"font-weight: 400;\"><br \/>\n<\/span><\/p>\n<p><span style=\"font-weight: 400;\">Tento booster je ide\u00e1ln\u00ed pro nad\u0161ence, kte\u0159\u00ed cht\u011bj\u00ed vylep\u0161it svou sb\u00edrku vz\u00e1cn\u00fdmi japonsk\u00fdmi Pok\u00e9mon kartami.<\/span><\/p>\n","protected":false},"excerpt":{"rendered":"<p><span style=\"font-weight: 400;\">Za\u017eijte okouzluj\u00edc\u00ed p\u0159ita\u017elivost japonsk\u00fdch Pok\u00e9mon karet s booster boxem Scarlet &amp; Violet Night Wanderer. Tato expanze, vydan\u00e1 v \u010dervnu 2024, p\u0159in\u00e1\u0161\u00ed inovativn\u00ed strategie a vzru\u0161uj\u00edc\u00ed hratelnost pro sb\u011bratele i hr\u00e1\u010de. Jako sou\u010d\u00e1st s\u00e9rie Scarlet &amp; Violet Enhanced Expansion Pack je sada Night Wanderer nabit\u00e1 siln\u00fdmi Pok\u00e9mony a unik\u00e1tn\u00edmi funkcemi, kter\u00e9 vylep\u0161\u00ed v\u00e1\u0161 z\u00e1\u017eitek z TCG.<\/span><\/p>\n","protected":false},"featured_media":965,"comment_status":"open","ping_status":"closed","template":"","meta":{"inline_featured_image":false},"product_cat":[91,81,92],"product_tag":[],"class_list":{"0":"post-964","1":"product","2":"type-product","3":"status-publish","4":"has-post-thumbnail","6":"product_cat-karty","7":"product_cat-pokemon","8":"product_cat-the-pokemon-company","10":"first","11":"instock","12":"shipping-taxable","13":"purchasable","14":"product-type-simple"},"_links":{"self":[{"href":"https:\/\/grandline.200.solutions\/index.php?rest_route=\/wp\/v2\/product\/964","targetHints":{"allow":["GET"]}}],"collection":[{"href":"https:\/\/grandline.200.solutions\/index.php?rest_route=\/wp\/v2\/product"}],"about":[{"href":"https:\/\/grandline.200.solutions\/index.php?rest_route=\/wp\/v2\/types\/product"}],"replies":[{"embeddable":true,"href":"https:\/\/grandline.200.solutions\/index.php?rest_route=%2Fwp%2Fv2%2Fcomments&post=964"}],"wp:featuredmedia":[{"embeddable":true,"href":"https:\/\/grandline.200.solutions\/index.php?rest_route=\/wp\/v2\/media\/965"}],"wp:attachment":[{"href":"https:\/\/grandline.200.solutions\/index.php?rest_route=%2Fwp%2Fv2%2Fmedia&parent=964"}],"wp:term":[{"taxonomy":"product_cat","embeddable":true,"href":"https:\/\/grandline.200.solutions\/index.php?rest_route=%2Fwp%2Fv2%2Fproduct_cat&post=964"},{"taxonomy":"product_tag","embeddable":true,"href":"https:\/\/grandline.200.solutions\/index.php?rest_route=%2Fwp%2Fv2%2Fproduct_tag&post=964"}],"curies":[{"name":"wp","href":"https:\/\/api.w.org\/{rel}","templated":true}]}}