{"id":961,"date":"2024-11-06T22:01:19","date_gmt":"2024-11-06T21:01:19","guid":{"rendered":"https:\/\/grandline.200.solutions\/?post_type=product&#038;p=961"},"modified":"2024-11-13T11:58:37","modified_gmt":"2024-11-13T10:58:37","slug":"pokemon-all-star-collection-plush-meowth-pp37-s","status":"publish","type":"product","link":"https:\/\/grandline.200.solutions\/?product=pokemon-all-star-collection-plush-meowth-pp37-s","title":{"rendered":"Pok\u00e9mon All Star Collection Plush Meowth PP37 (S)"},"content":{"rendered":"<p><b>Pok\u00e9mon All Star Collection Plush Meowth PP37 (S)<\/b><span style=\"font-weight: 400;\"> je roztomil\u00e1 ply\u0161ov\u00e1 hra\u010dka inspirovan\u00e1 charismatick\u00fdm Pok\u00e9monem Meowthem. Tento ply\u0161\u00e1k o velikosti p\u0159ibli\u017en\u011b 21 cm je vyroben z kvalitn\u00edho materi\u00e1lu, zachycuje Meowth\u016fv typick\u00fd \u00fasm\u011bv a mince na \u010dele. Ide\u00e1ln\u00ed pro fanou\u0161ky a sb\u011bratele Pok\u00e9mon\u016f, kte\u0159\u00ed si cht\u011bj\u00ed p\u0159idat tohoto \u0161armantn\u00edho Pok\u00e9mona do sv\u00e9 sb\u00edrky.<\/span><\/p>\n<p><b>Vlastnosti:\u00a0<\/b><\/p>\n<p><span style=\"font-weight: 400;\">V\u00fd\u0161ka &#8211; 21 cm<\/span><\/p>\n<p><span style=\"font-weight: 400;\">\u0160\u00ed\u0159ka &#8211; 12,5 cm<\/span><\/p>\n<p><span style=\"font-weight: 400;\">D\u00e9lka &#8211; 9,5 cm<\/span><\/p>\n<p><span style=\"font-weight: 400;\">Materi\u00e1l &#8211; Ply\u0161<\/span><\/p>\n","protected":false},"excerpt":{"rendered":"<p><b>Pok\u00e9mon All Star Collection Plush Meowth PP37 (S)<\/b><span style=\"font-weight: 400;\"> je roztomil\u00e1 ply\u0161ov\u00e1 hra\u010dka inspirovan\u00e1 charismatick\u00fdm Pok\u00e9monem Meowthem. Tento ply\u0161\u00e1k o velikosti p\u0159ibli\u017en\u011b 21 cm je vyroben z kvalitn\u00edho materi\u00e1lu, zachycuje Meowth\u016fv typick\u00fd \u00fasm\u011bv a mince na \u010dele. Ide\u00e1ln\u00ed pro fanou\u0161ky a sb\u011bratele Pok\u00e9mon\u016f, kte\u0159\u00ed si cht\u011bj\u00ed p\u0159idat tohoto \u0161armantn\u00edho Pok\u00e9mona do sv\u00e9 sb\u00edrky.<\/span><\/p>\n<p>&nbsp;<\/p>\n","protected":false},"featured_media":962,"comment_status":"open","ping_status":"closed","template":"","meta":{"inline_featured_image":false},"product_cat":[90,81,89],"product_tag":[],"class_list":{"0":"post-961","1":"product","2":"type-product","3":"status-publish","4":"has-post-thumbnail","6":"product_cat-plysaci","7":"product_cat-pokemon","8":"product_cat-san-ei-boeki","10":"first","11":"instock","12":"shipping-taxable","13":"purchasable","14":"product-type-simple"},"_links":{"self":[{"href":"https:\/\/grandline.200.solutions\/index.php?rest_route=\/wp\/v2\/product\/961","targetHints":{"allow":["GET"]}}],"collection":[{"href":"https:\/\/grandline.200.solutions\/index.php?rest_route=\/wp\/v2\/product"}],"about":[{"href":"https:\/\/grandline.200.solutions\/index.php?rest_route=\/wp\/v2\/types\/product"}],"replies":[{"embeddable":true,"href":"https:\/\/grandline.200.solutions\/index.php?rest_route=%2Fwp%2Fv2%2Fcomments&post=961"}],"wp:featuredmedia":[{"embeddable":true,"href":"https:\/\/grandline.200.solutions\/index.php?rest_route=\/wp\/v2\/media\/962"}],"wp:attachment":[{"href":"https:\/\/grandline.200.solutions\/index.php?rest_route=%2Fwp%2Fv2%2Fmedia&parent=961"}],"wp:term":[{"taxonomy":"product_cat","embeddable":true,"href":"https:\/\/grandline.200.solutions\/index.php?rest_route=%2Fwp%2Fv2%2Fproduct_cat&post=961"},{"taxonomy":"product_tag","embeddable":true,"href":"https:\/\/grandline.200.solutions\/index.php?rest_route=%2Fwp%2Fv2%2Fproduct_tag&post=961"}],"curies":[{"name":"wp","href":"https:\/\/api.w.org\/{rel}","templated":true}]}}