{"id":955,"date":"2024-11-06T21:48:20","date_gmt":"2024-11-06T20:48:20","guid":{"rendered":"https:\/\/grandline.200.solutions\/?post_type=product&#038;p=955"},"modified":"2024-11-13T11:57:58","modified_gmt":"2024-11-13T10:57:58","slug":"pokemon-all-star-collection-plush-flareon-pp112-s","status":"publish","type":"product","link":"https:\/\/grandline.200.solutions\/?product=pokemon-all-star-collection-plush-flareon-pp112-s","title":{"rendered":"Pok\u00e9mon All Star Collection Plush Flareon PP112 (S)"},"content":{"rendered":"<p><b>Pok\u00e9mon All Star Collection Plush Flareon PP112 (S)<\/b><span style=\"font-weight: 400;\"> je m\u011bkk\u00e1 ply\u0161ov\u00e1 hra\u010dka inspirovan\u00e1 ohniv\u00fdm Pok\u00e9monem Flareonem. Tento ply\u0161\u00e1k o velikosti p\u0159ibli\u017en\u011b 19 cm je detailn\u011b vyroben, s typick\u00fdm oran\u017eov\u00fdm ko\u017e\u00ed\u0161kem a plamenovit\u00fdm h\u0159betem. Skv\u011bl\u00fd dopln\u011bk do sb\u00edrky pro fanou\u0161ky Pok\u00e9mon\u016f, kte\u0159\u00ed cht\u011bj\u00ed m\u00edt tohoto h\u0159ejiv\u00e9ho a roztomil\u00e9ho Pok\u00e9mona doma.<\/span><\/p>\n<p><b>Vlastnosti:\u00a0<\/b><\/p>\n<p><span style=\"font-weight: 400;\">V\u00fd\u0161ka &#8211; 19 cm<\/span><\/p>\n<p><span style=\"font-weight: 400;\">\u0160\u00ed\u0159ka &#8211; 21 cm<\/span><\/p>\n<p><span style=\"font-weight: 400;\">D\u00e9lka &#8211; 18 cm<\/span><\/p>\n<p><span style=\"font-weight: 400;\">Materi\u00e1l &#8211; Ply\u0161<\/span><\/p>\n","protected":false},"excerpt":{"rendered":"<p><b>Pok\u00e9mon All Star Collection Plush Flareon PP112 (S)<\/b><span style=\"font-weight: 400;\"> je m\u011bkk\u00e1 ply\u0161ov\u00e1 hra\u010dka inspirovan\u00e1 ohniv\u00fdm Pok\u00e9monem Flareonem. Tento ply\u0161\u00e1k o velikosti p\u0159ibli\u017en\u011b 19 cm je detailn\u011b vyroben, s typick\u00fdm oran\u017eov\u00fdm ko\u017e\u00ed\u0161kem a plamenovit\u00fdm h\u0159betem. Skv\u011bl\u00fd dopln\u011bk do sb\u00edrky pro fanou\u0161ky Pok\u00e9mon\u016f, kte\u0159\u00ed cht\u011bj\u00ed m\u00edt tohoto h\u0159ejiv\u00e9ho a roztomil\u00e9ho Pok\u00e9mona doma.<\/span><\/p>\n","protected":false},"featured_media":956,"comment_status":"open","ping_status":"closed","template":"","meta":{"inline_featured_image":false},"product_cat":[90,81,89],"product_tag":[],"class_list":{"0":"post-955","1":"product","2":"type-product","3":"status-publish","4":"has-post-thumbnail","6":"product_cat-plysaci","7":"product_cat-pokemon","8":"product_cat-san-ei-boeki","10":"first","11":"instock","12":"shipping-taxable","13":"purchasable","14":"product-type-simple"},"_links":{"self":[{"href":"https:\/\/grandline.200.solutions\/index.php?rest_route=\/wp\/v2\/product\/955","targetHints":{"allow":["GET"]}}],"collection":[{"href":"https:\/\/grandline.200.solutions\/index.php?rest_route=\/wp\/v2\/product"}],"about":[{"href":"https:\/\/grandline.200.solutions\/index.php?rest_route=\/wp\/v2\/types\/product"}],"replies":[{"embeddable":true,"href":"https:\/\/grandline.200.solutions\/index.php?rest_route=%2Fwp%2Fv2%2Fcomments&post=955"}],"wp:featuredmedia":[{"embeddable":true,"href":"https:\/\/grandline.200.solutions\/index.php?rest_route=\/wp\/v2\/media\/956"}],"wp:attachment":[{"href":"https:\/\/grandline.200.solutions\/index.php?rest_route=%2Fwp%2Fv2%2Fmedia&parent=955"}],"wp:term":[{"taxonomy":"product_cat","embeddable":true,"href":"https:\/\/grandline.200.solutions\/index.php?rest_route=%2Fwp%2Fv2%2Fproduct_cat&post=955"},{"taxonomy":"product_tag","embeddable":true,"href":"https:\/\/grandline.200.solutions\/index.php?rest_route=%2Fwp%2Fv2%2Fproduct_tag&post=955"}],"curies":[{"name":"wp","href":"https:\/\/api.w.org\/{rel}","templated":true}]}}