{"id":2538,"date":"2024-11-09T10:17:35","date_gmt":"2024-11-09T09:17:35","guid":{"rendered":"https:\/\/grandline.200.solutions\/?post_type=product&#038;p=2538"},"modified":"2024-11-13T11:57:50","modified_gmt":"2024-11-13T10:57:50","slug":"one-piece-figulive-vol-2-monkey-d-luffy-gear-5","status":"publish","type":"product","link":"https:\/\/grandline.200.solutions\/?product=one-piece-figulive-vol-2-monkey-d-luffy-gear-5","title":{"rendered":"One Piece Figulive! Vol.2 Monkey D. Luffy (Gear 5)"},"content":{"rendered":"<p style=\"font-weight: 400;\">Figurka <strong>One Piece Figulive! Vol.2 Monkey D. Luffy (Gear 5)<\/strong> zobrazuje Luffyho v jeho ikonick\u00e9 Gear 5 form\u011b. Luffy je zde zachycen v dynamick\u00e9 bojov\u00e9 p\u00f3ze, kter\u00e1 zd\u016fraz\u0148uje jeho s\u00edlu a odhodlanost. Tato figurka je detailn\u011b propracovan\u00e1, v\u010detn\u011b jeho charakteristick\u00e9ho b\u00edl\u00e9ho oble\u010den\u00ed a slam\u011bn\u00e9ho klobouku. Nav\u00edc se d\u00e1 pou\u017e\u00edt i jako dr\u017e\u00e1k na telefon, co\u017e z n\u00ed \u010din\u00ed praktick\u00fd a stylov\u00fd dopln\u011bk. Je to v\u00fdjime\u010dn\u00fd kousek, kter\u00fd by nem\u011bl chyb\u011bt ve sb\u00edrce \u017e\u00e1dn\u00e9ho fanou\u0161ka One Piece.<\/p>\n<p style=\"font-weight: 400;\"><strong>Vlastnosti: <\/strong><\/p>\n<p style=\"font-weight: 400;\">V\u00fd\u0161ka &#8211; 25 cm<\/p>\n<p style=\"font-weight: 400;\">Materi\u00e1l &#8211; PVC<\/p>\n<p style=\"font-weight: 400;\">Detailn\u00ed proveden\u00ed<\/p>\n<p style=\"font-weight: 400;\">Sb\u011bratelsk\u00e1 edice<\/p>\n","protected":false},"excerpt":{"rendered":"<p style=\"font-weight: 400;\">Figurka <strong>One Piece Figulive! Vol.2 Monkey D. Luffy (Gear 5)<\/strong> zobrazuje Luffyho v jeho ikonick\u00e9 Gear 5 form\u011b. Luffy je zde zachycen v dynamick\u00e9 bojov\u00e9 p\u00f3ze, kter\u00e1 zd\u016fraz\u0148uje jeho s\u00edlu a odhodlanost. Tato figurka je detailn\u011b propracovan\u00e1, v\u010detn\u011b jeho charakteristick\u00e9ho b\u00edl\u00e9ho oble\u010den\u00ed a slam\u011bn\u00e9ho klobouku. Nav\u00edc se d\u00e1 pou\u017e\u00edt i jako dr\u017e\u00e1k na telefon, co\u017e z n\u00ed \u010din\u00ed praktick\u00fd a stylov\u00fd dopln\u011bk. Je to v\u00fdjime\u010dn\u00fd kousek, kter\u00fd by nem\u011bl chyb\u011bt ve sb\u00edrce \u017e\u00e1dn\u00e9ho fanou\u0161ka One Piece.<\/p>\n","protected":false},"featured_media":2539,"comment_status":"open","ping_status":"closed","template":"","meta":{"inline_featured_image":false},"product_cat":[77,68,60,74],"product_tag":[],"class_list":{"0":"post-2538","1":"product","2":"type-product","3":"status-publish","4":"has-post-thumbnail","6":"product_cat-bandai-spirits","7":"product_cat-dekorace","8":"product_cat-figurky","9":"product_cat-one-piece","11":"first","12":"instock","13":"shipping-taxable","14":"purchasable","15":"product-type-simple"},"_links":{"self":[{"href":"https:\/\/grandline.200.solutions\/index.php?rest_route=\/wp\/v2\/product\/2538","targetHints":{"allow":["GET"]}}],"collection":[{"href":"https:\/\/grandline.200.solutions\/index.php?rest_route=\/wp\/v2\/product"}],"about":[{"href":"https:\/\/grandline.200.solutions\/index.php?rest_route=\/wp\/v2\/types\/product"}],"replies":[{"embeddable":true,"href":"https:\/\/grandline.200.solutions\/index.php?rest_route=%2Fwp%2Fv2%2Fcomments&post=2538"}],"wp:featuredmedia":[{"embeddable":true,"href":"https:\/\/grandline.200.solutions\/index.php?rest_route=\/wp\/v2\/media\/2539"}],"wp:attachment":[{"href":"https:\/\/grandline.200.solutions\/index.php?rest_route=%2Fwp%2Fv2%2Fmedia&parent=2538"}],"wp:term":[{"taxonomy":"product_cat","embeddable":true,"href":"https:\/\/grandline.200.solutions\/index.php?rest_route=%2Fwp%2Fv2%2Fproduct_cat&post=2538"},{"taxonomy":"product_tag","embeddable":true,"href":"https:\/\/grandline.200.solutions\/index.php?rest_route=%2Fwp%2Fv2%2Fproduct_tag&post=2538"}],"curies":[{"name":"wp","href":"https:\/\/api.w.org\/{rel}","templated":true}]}}