{"id":2529,"date":"2024-11-09T10:12:19","date_gmt":"2024-11-09T09:12:19","guid":{"rendered":"https:\/\/grandline.200.solutions\/?post_type=product&#038;p=2529"},"modified":"2024-11-13T11:58:04","modified_gmt":"2024-11-13T10:58:04","slug":"one-piece-dxf-figure-the-grandline-series-egghead-sanji","status":"publish","type":"product","link":"https:\/\/grandline.200.solutions\/?product=one-piece-dxf-figure-the-grandline-series-egghead-sanji","title":{"rendered":"One Piece DXF Figure The Grandline Series ~Egghead~ Sanji"},"content":{"rendered":"<p style=\"font-weight: 400;\">Figurka <strong>One Piece DXF Figure The Grandline Series ~Egghead~ Sanji<\/strong> zobrazuje Sanjiho v jeho outfitu z Egghead Arcu. Sanji je zde zachycen ve sv\u00e9 ikonick\u00e9 p\u00f3ze, kter\u00e1 zd\u016fraz\u0148uje jeho sebev\u011bdom\u00ed a \u0161arm. Tento sb\u011bratelsk\u00fd kousek je detailn\u011b propracovan\u00fd a v\u011brn\u011b zachycuje jeho charakteristick\u00fd vzhled. Je to skv\u011bl\u00fd dopln\u011bk pro ka\u017ed\u00e9ho fanou\u0161ka One Piece.<\/p>\n<p style=\"font-weight: 400;\"><strong>Vlastnosti: <\/strong><\/p>\n<p style=\"font-weight: 400;\">V\u00fd\u0161ka &#8211; 17 cm<\/p>\n<p style=\"font-weight: 400;\">Materi\u00e1l &#8211; PVC<\/p>\n<p style=\"font-weight: 400;\">Detailn\u00ed proveden\u00ed<\/p>\n<p style=\"font-weight: 400;\">Sb\u011bratelsk\u00e1 edice<\/p>\n<p>&nbsp;<\/p>\n","protected":false},"excerpt":{"rendered":"<p style=\"font-weight: 400;\">Figurka <strong>One Piece DXF Figure The Grandline Series ~Egghead~ Sanji<\/strong> zobrazuje Sanjiho v jeho outfitu z Egghead Arcu. Sanji je zde zachycen ve sv\u00e9 ikonick\u00e9 p\u00f3ze, kter\u00e1 zd\u016fraz\u0148uje jeho sebev\u011bdom\u00ed a \u0161arm. Tento sb\u011bratelsk\u00fd kousek je detailn\u011b propracovan\u00fd a v\u011brn\u011b zachycuje jeho charakteristick\u00fd vzhled. Je to skv\u011bl\u00fd dopln\u011bk pro ka\u017ed\u00e9ho fanou\u0161ka One Piece.<\/p>\n","protected":false},"featured_media":2530,"comment_status":"open","ping_status":"closed","template":"","meta":{"inline_featured_image":false},"product_cat":[77,60,74],"product_tag":[],"class_list":{"0":"post-2529","1":"product","2":"type-product","3":"status-publish","4":"has-post-thumbnail","6":"product_cat-bandai-spirits","7":"product_cat-figurky","8":"product_cat-one-piece","10":"first","11":"instock","12":"shipping-taxable","13":"purchasable","14":"product-type-simple"},"_links":{"self":[{"href":"https:\/\/grandline.200.solutions\/index.php?rest_route=\/wp\/v2\/product\/2529","targetHints":{"allow":["GET"]}}],"collection":[{"href":"https:\/\/grandline.200.solutions\/index.php?rest_route=\/wp\/v2\/product"}],"about":[{"href":"https:\/\/grandline.200.solutions\/index.php?rest_route=\/wp\/v2\/types\/product"}],"replies":[{"embeddable":true,"href":"https:\/\/grandline.200.solutions\/index.php?rest_route=%2Fwp%2Fv2%2Fcomments&post=2529"}],"wp:featuredmedia":[{"embeddable":true,"href":"https:\/\/grandline.200.solutions\/index.php?rest_route=\/wp\/v2\/media\/2530"}],"wp:attachment":[{"href":"https:\/\/grandline.200.solutions\/index.php?rest_route=%2Fwp%2Fv2%2Fmedia&parent=2529"}],"wp:term":[{"taxonomy":"product_cat","embeddable":true,"href":"https:\/\/grandline.200.solutions\/index.php?rest_route=%2Fwp%2Fv2%2Fproduct_cat&post=2529"},{"taxonomy":"product_tag","embeddable":true,"href":"https:\/\/grandline.200.solutions\/index.php?rest_route=%2Fwp%2Fv2%2Fproduct_tag&post=2529"}],"curies":[{"name":"wp","href":"https:\/\/api.w.org\/{rel}","templated":true}]}}