{"id":2517,"date":"2024-11-09T10:06:53","date_gmt":"2024-11-09T09:06:53","guid":{"rendered":"https:\/\/grandline.200.solutions\/?post_type=product&#038;p=2517"},"modified":"2024-11-13T11:58:20","modified_gmt":"2024-11-13T10:58:20","slug":"one-piece-glitter-glamours-splash-style-nico-robin","status":"publish","type":"product","link":"https:\/\/grandline.200.solutions\/?product=one-piece-glitter-glamours-splash-style-nico-robin","title":{"rendered":"One Piece GLITTER &#038; GLAMOURS SPLASH STYLE Nico Robin"},"content":{"rendered":"<p style=\"font-weight: 400;\">Figurka <strong>One Piece GLITTER &amp; GLAMOURS SPLASH STYLE Nico Robin<\/strong> zobrazuje Robin v elegantn\u00edch plavk\u00e1ch. Robin je zde zachycena ve sv\u00e9 ikonick\u00e9 p\u00f3ze, kter\u00e1 zd\u016fraz\u0148uje jej\u00ed kr\u00e1su a sebev\u011bdom\u00ed. Tato figurka je detailn\u011b propracovan\u00e1, v\u010detn\u011b jemn\u00fdch detail\u016f jako jsou vlaj\u00edc\u00ed vlasy a pohyb stuhy na plavk\u00e1ch. Je to skv\u011bl\u00fd dopln\u011bk pro ka\u017ed\u00e9ho fanou\u0161ka One Piece.<\/p>\n<p style=\"font-weight: 400;\"><strong>Vlastnosti: <\/strong><\/p>\n<p style=\"font-weight: 400;\">V\u00fd\u0161ka &#8211; 23 cm<\/p>\n<p style=\"font-weight: 400;\">Materi\u00e1l &#8211; PVC<\/p>\n<p style=\"font-weight: 400;\">Detailn\u00ed proveden\u00ed<\/p>\n<p style=\"font-weight: 400;\">Sb\u011bratelsk\u00e1 edice<\/p>\n","protected":false},"excerpt":{"rendered":"<p style=\"font-weight: 400;\">Figurka <strong>One Piece GLITTER &amp; GLAMOURS SPLASH STYLE Nico Robin<\/strong> zobrazuje Robin v elegantn\u00edch plavk\u00e1ch. Robin je zde zachycena ve sv\u00e9 ikonick\u00e9 p\u00f3ze, kter\u00e1 zd\u016fraz\u0148uje jej\u00ed kr\u00e1su a sebev\u011bdom\u00ed. Tato figurka je detailn\u011b propracovan\u00e1, v\u010detn\u011b jemn\u00fdch detail\u016f jako jsou vlaj\u00edc\u00ed vlasy a pohyb stuhy na plavk\u00e1ch. Je to skv\u011bl\u00fd dopln\u011bk pro ka\u017ed\u00e9ho fanou\u0161ka One Piece.<\/p>\n","protected":false},"featured_media":2518,"comment_status":"open","ping_status":"closed","template":"","meta":{"inline_featured_image":false},"product_cat":[77,60,74],"product_tag":[],"class_list":{"0":"post-2517","1":"product","2":"type-product","3":"status-publish","4":"has-post-thumbnail","6":"product_cat-bandai-spirits","7":"product_cat-figurky","8":"product_cat-one-piece","10":"first","11":"instock","12":"shipping-taxable","13":"purchasable","14":"product-type-simple"},"_links":{"self":[{"href":"https:\/\/grandline.200.solutions\/index.php?rest_route=\/wp\/v2\/product\/2517","targetHints":{"allow":["GET"]}}],"collection":[{"href":"https:\/\/grandline.200.solutions\/index.php?rest_route=\/wp\/v2\/product"}],"about":[{"href":"https:\/\/grandline.200.solutions\/index.php?rest_route=\/wp\/v2\/types\/product"}],"replies":[{"embeddable":true,"href":"https:\/\/grandline.200.solutions\/index.php?rest_route=%2Fwp%2Fv2%2Fcomments&post=2517"}],"wp:featuredmedia":[{"embeddable":true,"href":"https:\/\/grandline.200.solutions\/index.php?rest_route=\/wp\/v2\/media\/2518"}],"wp:attachment":[{"href":"https:\/\/grandline.200.solutions\/index.php?rest_route=%2Fwp%2Fv2%2Fmedia&parent=2517"}],"wp:term":[{"taxonomy":"product_cat","embeddable":true,"href":"https:\/\/grandline.200.solutions\/index.php?rest_route=%2Fwp%2Fv2%2Fproduct_cat&post=2517"},{"taxonomy":"product_tag","embeddable":true,"href":"https:\/\/grandline.200.solutions\/index.php?rest_route=%2Fwp%2Fv2%2Fproduct_tag&post=2517"}],"curies":[{"name":"wp","href":"https:\/\/api.w.org\/{rel}","templated":true}]}}