{"id":2455,"date":"2024-11-09T09:29:42","date_gmt":"2024-11-09T08:29:42","guid":{"rendered":"https:\/\/grandline.200.solutions\/?post_type=product&#038;p=2455"},"modified":"2024-11-13T12:00:34","modified_gmt":"2024-11-13T11:00:34","slug":"one-piece-glitter-glamours-christmas-style-nami-2","status":"publish","type":"product","link":"https:\/\/grandline.200.solutions\/?product=one-piece-glitter-glamours-christmas-style-nami-2","title":{"rendered":"One Piece Ichiban Kuji Masterlise Expiece Future Island Egghead A Prize Monkey D. Luffy"},"content":{"rendered":"<div>\n<p style=\"font-weight: 400;\">Figurka <strong>One Piece Ichiban Kuji Masterlise Expiece Future Island Egghead A Prize Monkey D. Luffy<\/strong>zobrazuje Luffyho v jeho outfitu z Egghead Arcu, p\u0159ipraven\u00e9ho na nov\u00e9 dobrodru\u017estv\u00ed na futuristick\u00e9m ostrov\u011b. Tato figurka je sou\u010d\u00e1st\u00ed s\u00e9rie Masterlise Expiece a zd\u016fraz\u0148uje Luffyho odv\u00e1\u017enou osobnost a dynamick\u00fd postoj. Je to v\u00fdjime\u010dn\u00fd kousek, kter\u00fd by nem\u011bl chyb\u011bt ve sb\u00edrce \u017e\u00e1dn\u00e9ho fanou\u0161ka One Piece.<\/p>\n<\/div>\n<div>\n<p style=\"font-weight: 400;\"><strong>Vlastnosti: <\/strong><\/p>\n<p style=\"font-weight: 400;\">V\u00fd\u0161ka &#8211; 17 cm<\/p>\n<p style=\"font-weight: 400;\">Materi\u00e1l &#8211; PVC<\/p>\n<p style=\"font-weight: 400;\">Detailn\u00ed proveden\u00ed<\/p>\n<p style=\"font-weight: 400;\">Sb\u011bratelsk\u00e1 edice<\/p>\n<\/div>\n","protected":false},"excerpt":{"rendered":"<p style=\"font-weight: 400;\">Figurka <strong>One Piece Ichiban Kuji Masterlise Expiece Future Island Egghead A Prize Monkey D. Luffy<\/strong>zobrazuje Luffyho v jeho outfitu z Egghead Arcu, p\u0159ipraven\u00e9ho na nov\u00e9 dobrodru\u017estv\u00ed na futuristick\u00e9m ostrov\u011b. Tato figurka je sou\u010d\u00e1st\u00ed s\u00e9rie Masterlise Expiece a zd\u016fraz\u0148uje Luffyho odv\u00e1\u017enou osobnost a dynamick\u00fd postoj. Je to v\u00fdjime\u010dn\u00fd kousek, kter\u00fd by nem\u011bl chyb\u011bt ve sb\u00edrce \u017e\u00e1dn\u00e9ho fanou\u0161ka One Piece.<\/p>\n","protected":false},"featured_media":2457,"comment_status":"open","ping_status":"closed","template":"","meta":{"inline_featured_image":false},"product_cat":[77,60,74],"product_tag":[],"class_list":{"0":"post-2455","1":"product","2":"type-product","3":"status-publish","4":"has-post-thumbnail","6":"product_cat-bandai-spirits","7":"product_cat-figurky","8":"product_cat-one-piece","10":"first","11":"instock","12":"shipping-taxable","13":"purchasable","14":"product-type-simple"},"_links":{"self":[{"href":"https:\/\/grandline.200.solutions\/index.php?rest_route=\/wp\/v2\/product\/2455","targetHints":{"allow":["GET"]}}],"collection":[{"href":"https:\/\/grandline.200.solutions\/index.php?rest_route=\/wp\/v2\/product"}],"about":[{"href":"https:\/\/grandline.200.solutions\/index.php?rest_route=\/wp\/v2\/types\/product"}],"replies":[{"embeddable":true,"href":"https:\/\/grandline.200.solutions\/index.php?rest_route=%2Fwp%2Fv2%2Fcomments&post=2455"}],"wp:featuredmedia":[{"embeddable":true,"href":"https:\/\/grandline.200.solutions\/index.php?rest_route=\/wp\/v2\/media\/2457"}],"wp:attachment":[{"href":"https:\/\/grandline.200.solutions\/index.php?rest_route=%2Fwp%2Fv2%2Fmedia&parent=2455"}],"wp:term":[{"taxonomy":"product_cat","embeddable":true,"href":"https:\/\/grandline.200.solutions\/index.php?rest_route=%2Fwp%2Fv2%2Fproduct_cat&post=2455"},{"taxonomy":"product_tag","embeddable":true,"href":"https:\/\/grandline.200.solutions\/index.php?rest_route=%2Fwp%2Fv2%2Fproduct_tag&post=2455"}],"curies":[{"name":"wp","href":"https:\/\/api.w.org\/{rel}","templated":true}]}}