{"id":2448,"date":"2024-11-09T09:23:51","date_gmt":"2024-11-09T08:23:51","guid":{"rendered":"https:\/\/grandline.200.solutions\/?post_type=product&#038;p=2448"},"modified":"2024-11-13T12:00:40","modified_gmt":"2024-11-13T11:00:40","slug":"one-piece-glitter-glamours-christmas-style-nami","status":"publish","type":"product","link":"https:\/\/grandline.200.solutions\/?product=one-piece-glitter-glamours-christmas-style-nami","title":{"rendered":"One Piece Glitter &#038; Glamours Christmas Style Nami"},"content":{"rendered":"<p style=\"font-weight: 400;\">Figurka <strong>One Piece Glitter &amp; Glamours Christmas Style Nami<\/strong> zobrazuje Nami v jej\u00edm v\u00e1no\u010dn\u00edm kost\u00fdmku. Nami je zde zachycena v roztomil\u00e9 p\u00f3ze, kter\u00e1 zd\u016fraz\u0148uje jej\u00ed veselou a hravou povahu. Tento sb\u011bratelsk\u00fd kousek je ide\u00e1ln\u00ed pro ka\u017ed\u00e9ho fanou\u0161ka One Piece, kter\u00fd chce p\u0159idat do sv\u00e9 sb\u00edrky n\u011bco opravdu speci\u00e1ln\u00edho.<\/p>\n<p style=\"font-weight: 400;\"><strong>Vlastnosti: <\/strong><\/p>\n<p style=\"font-weight: 400;\">V\u00fd\u0161ka &#8211; 25 cm<\/p>\n<p style=\"font-weight: 400;\">Materi\u00e1l &#8211; PVC<\/p>\n<p style=\"font-weight: 400;\">Detailn\u00ed proveden\u00ed<\/p>\n<p style=\"font-weight: 400;\">Sb\u011bratelsk\u00e1 edice<\/p>\n","protected":false},"excerpt":{"rendered":"<p style=\"font-weight: 400;\">Figurka <strong>One Piece Glitter &amp; Glamours Christmas Style Nami<\/strong> zobrazuje Nami v jej\u00edm v\u00e1no\u010dn\u00edm kost\u00fdmku. Nami je zde zachycena v roztomil\u00e9 p\u00f3ze, kter\u00e1 zd\u016fraz\u0148uje jej\u00ed veselou a hravou povahu. Tento sb\u011bratelsk\u00fd kousek je ide\u00e1ln\u00ed pro ka\u017ed\u00e9ho fanou\u0161ka One Piece, kter\u00fd chce p\u0159idat do sv\u00e9 sb\u00edrky n\u011bco opravdu speci\u00e1ln\u00edho.<\/p>\n","protected":false},"featured_media":2449,"comment_status":"open","ping_status":"closed","template":"","meta":{"inline_featured_image":false},"product_cat":[77,60,74],"product_tag":[],"class_list":{"0":"post-2448","1":"product","2":"type-product","3":"status-publish","4":"has-post-thumbnail","6":"product_cat-bandai-spirits","7":"product_cat-figurky","8":"product_cat-one-piece","10":"first","11":"instock","12":"shipping-taxable","13":"purchasable","14":"product-type-simple"},"_links":{"self":[{"href":"https:\/\/grandline.200.solutions\/index.php?rest_route=\/wp\/v2\/product\/2448","targetHints":{"allow":["GET"]}}],"collection":[{"href":"https:\/\/grandline.200.solutions\/index.php?rest_route=\/wp\/v2\/product"}],"about":[{"href":"https:\/\/grandline.200.solutions\/index.php?rest_route=\/wp\/v2\/types\/product"}],"replies":[{"embeddable":true,"href":"https:\/\/grandline.200.solutions\/index.php?rest_route=%2Fwp%2Fv2%2Fcomments&post=2448"}],"wp:featuredmedia":[{"embeddable":true,"href":"https:\/\/grandline.200.solutions\/index.php?rest_route=\/wp\/v2\/media\/2449"}],"wp:attachment":[{"href":"https:\/\/grandline.200.solutions\/index.php?rest_route=%2Fwp%2Fv2%2Fmedia&parent=2448"}],"wp:term":[{"taxonomy":"product_cat","embeddable":true,"href":"https:\/\/grandline.200.solutions\/index.php?rest_route=%2Fwp%2Fv2%2Fproduct_cat&post=2448"},{"taxonomy":"product_tag","embeddable":true,"href":"https:\/\/grandline.200.solutions\/index.php?rest_route=%2Fwp%2Fv2%2Fproduct_tag&post=2448"}],"curies":[{"name":"wp","href":"https:\/\/api.w.org\/{rel}","templated":true}]}}