{"id":2440,"date":"2024-11-09T09:12:38","date_gmt":"2024-11-09T08:12:38","guid":{"rendered":"https:\/\/grandline.200.solutions\/?post_type=product&#038;p=2440"},"modified":"2024-11-13T12:00:52","modified_gmt":"2024-11-13T11:00:52","slug":"one-piece-senkou-zekkei-yamato","status":"publish","type":"product","link":"https:\/\/grandline.200.solutions\/?product=one-piece-senkou-zekkei-yamato","title":{"rendered":"One Piece Senkou Zekkei Yamato"},"content":{"rendered":"<p style=\"font-weight: 400;\">Figurka <strong>One Piece Senkou Zekkei Yamato<\/strong> zobrazuje Yamato, syna Kaidoua, v jeho ikonick\u00e9 p\u00f3ze. Tato figurka je detailn\u011b propracovan\u00e1 a v\u011brn\u011b zachycuje vzhled postavy z anime, v\u010detn\u011b jeho tradi\u010dn\u00edho oble\u010den\u00ed a v\u00fdrazn\u00e9ho vzhledu. Je to skv\u011bl\u00fd dopln\u011bk pro ka\u017ed\u00e9ho fanou\u0161ka One Piece.<\/p>\n<p style=\"font-weight: 400;\"><strong>Vlastnosti: <\/strong><\/p>\n<p style=\"font-weight: 400;\">V\u00fd\u0161ka &#8211; 11 cm<\/p>\n<p style=\"font-weight: 400;\">Materi\u00e1l &#8211; PVC<\/p>\n<p style=\"font-weight: 400;\">Detailn\u00ed proveden\u00ed<\/p>\n<p style=\"font-weight: 400;\">Sb\u011bratelsk\u00e1 edice<\/p>\n","protected":false},"excerpt":{"rendered":"<p style=\"font-weight: 400;\">Figurka <strong>One Piece Senkou Zekkei Yamato<\/strong> zobrazuje Yamato, syna Kaidoua, v jeho ikonick\u00e9 p\u00f3ze. Tato figurka je detailn\u011b propracovan\u00e1 a v\u011brn\u011b zachycuje vzhled postavy z anime, v\u010detn\u011b jeho tradi\u010dn\u00edho oble\u010den\u00ed a v\u00fdrazn\u00e9ho vzhledu. Je to skv\u011bl\u00fd dopln\u011bk pro ka\u017ed\u00e9ho fanou\u0161ka One Piece.<\/p>\n","protected":false},"featured_media":2441,"comment_status":"open","ping_status":"closed","template":"","meta":{"inline_featured_image":false},"product_cat":[77,60,74],"product_tag":[],"class_list":{"0":"post-2440","1":"product","2":"type-product","3":"status-publish","4":"has-post-thumbnail","6":"product_cat-bandai-spirits","7":"product_cat-figurky","8":"product_cat-one-piece","10":"first","11":"instock","12":"shipping-taxable","13":"purchasable","14":"product-type-simple"},"_links":{"self":[{"href":"https:\/\/grandline.200.solutions\/index.php?rest_route=\/wp\/v2\/product\/2440","targetHints":{"allow":["GET"]}}],"collection":[{"href":"https:\/\/grandline.200.solutions\/index.php?rest_route=\/wp\/v2\/product"}],"about":[{"href":"https:\/\/grandline.200.solutions\/index.php?rest_route=\/wp\/v2\/types\/product"}],"replies":[{"embeddable":true,"href":"https:\/\/grandline.200.solutions\/index.php?rest_route=%2Fwp%2Fv2%2Fcomments&post=2440"}],"wp:featuredmedia":[{"embeddable":true,"href":"https:\/\/grandline.200.solutions\/index.php?rest_route=\/wp\/v2\/media\/2441"}],"wp:attachment":[{"href":"https:\/\/grandline.200.solutions\/index.php?rest_route=%2Fwp%2Fv2%2Fmedia&parent=2440"}],"wp:term":[{"taxonomy":"product_cat","embeddable":true,"href":"https:\/\/grandline.200.solutions\/index.php?rest_route=%2Fwp%2Fv2%2Fproduct_cat&post=2440"},{"taxonomy":"product_tag","embeddable":true,"href":"https:\/\/grandline.200.solutions\/index.php?rest_route=%2Fwp%2Fv2%2Fproduct_tag&post=2440"}],"curies":[{"name":"wp","href":"https:\/\/api.w.org\/{rel}","templated":true}]}}