{"id":2416,"date":"2024-11-08T22:19:57","date_gmt":"2024-11-08T21:19:57","guid":{"rendered":"https:\/\/grandline.200.solutions\/?post_type=product&#038;p=2416"},"modified":"2024-11-13T12:01:15","modified_gmt":"2024-11-13T11:01:15","slug":"jojos-bizarre-adventure-stardust-crusaders-grandista-dio","status":"publish","type":"product","link":"https:\/\/grandline.200.solutions\/?product=jojos-bizarre-adventure-stardust-crusaders-grandista-dio","title":{"rendered":"JoJo&#8217;s Bizarre Adventure Stardust Crusaders Grandista Dio"},"content":{"rendered":"<p>Figurka <strong>JoJo&#8217;s Bizarre Adventure Stardust Crusaders Grandista Dio<\/strong>\u00a0 je impozantn\u00ed figurka, kter\u00e1 zachycuje Di\u016fv impozantn\u00ed a charakteristick\u00fd v\u00fdraz. Tento sb\u011bratelsk\u00fd kousek je perfektn\u00ed pro v\u0161echny fanou\u0161ky, kte\u0159\u00ed cht\u011bj\u00ed ve sv\u00e9 sb\u00edrce m\u00edt ikonick\u00e9ho padoucha.<\/p>\n<p><strong>Vlastnosti: <\/strong><\/p>\n<p>V\u00fd\u0161ka &#8211; 26 cm<\/p>\n<p>Materi\u00e1l &#8211; PVC<\/p>\n<p>Detailn\u00ed proveden\u00ed<\/p>\n<p>Sb\u011bratelsk\u00e1 edice<\/p>\n","protected":false},"excerpt":{"rendered":"<p>Figurka <strong>JoJo&#8217;s Bizarre Adventure Stardust Crusaders Grandista Dio<\/strong>\u00a0 je impozantn\u00ed figurka, kter\u00e1 zachycuje Di\u016fv impozantn\u00ed a charakteristick\u00fd v\u00fdraz. Tento sb\u011bratelsk\u00fd kousek je perfektn\u00ed pro v\u0161echny fanou\u0161ky, kte\u0159\u00ed cht\u011bj\u00ed ve sv\u00e9 sb\u00edrce m\u00edt ikonick\u00e9ho padoucha.<\/p>\n","protected":false},"featured_media":2417,"comment_status":"open","ping_status":"closed","template":"","meta":{"inline_featured_image":false},"product_cat":[77,60,69],"product_tag":[],"class_list":{"0":"post-2416","1":"product","2":"type-product","3":"status-publish","4":"has-post-thumbnail","6":"product_cat-bandai-spirits","7":"product_cat-figurky","8":"product_cat-jojos-bizarre-adventure","10":"first","11":"instock","12":"shipping-taxable","13":"purchasable","14":"product-type-simple"},"_links":{"self":[{"href":"https:\/\/grandline.200.solutions\/index.php?rest_route=\/wp\/v2\/product\/2416","targetHints":{"allow":["GET"]}}],"collection":[{"href":"https:\/\/grandline.200.solutions\/index.php?rest_route=\/wp\/v2\/product"}],"about":[{"href":"https:\/\/grandline.200.solutions\/index.php?rest_route=\/wp\/v2\/types\/product"}],"replies":[{"embeddable":true,"href":"https:\/\/grandline.200.solutions\/index.php?rest_route=%2Fwp%2Fv2%2Fcomments&post=2416"}],"wp:featuredmedia":[{"embeddable":true,"href":"https:\/\/grandline.200.solutions\/index.php?rest_route=\/wp\/v2\/media\/2417"}],"wp:attachment":[{"href":"https:\/\/grandline.200.solutions\/index.php?rest_route=%2Fwp%2Fv2%2Fmedia&parent=2416"}],"wp:term":[{"taxonomy":"product_cat","embeddable":true,"href":"https:\/\/grandline.200.solutions\/index.php?rest_route=%2Fwp%2Fv2%2Fproduct_cat&post=2416"},{"taxonomy":"product_tag","embeddable":true,"href":"https:\/\/grandline.200.solutions\/index.php?rest_route=%2Fwp%2Fv2%2Fproduct_tag&post=2416"}],"curies":[{"name":"wp","href":"https:\/\/api.w.org\/{rel}","templated":true}]}}