{"id":2407,"date":"2024-11-08T22:14:35","date_gmt":"2024-11-08T21:14:35","guid":{"rendered":"https:\/\/grandline.200.solutions\/?post_type=product&#038;p=2407"},"modified":"2024-11-12T13:27:20","modified_gmt":"2024-11-12T12:27:20","slug":"jujutsu-kaisen-tokyo-vs-kyoto-plakat","status":"publish","type":"product","link":"https:\/\/grandline.200.solutions\/?product=jujutsu-kaisen-tokyo-vs-kyoto-plakat","title":{"rendered":"Jujutsu Kaisen Tokyo vs Kyoto Plak\u00e1t"},"content":{"rendered":"<p>Plak\u00e1t<strong> Jujutsu Kaisen Tokyo vs Kyoto<\/strong> zobrazuje nap\u00ednav\u00fd souboj mezi studenty Jujutsu \u0161kol z Tokia a Kyota. Tento plak\u00e1t je ide\u00e1ln\u00ed pro fanou\u0161ky, kte\u0159\u00ed cht\u011bj\u00ed p\u0159idat do sv\u00e9ho prostoru v\u00fdrazn\u00fd a dynamick\u00fd prvek. Plak\u00e1t je opat\u0159en ochrannou vrstvou proti degradaci barev, co\u017e zaji\u0161\u0165uje jeho dlouhou \u017eivotnost.<\/p>\n<p><strong>Vlastnosti: <\/strong><\/p>\n<p>V\u00fd\u0161ka &#8211; 91,5 cm<\/p>\n<p>\u0160\u00ed\u0159ka &#8211; 61 cm<\/p>\n","protected":false},"excerpt":{"rendered":"<p>Plak\u00e1t<strong> Jujutsu Kaisen Tokyo vs Kyoto<\/strong> zobrazuje nap\u00ednav\u00fd souboj mezi studenty Jujutsu \u0161kol z Tokia a Kyota. Tento plak\u00e1t je ide\u00e1ln\u00ed pro fanou\u0161ky, kte\u0159\u00ed cht\u011bj\u00ed p\u0159idat do sv\u00e9ho prostoru v\u00fdrazn\u00fd a dynamick\u00fd prvek. Plak\u00e1t je opat\u0159en ochrannou vrstvou proti degradaci barev, co\u017e zaji\u0161\u0165uje jeho dlouhou \u017eivotnost.<\/p>\n","protected":false},"featured_media":2408,"comment_status":"open","ping_status":"closed","template":"","meta":{"inline_featured_image":false},"product_cat":[76,55,59],"product_tag":[],"class_list":{"0":"post-2407","1":"product","2":"type-product","3":"status-publish","4":"has-post-thumbnail","6":"product_cat-abystyle","7":"product_cat-jujutsu-kaisen","8":"product_cat-plakaty","10":"first","11":"outofstock","12":"shipping-taxable","13":"purchasable","14":"product-type-simple"},"_links":{"self":[{"href":"https:\/\/grandline.200.solutions\/index.php?rest_route=\/wp\/v2\/product\/2407","targetHints":{"allow":["GET"]}}],"collection":[{"href":"https:\/\/grandline.200.solutions\/index.php?rest_route=\/wp\/v2\/product"}],"about":[{"href":"https:\/\/grandline.200.solutions\/index.php?rest_route=\/wp\/v2\/types\/product"}],"replies":[{"embeddable":true,"href":"https:\/\/grandline.200.solutions\/index.php?rest_route=%2Fwp%2Fv2%2Fcomments&post=2407"}],"wp:featuredmedia":[{"embeddable":true,"href":"https:\/\/grandline.200.solutions\/index.php?rest_route=\/wp\/v2\/media\/2408"}],"wp:attachment":[{"href":"https:\/\/grandline.200.solutions\/index.php?rest_route=%2Fwp%2Fv2%2Fmedia&parent=2407"}],"wp:term":[{"taxonomy":"product_cat","embeddable":true,"href":"https:\/\/grandline.200.solutions\/index.php?rest_route=%2Fwp%2Fv2%2Fproduct_cat&post=2407"},{"taxonomy":"product_tag","embeddable":true,"href":"https:\/\/grandline.200.solutions\/index.php?rest_route=%2Fwp%2Fv2%2Fproduct_tag&post=2407"}],"curies":[{"name":"wp","href":"https:\/\/api.w.org\/{rel}","templated":true}]}}