{"id":2392,"date":"2024-11-08T22:08:31","date_gmt":"2024-11-08T21:08:31","guid":{"rendered":"https:\/\/grandline.200.solutions\/?post_type=product&#038;p=2392"},"modified":"2024-11-13T12:03:33","modified_gmt":"2024-11-13T11:03:33","slug":"jujutsu-kaisen-figurizm-alpha-gojo-satoru","status":"publish","type":"product","link":"https:\/\/grandline.200.solutions\/?product=jujutsu-kaisen-figurizm-alpha-gojo-satoru","title":{"rendered":"Jujutsu Kaisen Figurizm Alpha Gojo Satoru"},"content":{"rendered":"<p>Figurka <strong>Jujutsu Kaisen Figurizm Alpha Gojo Satoru <\/strong>zobrazuje Goja v t\u00e9to dynamick\u00e9 p\u00f3ze, b\u011bhem jeho impozantn\u00edho souboje. Tato figurka v\u011brn\u011b zachycuje jeho dynamickou p\u00f3zu, kter\u00e1 zd\u016fraz\u0148uje jeho s\u00edlu a charisma. Tento sb\u011bratelsk\u00fd kousek by nem\u011bl chyb\u011bt v \u017e\u00e1dn\u00e9 sb\u00edrce.<\/p>\n<p><strong>Vlastnosti: <\/strong><\/p>\n<p>V\u00fd\u0161ka &#8211; 24 cm<\/p>\n<p>Materi\u00e1l &#8211; PVC<\/p>\n<p>Detailn\u00ed proveden\u00ed<\/p>\n<p>Sb\u011bratelsk\u00e1 edice<\/p>\n","protected":false},"excerpt":{"rendered":"<p>Figurka <strong>Jujutsu Kaisen Figurizm Alpha Gojo Satoru <\/strong>zobrazuje Goja v t\u00e9to dynamick\u00e9 p\u00f3ze, b\u011bhem jeho impozantn\u00edho souboje. Tato figurka v\u011brn\u011b zachycuje jeho dynamickou p\u00f3zu, kter\u00e1 zd\u016fraz\u0148uje jeho s\u00edlu a charisma. Tento sb\u011bratelsk\u00fd kousek by nem\u011bl chyb\u011bt v \u017e\u00e1dn\u00e9 sb\u00edrce.<\/p>\n","protected":false},"featured_media":2398,"comment_status":"open","ping_status":"closed","template":"","meta":{"inline_featured_image":false},"product_cat":[60,55,94],"product_tag":[],"class_list":{"0":"post-2392","1":"product","2":"type-product","3":"status-publish","4":"has-post-thumbnail","6":"product_cat-figurky","7":"product_cat-jujutsu-kaisen","8":"product_cat-sega","10":"first","11":"instock","12":"shipping-taxable","13":"purchasable","14":"product-type-simple"},"_links":{"self":[{"href":"https:\/\/grandline.200.solutions\/index.php?rest_route=\/wp\/v2\/product\/2392","targetHints":{"allow":["GET"]}}],"collection":[{"href":"https:\/\/grandline.200.solutions\/index.php?rest_route=\/wp\/v2\/product"}],"about":[{"href":"https:\/\/grandline.200.solutions\/index.php?rest_route=\/wp\/v2\/types\/product"}],"replies":[{"embeddable":true,"href":"https:\/\/grandline.200.solutions\/index.php?rest_route=%2Fwp%2Fv2%2Fcomments&post=2392"}],"wp:featuredmedia":[{"embeddable":true,"href":"https:\/\/grandline.200.solutions\/index.php?rest_route=\/wp\/v2\/media\/2398"}],"wp:attachment":[{"href":"https:\/\/grandline.200.solutions\/index.php?rest_route=%2Fwp%2Fv2%2Fmedia&parent=2392"}],"wp:term":[{"taxonomy":"product_cat","embeddable":true,"href":"https:\/\/grandline.200.solutions\/index.php?rest_route=%2Fwp%2Fv2%2Fproduct_cat&post=2392"},{"taxonomy":"product_tag","embeddable":true,"href":"https:\/\/grandline.200.solutions\/index.php?rest_route=%2Fwp%2Fv2%2Fproduct_tag&post=2392"}],"curies":[{"name":"wp","href":"https:\/\/api.w.org\/{rel}","templated":true}]}}