{"id":2384,"date":"2024-11-08T21:42:56","date_gmt":"2024-11-08T20:42:56","guid":{"rendered":"https:\/\/grandline.200.solutions\/?post_type=product&#038;p=2384"},"modified":"2024-11-13T12:02:34","modified_gmt":"2024-11-13T11:02:34","slug":"jujutsu-kaisen-hidden-inventory-premature-death-figurizm-alpha-geto-suguru","status":"publish","type":"product","link":"https:\/\/grandline.200.solutions\/?product=jujutsu-kaisen-hidden-inventory-premature-death-figurizm-alpha-geto-suguru","title":{"rendered":"Jujutsu Kaisen Hidden Inventory \/ Premature Death Figurizm Alpha Geto Suguru"},"content":{"rendered":"<p>Figurka <strong>Jujutsu Kaisen Hidden Inventory \/ Premature Death Figurizm Alpha Geto Suguru<\/strong> zachycuje Geta z 2. s\u00e9rie Jujutsu Kaisen. Tato figurka v\u011brn\u011b reprodukuje jeho intenzivn\u00ed pohled a charismatickou auru, v\u010detn\u011b detail\u016f jeho proklet\u00e9 techniky. Je to skv\u011bl\u00fd dopln\u011bk pro ka\u017ed\u00e9ho fanou\u0161ka Jujutsu Kaisen, kter\u00fd chce m\u00edt tento epick\u00e1 kousek doma.<\/p>\n<p><strong>Vlastnosti: <\/strong><\/p>\n<p>V\u00fd\u0161ka &#8211; 25 cm<\/p>\n<p>Materi\u00e1l &#8211; PVC<\/p>\n<p>Detailn\u00ed proveden\u00ed<\/p>\n<p>Sb\u011bratelsk\u00e1 edice<\/p>\n","protected":false},"excerpt":{"rendered":"<p>Figurka <strong>Jujutsu Kaisen Hidden Inventory \/ Premature Death Figurizm Alpha Geto Suguru<\/strong> zachycuje Geta z 2. s\u00e9rie Jujutsu Kaisen. Tato figurka v\u011brn\u011b reprodukuje jeho intenzivn\u00ed pohled a charismatickou auru, v\u010detn\u011b detail\u016f jeho proklet\u00e9 techniky. Je to skv\u011bl\u00fd dopln\u011bk pro ka\u017ed\u00e9ho fanou\u0161ka Jujutsu Kaisen, kter\u00fd chce m\u00edt tento epick\u00e1 kousek doma.<\/p>\n","protected":false},"featured_media":2385,"comment_status":"open","ping_status":"closed","template":"","meta":{"inline_featured_image":false},"product_cat":[60,55,94],"product_tag":[],"class_list":{"0":"post-2384","1":"product","2":"type-product","3":"status-publish","4":"has-post-thumbnail","6":"product_cat-figurky","7":"product_cat-jujutsu-kaisen","8":"product_cat-sega","10":"first","11":"instock","12":"shipping-taxable","13":"purchasable","14":"product-type-simple"},"_links":{"self":[{"href":"https:\/\/grandline.200.solutions\/index.php?rest_route=\/wp\/v2\/product\/2384","targetHints":{"allow":["GET"]}}],"collection":[{"href":"https:\/\/grandline.200.solutions\/index.php?rest_route=\/wp\/v2\/product"}],"about":[{"href":"https:\/\/grandline.200.solutions\/index.php?rest_route=\/wp\/v2\/types\/product"}],"replies":[{"embeddable":true,"href":"https:\/\/grandline.200.solutions\/index.php?rest_route=%2Fwp%2Fv2%2Fcomments&post=2384"}],"wp:featuredmedia":[{"embeddable":true,"href":"https:\/\/grandline.200.solutions\/index.php?rest_route=\/wp\/v2\/media\/2385"}],"wp:attachment":[{"href":"https:\/\/grandline.200.solutions\/index.php?rest_route=%2Fwp%2Fv2%2Fmedia&parent=2384"}],"wp:term":[{"taxonomy":"product_cat","embeddable":true,"href":"https:\/\/grandline.200.solutions\/index.php?rest_route=%2Fwp%2Fv2%2Fproduct_cat&post=2384"},{"taxonomy":"product_tag","embeddable":true,"href":"https:\/\/grandline.200.solutions\/index.php?rest_route=%2Fwp%2Fv2%2Fproduct_tag&post=2384"}],"curies":[{"name":"wp","href":"https:\/\/api.w.org\/{rel}","templated":true}]}}