{"id":2377,"date":"2024-11-08T21:41:10","date_gmt":"2024-11-08T20:41:10","guid":{"rendered":"https:\/\/grandline.200.solutions\/?post_type=product&#038;p=2377"},"modified":"2024-11-13T12:02:40","modified_gmt":"2024-11-13T11:02:40","slug":"jujutsu-kaisen-shibuya-incident-figurizm-alpha-fushiguro-megumi","status":"publish","type":"product","link":"https:\/\/grandline.200.solutions\/?product=jujutsu-kaisen-shibuya-incident-figurizm-alpha-fushiguro-megumi","title":{"rendered":"Jujutsu Kaisen Shibuya Incident Figurizm Alpha Fushiguro Megumi"},"content":{"rendered":"<p>Figurka <strong>Jujutsu Kaisen Shibuya Incident Figurizm Alpha Fushiguro Megumi<\/strong> zachycuje Megumiho v jeho ikonick\u00e9 bojov\u00e9 p\u00f3ze, p\u0159ipraven\u00e9ho \u010delit Tojimu (lze k n\u011bmu tuto figurku dokoupit, \u010d\u00edm\u017e vytvo\u0159\u00edte kompletn\u00ed sc\u00e9nu). Tato figurka je detailn\u011b propracovan\u00e1 a v\u011brn\u011b zachycuje vzhled postavy z anime. Je to skv\u011bl\u00fd dopln\u011bk pro ka\u017ed\u00e9ho fanou\u0161ka Jujutsu Kaisen.<\/p>\n<p><b>Vlastnosti:\u00a0<\/b><\/p>\n<p><span style=\"font-weight: 400;\">V\u00fd\u0161ka &#8211; 20 cm<\/span><\/p>\n<p><span style=\"font-weight: 400;\">Materi\u00e1l &#8211; PVC<\/span><\/p>\n<p><span style=\"font-weight: 400;\">Detailn\u00ed proveden\u00ed<\/span><\/p>\n<p><span style=\"font-weight: 400;\">Sb\u011bratelsk\u00e1 edice<\/span><\/p>\n","protected":false},"excerpt":{"rendered":"<p>Figurka <strong>Jujutsu Kaisen Shibuya Incident Figurizm Alpha Fushiguro Megumi<\/strong> zachycuje Megumiho v jeho ikonick\u00e9 bojov\u00e9 p\u00f3ze, p\u0159ipraven\u00e9ho \u010delit Tojimu (lze k n\u011bmu tuto figurku dokoupit, \u010d\u00edm\u017e vytvo\u0159\u00edte kompletn\u00ed sc\u00e9nu). Tato figurka je detailn\u011b propracovan\u00e1 a v\u011brn\u011b zachycuje vzhled postavy z anime. Je to skv\u011bl\u00fd dopln\u011bk pro ka\u017ed\u00e9ho fanou\u0161ka Jujutsu Kaisen.<\/p>\n","protected":false},"featured_media":2379,"comment_status":"open","ping_status":"closed","template":"","meta":{"inline_featured_image":false},"product_cat":[60,55,94],"product_tag":[],"class_list":{"0":"post-2377","1":"product","2":"type-product","3":"status-publish","4":"has-post-thumbnail","6":"product_cat-figurky","7":"product_cat-jujutsu-kaisen","8":"product_cat-sega","10":"first","11":"instock","12":"shipping-taxable","13":"purchasable","14":"product-type-simple"},"_links":{"self":[{"href":"https:\/\/grandline.200.solutions\/index.php?rest_route=\/wp\/v2\/product\/2377","targetHints":{"allow":["GET"]}}],"collection":[{"href":"https:\/\/grandline.200.solutions\/index.php?rest_route=\/wp\/v2\/product"}],"about":[{"href":"https:\/\/grandline.200.solutions\/index.php?rest_route=\/wp\/v2\/types\/product"}],"replies":[{"embeddable":true,"href":"https:\/\/grandline.200.solutions\/index.php?rest_route=%2Fwp%2Fv2%2Fcomments&post=2377"}],"wp:featuredmedia":[{"embeddable":true,"href":"https:\/\/grandline.200.solutions\/index.php?rest_route=\/wp\/v2\/media\/2379"}],"wp:attachment":[{"href":"https:\/\/grandline.200.solutions\/index.php?rest_route=%2Fwp%2Fv2%2Fmedia&parent=2377"}],"wp:term":[{"taxonomy":"product_cat","embeddable":true,"href":"https:\/\/grandline.200.solutions\/index.php?rest_route=%2Fwp%2Fv2%2Fproduct_cat&post=2377"},{"taxonomy":"product_tag","embeddable":true,"href":"https:\/\/grandline.200.solutions\/index.php?rest_route=%2Fwp%2Fv2%2Fproduct_tag&post=2377"}],"curies":[{"name":"wp","href":"https:\/\/api.w.org\/{rel}","templated":true}]}}