{"id":2357,"date":"2024-11-08T21:35:23","date_gmt":"2024-11-08T20:35:23","guid":{"rendered":"https:\/\/grandline.200.solutions\/?post_type=product&#038;p=2357"},"modified":"2024-11-13T12:02:57","modified_gmt":"2024-11-13T11:02:57","slug":"jujutsu-kaisen-season-2-jurei-bukiko-luminasta-rinsen-fushiguro-toji","status":"publish","type":"product","link":"https:\/\/grandline.200.solutions\/?product=jujutsu-kaisen-season-2-jurei-bukiko-luminasta-rinsen-fushiguro-toji","title":{"rendered":"Jujutsu Kaisen Season 2 Jurei (Bukiko) Luminasta Rinsen Fushiguro Toji"},"content":{"rendered":"<p>Figurka <strong>Jujutsu Kaisen Season 2 Jurei (Bukiko) Luminasta Rinsen Fushiguro Toji<\/strong> zachycuje Tojiho p\u0159ipraven\u00e9ho k boji. Detailn\u00ed zpracov\u00e1n\u00ed zahrnuje realistick\u00e9 textury na oble\u010den\u00ed a jemn\u00e9 detaily na obli\u010deji, kter\u00e9 v\u011brn\u011b zachycuj\u00ed Tojiho vzhled. Figurka je navr\u017eena tak, aby vypadala p\u016fsobiv\u011b a dynamicky, co\u017e ji \u010din\u00ed skv\u011bl\u00fdm dopl\u0148kem pro ka\u017ed\u00e9ho fanou\u0161ka Jujutsu Kaisen.<\/p>\n<p><strong>Vlastnosti: <\/strong><\/p>\n<p>V\u00fd\u0161ka &#8211; 21 cm<\/p>\n<p>Materi\u00e1l &#8211; PVC<\/p>\n<p>Detailn\u00ed proveden\u00ed<\/p>\n<p>Sb\u011bratelsk\u00e1 edice<\/p>\n","protected":false},"excerpt":{"rendered":"<p>Figurka <strong>Jujutsu Kaisen Season 2 Jurei (Bukiko) Luminasta Rinsen Fushiguro Toji<\/strong> zachycuje Tojiho p\u0159ipraven\u00e9ho k boji. Detailn\u00ed zpracov\u00e1n\u00ed zahrnuje realistick\u00e9 textury na oble\u010den\u00ed a jemn\u00e9 detaily na obli\u010deji, kter\u00e9 v\u011brn\u011b zachycuj\u00ed Tojiho vzhled. Figurka je navr\u017eena tak, aby vypadala p\u016fsobiv\u011b a dynamicky, co\u017e ji \u010din\u00ed skv\u011bl\u00fdm dopl\u0148kem pro ka\u017ed\u00e9ho fanou\u0161ka Jujutsu Kaisen.<\/p>\n","protected":false},"featured_media":2359,"comment_status":"open","ping_status":"closed","template":"","meta":{"inline_featured_image":false},"product_cat":[60,55,94],"product_tag":[],"class_list":{"0":"post-2357","1":"product","2":"type-product","3":"status-publish","4":"has-post-thumbnail","6":"product_cat-figurky","7":"product_cat-jujutsu-kaisen","8":"product_cat-sega","10":"first","11":"instock","12":"shipping-taxable","13":"purchasable","14":"product-type-simple"},"_links":{"self":[{"href":"https:\/\/grandline.200.solutions\/index.php?rest_route=\/wp\/v2\/product\/2357","targetHints":{"allow":["GET"]}}],"collection":[{"href":"https:\/\/grandline.200.solutions\/index.php?rest_route=\/wp\/v2\/product"}],"about":[{"href":"https:\/\/grandline.200.solutions\/index.php?rest_route=\/wp\/v2\/types\/product"}],"replies":[{"embeddable":true,"href":"https:\/\/grandline.200.solutions\/index.php?rest_route=%2Fwp%2Fv2%2Fcomments&post=2357"}],"wp:featuredmedia":[{"embeddable":true,"href":"https:\/\/grandline.200.solutions\/index.php?rest_route=\/wp\/v2\/media\/2359"}],"wp:attachment":[{"href":"https:\/\/grandline.200.solutions\/index.php?rest_route=%2Fwp%2Fv2%2Fmedia&parent=2357"}],"wp:term":[{"taxonomy":"product_cat","embeddable":true,"href":"https:\/\/grandline.200.solutions\/index.php?rest_route=%2Fwp%2Fv2%2Fproduct_cat&post=2357"},{"taxonomy":"product_tag","embeddable":true,"href":"https:\/\/grandline.200.solutions\/index.php?rest_route=%2Fwp%2Fv2%2Fproduct_tag&post=2357"}],"curies":[{"name":"wp","href":"https:\/\/api.w.org\/{rel}","templated":true}]}}