{"id":2354,"date":"2024-11-08T21:33:17","date_gmt":"2024-11-08T20:33:17","guid":{"rendered":"https:\/\/grandline.200.solutions\/?post_type=product&#038;p=2354"},"modified":"2024-11-13T12:03:02","modified_gmt":"2024-11-13T11:03:02","slug":"jujutsu-kaisen-ichiban-kuji-shin-d-prize-gojo-satoru","status":"publish","type":"product","link":"https:\/\/grandline.200.solutions\/?product=jujutsu-kaisen-ichiban-kuji-shin-d-prize-gojo-satoru","title":{"rendered":"Jujutsu Kaisen Ichiban Kuji ~Shin~ D Prize Gojo Satoru"},"content":{"rendered":"<p>Figurka <strong>Jujutsu Kaisen Ichiban Kuji ~Shin~ D Prize Gojo Satoru<\/strong> zachycuje Goja v jeho ikonick\u00e9m vzhledu s p\u00e1skou p\u0159es o\u010di. Sou\u010d\u00e1st\u00ed balen\u00ed je druh\u00e1 vym\u011bniteln\u00e1 hlava bez p\u00e1sky p\u0159es o\u010di. Detailn\u00ed zpracov\u00e1n\u00ed zahrnuje realistick\u00e9 textury na oble\u010den\u00ed a jemn\u00e9 detaily na obli\u010deji, kter\u00e9 v\u011brn\u011b zachycuj\u00ed Gojovu charismatickou osobnost. Figurka je navr\u017eena tak, aby vypadala dynamicky a p\u016fsobiv\u011b, co\u017e ji \u010din\u00ed skv\u011bl\u00fdm dopl\u0148kem pro ka\u017ed\u00e9ho fanou\u0161ka Jujutsu Kaisen.<\/p>\n<p><strong>Vlastnosti: <\/strong><\/p>\n<p>V\u00fd\u0161ka &#8211; 21 cm<\/p>\n<p>Materi\u00e1l &#8211; PVC<\/p>\n<p>Detailn\u00ed proveden\u00ed<\/p>\n<p>Sb\u011bratelsk\u00e1 edice<\/p>\n","protected":false},"excerpt":{"rendered":"<p>Figurka <strong>Jujutsu Kaisen Ichiban Kuji ~Shin~ D Prize Gojo Satoru<\/strong> zachycuje Goja v jeho ikonick\u00e9m vzhledu s p\u00e1skou p\u0159es o\u010di. Sou\u010d\u00e1st\u00ed balen\u00ed je druh\u00e1 vym\u011bniteln\u00e1 hlava bez p\u00e1sky p\u0159es o\u010di. Detailn\u00ed zpracov\u00e1n\u00ed zahrnuje realistick\u00e9 textury na oble\u010den\u00ed a jemn\u00e9 detaily na obli\u010deji, kter\u00e9 v\u011brn\u011b zachycuj\u00ed Gojovu charismatickou osobnost. Figurka je navr\u017eena tak, aby vypadala dynamicky a p\u016fsobiv\u011b, co\u017e ji \u010din\u00ed skv\u011bl\u00fdm dopl\u0148kem pro ka\u017ed\u00e9ho fanou\u0161ka Jujutsu Kaisen.<\/p>\n","protected":false},"featured_media":2356,"comment_status":"open","ping_status":"closed","template":"","meta":{"inline_featured_image":false},"product_cat":[77,60,55],"product_tag":[],"class_list":{"0":"post-2354","1":"product","2":"type-product","3":"status-publish","4":"has-post-thumbnail","6":"product_cat-bandai-spirits","7":"product_cat-figurky","8":"product_cat-jujutsu-kaisen","10":"first","11":"instock","12":"shipping-taxable","13":"purchasable","14":"product-type-simple"},"_links":{"self":[{"href":"https:\/\/grandline.200.solutions\/index.php?rest_route=\/wp\/v2\/product\/2354","targetHints":{"allow":["GET"]}}],"collection":[{"href":"https:\/\/grandline.200.solutions\/index.php?rest_route=\/wp\/v2\/product"}],"about":[{"href":"https:\/\/grandline.200.solutions\/index.php?rest_route=\/wp\/v2\/types\/product"}],"replies":[{"embeddable":true,"href":"https:\/\/grandline.200.solutions\/index.php?rest_route=%2Fwp%2Fv2%2Fcomments&post=2354"}],"wp:featuredmedia":[{"embeddable":true,"href":"https:\/\/grandline.200.solutions\/index.php?rest_route=\/wp\/v2\/media\/2356"}],"wp:attachment":[{"href":"https:\/\/grandline.200.solutions\/index.php?rest_route=%2Fwp%2Fv2%2Fmedia&parent=2354"}],"wp:term":[{"taxonomy":"product_cat","embeddable":true,"href":"https:\/\/grandline.200.solutions\/index.php?rest_route=%2Fwp%2Fv2%2Fproduct_cat&post=2354"},{"taxonomy":"product_tag","embeddable":true,"href":"https:\/\/grandline.200.solutions\/index.php?rest_route=%2Fwp%2Fv2%2Fproduct_tag&post=2354"}],"curies":[{"name":"wp","href":"https:\/\/api.w.org\/{rel}","templated":true}]}}