{"id":2350,"date":"2024-11-08T21:31:07","date_gmt":"2024-11-08T20:31:07","guid":{"rendered":"https:\/\/grandline.200.solutions\/?post_type=product&#038;p=2350"},"modified":"2024-11-13T12:03:09","modified_gmt":"2024-11-13T11:03:09","slug":"jujutsu-kaisen-break-time-collection-vol-1-itadori-yuji","status":"publish","type":"product","link":"https:\/\/grandline.200.solutions\/?product=jujutsu-kaisen-break-time-collection-vol-1-itadori-yuji","title":{"rendered":"Jujutsu Kaisen Break Time Collection Vol. 1 Itadori Yuji"},"content":{"rendered":"<p>Figurka <strong>Jujutsu Kaisen Break Time Collection Vol. 1 Itadori Yuji<\/strong> zachycuje Yujiho b\u011bhem kr\u00e1tk\u00e9 p\u0159est\u00e1vky. V t\u00e9to verzi je Yuji zobrazen v sed\u00edc\u00ed pozici, jakoby si pr\u00e1v\u011b odpo\u010dinul po n\u00e1ro\u010dn\u00e9m boji. Jeho v\u00fdraz a postoj dokonale vystihuj\u00ed jeho odhodl\u00e1n\u00ed a energii, p\u0159ipravenou kdykoli znovu zas\u00e1hnout. Detailn\u00ed zpracov\u00e1n\u00ed zahrnuje realistick\u00e9 textury na oble\u010den\u00ed a jemn\u00e9 detaily na obli\u010deji, kter\u00e9 v\u011brn\u011b zachycuj\u00ed Yujiho charismatickou osobnost. Perfektn\u00ed do sb\u00edrky ka\u017ed\u00e9ho sb\u011bratele.<\/p>\n<p><strong>Vlastnosti: <\/strong><\/p>\n<p>V\u00fd\u0161ka &#8211; 11 cm<\/p>\n<p>Materi\u00e1l &#8211; PVC<\/p>\n<p>Detailn\u00ed proveden\u00ed<\/p>\n<p>Sb\u011bratelsk\u00e1 edice<\/p>\n","protected":false},"excerpt":{"rendered":"<p>Figurka <strong>Jujutsu Kaisen Break Time Collection Vol. 1 Itadori Yuji<\/strong> zachycuje Yujiho b\u011bhem kr\u00e1tk\u00e9 p\u0159est\u00e1vky. V t\u00e9to verzi je Yuji zobrazen v sed\u00edc\u00ed pozici, jakoby si pr\u00e1v\u011b odpo\u010dinul po n\u00e1ro\u010dn\u00e9m boji. Jeho v\u00fdraz a postoj dokonale vystihuj\u00ed jeho odhodl\u00e1n\u00ed a energii, p\u0159ipravenou kdykoli znovu zas\u00e1hnout. Detailn\u00ed zpracov\u00e1n\u00ed zahrnuje realistick\u00e9 textury na oble\u010den\u00ed a jemn\u00e9 detaily na obli\u010deji, kter\u00e9 v\u011brn\u011b zachycuj\u00ed Yujiho charismatickou osobnost. Perfektn\u00ed do sb\u00edrky ka\u017ed\u00e9ho sb\u011bratele.<\/p>\n","protected":false},"featured_media":2353,"comment_status":"open","ping_status":"closed","template":"","meta":{"inline_featured_image":false},"product_cat":[77,60,55],"product_tag":[],"class_list":{"0":"post-2350","1":"product","2":"type-product","3":"status-publish","4":"has-post-thumbnail","6":"product_cat-bandai-spirits","7":"product_cat-figurky","8":"product_cat-jujutsu-kaisen","10":"first","11":"instock","12":"shipping-taxable","13":"purchasable","14":"product-type-simple"},"_links":{"self":[{"href":"https:\/\/grandline.200.solutions\/index.php?rest_route=\/wp\/v2\/product\/2350","targetHints":{"allow":["GET"]}}],"collection":[{"href":"https:\/\/grandline.200.solutions\/index.php?rest_route=\/wp\/v2\/product"}],"about":[{"href":"https:\/\/grandline.200.solutions\/index.php?rest_route=\/wp\/v2\/types\/product"}],"replies":[{"embeddable":true,"href":"https:\/\/grandline.200.solutions\/index.php?rest_route=%2Fwp%2Fv2%2Fcomments&post=2350"}],"wp:featuredmedia":[{"embeddable":true,"href":"https:\/\/grandline.200.solutions\/index.php?rest_route=\/wp\/v2\/media\/2353"}],"wp:attachment":[{"href":"https:\/\/grandline.200.solutions\/index.php?rest_route=%2Fwp%2Fv2%2Fmedia&parent=2350"}],"wp:term":[{"taxonomy":"product_cat","embeddable":true,"href":"https:\/\/grandline.200.solutions\/index.php?rest_route=%2Fwp%2Fv2%2Fproduct_cat&post=2350"},{"taxonomy":"product_tag","embeddable":true,"href":"https:\/\/grandline.200.solutions\/index.php?rest_route=%2Fwp%2Fv2%2Fproduct_tag&post=2350"}],"curies":[{"name":"wp","href":"https:\/\/api.w.org\/{rel}","templated":true}]}}