{"id":2337,"date":"2024-11-08T21:27:45","date_gmt":"2024-11-08T20:27:45","guid":{"rendered":"https:\/\/grandline.200.solutions\/?post_type=product&#038;p=2337"},"modified":"2024-11-13T12:05:12","modified_gmt":"2024-11-13T11:05:12","slug":"jujutsu-kaisen-king-of-artist-sukuna","status":"publish","type":"product","link":"https:\/\/grandline.200.solutions\/?product=jujutsu-kaisen-king-of-artist-sukuna","title":{"rendered":"Jujutsu Kaisen King of Artist Sukuna"},"content":{"rendered":"<p>Figurka<strong> Jujutsu Kaisen King of Artist Sukuna<\/strong> zachycuje Sukunu v jeho b\u00edlomodr\u00e9 r\u00f3b\u011b se zlov\u011bstn\u00fdm \u00fa\u0161klebkem, kter\u00fd odr\u00e1\u017e\u00ed jeho krutou povahu. Tato figurka je detailn\u011b zpracovan\u00e1 a je skv\u011bl\u00fdm dopl\u0148kem pro ka\u017ed\u00e9ho fanou\u0161ka t\u00e9to s\u00e9rie.<\/p>\n<p><strong>Vlastnosti: <\/strong><\/p>\n<p>V\u00fd\u0161ka &#8211; 20 cm<\/p>\n<p>Materi\u00e1l &#8211; PVC<\/p>\n<p>Detailn\u00ed proveden\u00ed<\/p>\n<p>Sb\u011bratelsk\u00e1 edice<\/p>\n","protected":false},"excerpt":{"rendered":"<p>Figurka<strong> Jujutsu Kaisen King of Artist Sukuna<\/strong> zachycuje Sukunu v jeho b\u00edlomodr\u00e9 r\u00f3b\u011b se zlov\u011bstn\u00fdm \u00fa\u0161klebkem, kter\u00fd odr\u00e1\u017e\u00ed jeho krutou povahu. Tato figurka je detailn\u011b zpracovan\u00e1 a je skv\u011bl\u00fdm dopl\u0148kem pro ka\u017ed\u00e9ho fanou\u0161ka t\u00e9to s\u00e9rie.<\/p>\n","protected":false},"featured_media":2338,"comment_status":"open","ping_status":"closed","template":"","meta":{"inline_featured_image":false},"product_cat":[77,60,55],"product_tag":[],"class_list":{"0":"post-2337","1":"product","2":"type-product","3":"status-publish","4":"has-post-thumbnail","6":"product_cat-bandai-spirits","7":"product_cat-figurky","8":"product_cat-jujutsu-kaisen","10":"first","11":"instock","12":"shipping-taxable","13":"purchasable","14":"product-type-simple"},"_links":{"self":[{"href":"https:\/\/grandline.200.solutions\/index.php?rest_route=\/wp\/v2\/product\/2337","targetHints":{"allow":["GET"]}}],"collection":[{"href":"https:\/\/grandline.200.solutions\/index.php?rest_route=\/wp\/v2\/product"}],"about":[{"href":"https:\/\/grandline.200.solutions\/index.php?rest_route=\/wp\/v2\/types\/product"}],"replies":[{"embeddable":true,"href":"https:\/\/grandline.200.solutions\/index.php?rest_route=%2Fwp%2Fv2%2Fcomments&post=2337"}],"wp:featuredmedia":[{"embeddable":true,"href":"https:\/\/grandline.200.solutions\/index.php?rest_route=\/wp\/v2\/media\/2338"}],"wp:attachment":[{"href":"https:\/\/grandline.200.solutions\/index.php?rest_route=%2Fwp%2Fv2%2Fmedia&parent=2337"}],"wp:term":[{"taxonomy":"product_cat","embeddable":true,"href":"https:\/\/grandline.200.solutions\/index.php?rest_route=%2Fwp%2Fv2%2Fproduct_cat&post=2337"},{"taxonomy":"product_tag","embeddable":true,"href":"https:\/\/grandline.200.solutions\/index.php?rest_route=%2Fwp%2Fv2%2Fproduct_tag&post=2337"}],"curies":[{"name":"wp","href":"https:\/\/api.w.org\/{rel}","templated":true}]}}