{"id":2332,"date":"2024-11-08T21:20:11","date_gmt":"2024-11-08T20:20:11","guid":{"rendered":"https:\/\/grandline.200.solutions\/?post_type=product&#038;p=2332"},"modified":"2024-11-13T12:05:19","modified_gmt":"2024-11-13T11:05:19","slug":"jujutsu-kaisen-luminasta-joint-struggle-nanami-kento","status":"publish","type":"product","link":"https:\/\/grandline.200.solutions\/?product=jujutsu-kaisen-luminasta-joint-struggle-nanami-kento","title":{"rendered":"Jujutsu Kaisen Luminasta Joint Struggle Nanami Kento"},"content":{"rendered":"<p>Figurka <strong>Jujutsu Kaisen Luminasta Joint Struggle Nanami Kento<\/strong> z popul\u00e1rn\u00edho anime Jujutsu Kaisen zachycuje Nanamiho v bojov\u00e9 pozici, obklopen\u00e9ho prokletou energi\u00ed a p\u0159ipraven\u00e9ho pou\u017e\u00edt svou zbra\u0148. S dynamick\u00fdm postojem a detailn\u00edm zpracov\u00e1n\u00edm je tato figurka skv\u011bl\u00fdm dopl\u0148kem pro ka\u017ed\u00e9ho fanou\u0161ka Jujutsu Kaisen. Tento kousek by nem\u011bl chyb\u011bt ve va\u0161\u00ed sb\u00edrce.<\/p>\n<p><strong>Vlastnosti: <\/strong><\/p>\n<p>V\u00fd\u0161ka &#8211; 17 cm<\/p>\n<p>Materi\u00e1l &#8211; PVC<\/p>\n<p>Detailn\u00ed proveden\u00ed<\/p>\n<p>Sb\u011bratelsk\u00e1 edice<\/p>\n","protected":false},"excerpt":{"rendered":"<p>Figurka <strong>Jujutsu Kaisen Luminasta Joint Struggle Nanami Kento<\/strong> z popul\u00e1rn\u00edho anime Jujutsu Kaisen zachycuje Nanamiho v bojov\u00e9 pozici, obklopen\u00e9ho prokletou energi\u00ed a p\u0159ipraven\u00e9ho pou\u017e\u00edt svou zbra\u0148. S dynamick\u00fdm postojem a detailn\u00edm zpracov\u00e1n\u00edm je tato figurka skv\u011bl\u00fdm dopl\u0148kem pro ka\u017ed\u00e9ho fanou\u0161ka Jujutsu Kaisen. Tento kousek by nem\u011bl chyb\u011bt ve va\u0161\u00ed sb\u00edrce.<\/p>\n","protected":false},"featured_media":2333,"comment_status":"open","ping_status":"closed","template":"","meta":{"inline_featured_image":false},"product_cat":[60,55,94],"product_tag":[],"class_list":{"0":"post-2332","1":"product","2":"type-product","3":"status-publish","4":"has-post-thumbnail","6":"product_cat-figurky","7":"product_cat-jujutsu-kaisen","8":"product_cat-sega","10":"first","11":"instock","12":"shipping-taxable","13":"purchasable","14":"product-type-simple"},"_links":{"self":[{"href":"https:\/\/grandline.200.solutions\/index.php?rest_route=\/wp\/v2\/product\/2332","targetHints":{"allow":["GET"]}}],"collection":[{"href":"https:\/\/grandline.200.solutions\/index.php?rest_route=\/wp\/v2\/product"}],"about":[{"href":"https:\/\/grandline.200.solutions\/index.php?rest_route=\/wp\/v2\/types\/product"}],"replies":[{"embeddable":true,"href":"https:\/\/grandline.200.solutions\/index.php?rest_route=%2Fwp%2Fv2%2Fcomments&post=2332"}],"wp:featuredmedia":[{"embeddable":true,"href":"https:\/\/grandline.200.solutions\/index.php?rest_route=\/wp\/v2\/media\/2333"}],"wp:attachment":[{"href":"https:\/\/grandline.200.solutions\/index.php?rest_route=%2Fwp%2Fv2%2Fmedia&parent=2332"}],"wp:term":[{"taxonomy":"product_cat","embeddable":true,"href":"https:\/\/grandline.200.solutions\/index.php?rest_route=%2Fwp%2Fv2%2Fproduct_cat&post=2332"},{"taxonomy":"product_tag","embeddable":true,"href":"https:\/\/grandline.200.solutions\/index.php?rest_route=%2Fwp%2Fv2%2Fproduct_tag&post=2332"}],"curies":[{"name":"wp","href":"https:\/\/api.w.org\/{rel}","templated":true}]}}