{"id":2317,"date":"2024-11-08T20:21:46","date_gmt":"2024-11-08T19:21:46","guid":{"rendered":"https:\/\/grandline.200.solutions\/?post_type=product&#038;p=2317"},"modified":"2024-11-13T12:05:58","modified_gmt":"2024-11-13T11:05:58","slug":"naruto-shippuden-pop-color-naruto-magnet","status":"publish","type":"product","link":"https:\/\/grandline.200.solutions\/?product=naruto-shippuden-pop-color-naruto-magnet","title":{"rendered":"Naruto Shippuden POP Color Naruto Magnet"},"content":{"rendered":"<p style=\"font-weight: 400;\">Magnet<strong> Naruto Shippuden POP Color Naruto <\/strong>je stylov\u00fd a praktick\u00fd dopln\u011bk pro ka\u017ed\u00e9ho milovn\u00edka t\u00e9to anime s\u00e9rie. Tento magnet je ide\u00e1ln\u00ed pro um\u00edst\u011bn\u00ed na lednici, tabuli nebo jak\u00fdkoli kovov\u00fd povrch.<\/p>\n<p style=\"font-weight: 400;\"><strong>Vlastnosti: <\/strong><\/p>\n<p style=\"font-weight: 400;\">V\u00fd\u0161ka &#8211; 8 cm<\/p>\n<p style=\"font-weight: 400;\">\u0160\u00ed\u0159ka &#8211; 5,5 cm<\/p>\n","protected":false},"excerpt":{"rendered":"<p style=\"font-weight: 400;\">Magnet<strong> Naruto Shippuden POP Color Naruto <\/strong>je stylov\u00fd a praktick\u00fd dopln\u011bk pro ka\u017ed\u00e9ho milovn\u00edka t\u00e9to anime s\u00e9rie. Tento magnet je ide\u00e1ln\u00ed pro um\u00edst\u011bn\u00ed na lednici, tabuli nebo jak\u00fdkoli kovov\u00fd povrch.<\/p>\n","protected":false},"featured_media":2318,"comment_status":"open","ping_status":"closed","template":"","meta":{"inline_featured_image":false},"product_cat":[76,57,73],"product_tag":[],"class_list":{"0":"post-2317","1":"product","2":"type-product","3":"status-publish","4":"has-post-thumbnail","6":"product_cat-abystyle","7":"product_cat-magnetky","8":"product_cat-naruto","10":"first","11":"instock","12":"shipping-taxable","13":"purchasable","14":"product-type-simple"},"_links":{"self":[{"href":"https:\/\/grandline.200.solutions\/index.php?rest_route=\/wp\/v2\/product\/2317","targetHints":{"allow":["GET"]}}],"collection":[{"href":"https:\/\/grandline.200.solutions\/index.php?rest_route=\/wp\/v2\/product"}],"about":[{"href":"https:\/\/grandline.200.solutions\/index.php?rest_route=\/wp\/v2\/types\/product"}],"replies":[{"embeddable":true,"href":"https:\/\/grandline.200.solutions\/index.php?rest_route=%2Fwp%2Fv2%2Fcomments&post=2317"}],"wp:featuredmedia":[{"embeddable":true,"href":"https:\/\/grandline.200.solutions\/index.php?rest_route=\/wp\/v2\/media\/2318"}],"wp:attachment":[{"href":"https:\/\/grandline.200.solutions\/index.php?rest_route=%2Fwp%2Fv2%2Fmedia&parent=2317"}],"wp:term":[{"taxonomy":"product_cat","embeddable":true,"href":"https:\/\/grandline.200.solutions\/index.php?rest_route=%2Fwp%2Fv2%2Fproduct_cat&post=2317"},{"taxonomy":"product_tag","embeddable":true,"href":"https:\/\/grandline.200.solutions\/index.php?rest_route=%2Fwp%2Fv2%2Fproduct_tag&post=2317"}],"curies":[{"name":"wp","href":"https:\/\/api.w.org\/{rel}","templated":true}]}}