{"id":2315,"date":"2024-11-08T20:19:17","date_gmt":"2024-11-08T19:19:17","guid":{"rendered":"https:\/\/grandline.200.solutions\/?post_type=product&#038;p=2315"},"modified":"2024-11-13T12:06:11","modified_gmt":"2024-11-13T11:06:11","slug":"naruto-shippuden-20-years-anniversary-plakat","status":"publish","type":"product","link":"https:\/\/grandline.200.solutions\/?product=naruto-shippuden-20-years-anniversary-plakat","title":{"rendered":"Naruto Shippuden 20 years anniversary Plak\u00e1t"},"content":{"rendered":"<p style=\"font-weight: 400;\">Plak\u00e1t<strong> Naruto Shippuden 20 years anniversary<\/strong> oslavuje 20. v\u00fdro\u010d\u00ed vyd\u00e1n\u00ed mangy Naruto. Design plak\u00e1tu je speci\u00e1ln\u011b vytvo\u0159en\u00fd k tomuto jubileu a p\u0159in\u00e1\u0161\u00ed nostalgii pro v\u0161echny fanou\u0161ky s\u00e9rie. Plak\u00e1t je opat\u0159en ochrannou vrstvou proti degradaci barev, co\u017e zaji\u0161\u0165uje jeho dlouhou \u017eivotnost.<\/p>\n<p style=\"font-weight: 400;\"><strong>Vlastnosti: <\/strong><\/p>\n<p style=\"font-weight: 400;\">V\u00fd\u0161ka &#8211; 91,5 cm<\/p>\n<p style=\"font-weight: 400;\">\u0160\u00ed\u0159ka &#8211; 61 cm<\/p>\n","protected":false},"excerpt":{"rendered":"<p style=\"font-weight: 400;\">Plak\u00e1t<strong> Naruto Shippuden 20 years anniversary<\/strong> oslavuje 20. v\u00fdro\u010d\u00ed vyd\u00e1n\u00ed mangy Naruto. Design plak\u00e1tu je speci\u00e1ln\u011b vytvo\u0159en\u00fd k tomuto jubileu a p\u0159in\u00e1\u0161\u00ed nostalgii pro v\u0161echny fanou\u0161ky s\u00e9rie. Plak\u00e1t je opat\u0159en ochrannou vrstvou proti degradaci barev, co\u017e zaji\u0161\u0165uje jeho dlouhou \u017eivotnost.<\/p>\n","protected":false},"featured_media":2316,"comment_status":"open","ping_status":"closed","template":"","meta":{"inline_featured_image":false},"product_cat":[76,73,59],"product_tag":[],"class_list":{"0":"post-2315","1":"product","2":"type-product","3":"status-publish","4":"has-post-thumbnail","6":"product_cat-abystyle","7":"product_cat-naruto","8":"product_cat-plakaty","10":"first","11":"instock","12":"shipping-taxable","13":"purchasable","14":"product-type-simple"},"_links":{"self":[{"href":"https:\/\/grandline.200.solutions\/index.php?rest_route=\/wp\/v2\/product\/2315","targetHints":{"allow":["GET"]}}],"collection":[{"href":"https:\/\/grandline.200.solutions\/index.php?rest_route=\/wp\/v2\/product"}],"about":[{"href":"https:\/\/grandline.200.solutions\/index.php?rest_route=\/wp\/v2\/types\/product"}],"replies":[{"embeddable":true,"href":"https:\/\/grandline.200.solutions\/index.php?rest_route=%2Fwp%2Fv2%2Fcomments&post=2315"}],"wp:featuredmedia":[{"embeddable":true,"href":"https:\/\/grandline.200.solutions\/index.php?rest_route=\/wp\/v2\/media\/2316"}],"wp:attachment":[{"href":"https:\/\/grandline.200.solutions\/index.php?rest_route=%2Fwp%2Fv2%2Fmedia&parent=2315"}],"wp:term":[{"taxonomy":"product_cat","embeddable":true,"href":"https:\/\/grandline.200.solutions\/index.php?rest_route=%2Fwp%2Fv2%2Fproduct_cat&post=2315"},{"taxonomy":"product_tag","embeddable":true,"href":"https:\/\/grandline.200.solutions\/index.php?rest_route=%2Fwp%2Fv2%2Fproduct_tag&post=2315"}],"curies":[{"name":"wp","href":"https:\/\/api.w.org\/{rel}","templated":true}]}}