{"id":2306,"date":"2024-11-08T20:17:33","date_gmt":"2024-11-08T19:17:33","guid":{"rendered":"https:\/\/grandline.200.solutions\/?post_type=product&#038;p=2306"},"modified":"2024-11-13T12:06:25","modified_gmt":"2024-11-13T11:06:25","slug":"naruto-shippuden-yondaime-hokage-cestovni-hrnek","status":"publish","type":"product","link":"https:\/\/grandline.200.solutions\/?product=naruto-shippuden-yondaime-hokage-cestovni-hrnek","title":{"rendered":"Naruto Shippuden Yondaime Hokage Cestovn\u00ed hrnek"},"content":{"rendered":"<p style=\"font-weight: 400;\">Cestovn\u00ed hrnek <strong>Naruto Shippuden Yondaime Hokage <\/strong>je inspirovan\u00fd pl\u00e1\u0161t\u011bm \u010dtvrt\u00e9ho Hokage, Minata Namikaze. Tento cestovn\u00ed hrnek je ide\u00e1ln\u00ed pro fanou\u0161ky anime s\u00e9rie Naruto.<\/p>\n<p style=\"font-weight: 400;\"><strong>Vlastnosti: <\/strong><\/p>\n<p>Objem &#8211; 355 ml<\/p>\n<p style=\"font-weight: 400;\">Materi\u00e1l &#8211; Plast<\/p>\n<p style=\"font-weight: 400;\">Nen\u00ed vhodn\u00e1 do mikrovlnn\u00e9 trouby a my\u010dky n\u00e1dob\u00ed<\/p>\n","protected":false},"excerpt":{"rendered":"<p>Cestovn\u00ed hrnek <strong>Naruto Shippuden Yondaime Hokage <\/strong>je inspirovan\u00fd pl\u00e1\u0161t\u011bm \u010dtvrt\u00e9ho Hokage, Minata Namikaze. Tento cestovn\u00ed hrnek je ide\u00e1ln\u00ed pro fanou\u0161ky anime s\u00e9rie Naruto.<\/p>\n","protected":false},"featured_media":2312,"comment_status":"open","ping_status":"closed","template":"","meta":{"inline_featured_image":false},"product_cat":[76,58,73],"product_tag":[],"class_list":{"0":"post-2306","1":"product","2":"type-product","3":"status-publish","4":"has-post-thumbnail","6":"product_cat-abystyle","7":"product_cat-nadobi","8":"product_cat-naruto","10":"first","11":"instock","12":"shipping-taxable","13":"purchasable","14":"product-type-simple"},"_links":{"self":[{"href":"https:\/\/grandline.200.solutions\/index.php?rest_route=\/wp\/v2\/product\/2306","targetHints":{"allow":["GET"]}}],"collection":[{"href":"https:\/\/grandline.200.solutions\/index.php?rest_route=\/wp\/v2\/product"}],"about":[{"href":"https:\/\/grandline.200.solutions\/index.php?rest_route=\/wp\/v2\/types\/product"}],"replies":[{"embeddable":true,"href":"https:\/\/grandline.200.solutions\/index.php?rest_route=%2Fwp%2Fv2%2Fcomments&post=2306"}],"wp:featuredmedia":[{"embeddable":true,"href":"https:\/\/grandline.200.solutions\/index.php?rest_route=\/wp\/v2\/media\/2312"}],"wp:attachment":[{"href":"https:\/\/grandline.200.solutions\/index.php?rest_route=%2Fwp%2Fv2%2Fmedia&parent=2306"}],"wp:term":[{"taxonomy":"product_cat","embeddable":true,"href":"https:\/\/grandline.200.solutions\/index.php?rest_route=%2Fwp%2Fv2%2Fproduct_cat&post=2306"},{"taxonomy":"product_tag","embeddable":true,"href":"https:\/\/grandline.200.solutions\/index.php?rest_route=%2Fwp%2Fv2%2Fproduct_tag&post=2306"}],"curies":[{"name":"wp","href":"https:\/\/api.w.org\/{rel}","templated":true}]}}