{"id":2299,"date":"2024-11-08T20:15:12","date_gmt":"2024-11-08T19:15:12","guid":{"rendered":"https:\/\/grandline.200.solutions\/?post_type=product&#038;p=2299"},"modified":"2024-11-13T12:06:49","modified_gmt":"2024-11-13T11:06:49","slug":"naruto-shippuden-characters-talire","status":"publish","type":"product","link":"https:\/\/grandline.200.solutions\/?product=naruto-shippuden-characters-talire","title":{"rendered":"Naruto Shippuden Characters Tal\u00ed\u0159e"},"content":{"rendered":"<p style=\"font-weight: 400;\">Sada \u010dty\u0159 tal\u00ed\u0159\u016f <strong>Naruto Shippuden Characters<\/strong> je stylov\u00fdm dopl\u0148kem pro ka\u017ed\u00e9ho fanou\u0161ka s\u00e9rie Naruto. Tyto tal\u00ed\u0159e maj\u00ed na sob\u011b motivy Kakashiho, Naruta, Sasukeho a Sakury. Tal\u00ed\u0159e jsou vhodn\u00e9 do mikrovlnn\u00e9 trouby i my\u010dky n\u00e1dob\u00ed, co\u017e je \u010din\u00ed praktick\u00fdmi pro ka\u017edodenn\u00ed pou\u017eit\u00ed.<\/p>\n<p style=\"font-weight: 400;\"><strong>Vlastnosti: <\/strong><\/p>\n<p>Pr\u016fm\u011br &#8211; 21 cm<\/p>\n<p style=\"font-weight: 400;\">Materi\u00e1l &#8211; Porcel\u00e1n<\/p>\n<p style=\"font-weight: 400;\">Vhodn\u00fd do my\u010dky a mikrovlnky<\/p>\n","protected":false},"excerpt":{"rendered":"<p style=\"font-weight: 400;\">Sada \u010dty\u0159 tal\u00ed\u0159\u016f <strong>Naruto Shippuden Characters<\/strong> je stylov\u00fdm dopl\u0148kem pro ka\u017ed\u00e9ho fanou\u0161ka s\u00e9rie Naruto. Tyto tal\u00ed\u0159e maj\u00ed na sob\u011b motivy Kakashiho, Naruta, Sasukeho a Sakury. Tal\u00ed\u0159e jsou vhodn\u00e9 do mikrovlnn\u00e9 trouby i my\u010dky n\u00e1dob\u00ed, co\u017e je \u010din\u00ed praktick\u00fdmi pro ka\u017edodenn\u00ed pou\u017eit\u00ed.<\/p>\n","protected":false},"featured_media":2305,"comment_status":"open","ping_status":"closed","template":"","meta":{"inline_featured_image":false},"product_cat":[76,58,73],"product_tag":[],"class_list":{"0":"post-2299","1":"product","2":"type-product","3":"status-publish","4":"has-post-thumbnail","6":"product_cat-abystyle","7":"product_cat-nadobi","8":"product_cat-naruto","10":"first","11":"instock","12":"shipping-taxable","13":"purchasable","14":"product-type-simple"},"_links":{"self":[{"href":"https:\/\/grandline.200.solutions\/index.php?rest_route=\/wp\/v2\/product\/2299","targetHints":{"allow":["GET"]}}],"collection":[{"href":"https:\/\/grandline.200.solutions\/index.php?rest_route=\/wp\/v2\/product"}],"about":[{"href":"https:\/\/grandline.200.solutions\/index.php?rest_route=\/wp\/v2\/types\/product"}],"replies":[{"embeddable":true,"href":"https:\/\/grandline.200.solutions\/index.php?rest_route=%2Fwp%2Fv2%2Fcomments&post=2299"}],"wp:featuredmedia":[{"embeddable":true,"href":"https:\/\/grandline.200.solutions\/index.php?rest_route=\/wp\/v2\/media\/2305"}],"wp:attachment":[{"href":"https:\/\/grandline.200.solutions\/index.php?rest_route=%2Fwp%2Fv2%2Fmedia&parent=2299"}],"wp:term":[{"taxonomy":"product_cat","embeddable":true,"href":"https:\/\/grandline.200.solutions\/index.php?rest_route=%2Fwp%2Fv2%2Fproduct_cat&post=2299"},{"taxonomy":"product_tag","embeddable":true,"href":"https:\/\/grandline.200.solutions\/index.php?rest_route=%2Fwp%2Fv2%2Fproduct_tag&post=2299"}],"curies":[{"name":"wp","href":"https:\/\/api.w.org\/{rel}","templated":true}]}}