{"id":2293,"date":"2024-11-08T20:12:30","date_gmt":"2024-11-08T19:12:30","guid":{"rendered":"https:\/\/grandline.200.solutions\/?post_type=product&#038;p=2293"},"modified":"2024-11-13T12:07:05","modified_gmt":"2024-11-13T11:07:05","slug":"naruto-shippuden-konoha-ponozky","status":"publish","type":"product","link":"https:\/\/grandline.200.solutions\/?product=naruto-shippuden-konoha-ponozky","title":{"rendered":"Naruto Shippuden Konoha Pono\u017eky"},"content":{"rendered":"<p style=\"font-weight: 400;\">Pono\u017eky <strong>Naruto Shippuden Konoha<\/strong> jsou stylov\u00fdm dopl\u0148kem pro ka\u017ed\u00e9ho fanou\u0161ka s\u00e9rie Naruto. Tyto \u010dernooran\u017eov\u00e9 pono\u017eky maj\u00ed vysoce kvalitn\u00ed v\u00fd\u0161ivku s motivem Konohy, Listov\u00e9 vesnice. Jsou vyrobeny z kombinace bavlny, polyesteru a elastanu, co\u017e zaji\u0161\u0165uje pohodln\u00e9 no\u0161en\u00ed. Pono\u017eky jsou univerz\u00e1ln\u00ed velikosti, tak\u017ee padnou v\u011bt\u0161in\u011b lid\u00ed.<\/p>\n<p style=\"font-weight: 400;\"><strong>Vlastnosti: <\/strong><\/p>\n<p style=\"font-weight: 400;\">Materi\u00e1l &#8211; Bavlna, polyester a elastan<\/p>\n<p style=\"font-weight: 400;\">Jeden p\u00e1r<\/p>\n<p style=\"font-weight: 400;\">Jedna velikost<\/p>\n","protected":false},"excerpt":{"rendered":"<p style=\"font-weight: 400;\">Pono\u017eky <strong>Naruto Shippuden Konoha<\/strong> jsou stylov\u00fdm dopl\u0148kem pro ka\u017ed\u00e9ho fanou\u0161ka s\u00e9rie Naruto. Tyto \u010dernooran\u017eov\u00e9 pono\u017eky maj\u00ed vysoce kvalitn\u00ed v\u00fd\u0161ivku s motivem Konohy, Listov\u00e9 vesnice. Jsou vyrobeny z kombinace bavlny, polyesteru a elastanu, co\u017e zaji\u0161\u0165uje pohodln\u00e9 no\u0161en\u00ed. Pono\u017eky jsou univerz\u00e1ln\u00ed velikosti, tak\u017ee padnou v\u011bt\u0161in\u011b lid\u00ed.<\/p>\n","protected":false},"featured_media":2294,"comment_status":"open","ping_status":"closed","template":"","meta":{"inline_featured_image":false},"product_cat":[76,38,73,97],"product_tag":[],"class_list":{"0":"post-2293","1":"product","2":"type-product","3":"status-publish","4":"has-post-thumbnail","6":"product_cat-abystyle","7":"product_cat-anime","8":"product_cat-naruto","9":"product_cat-ponozky","11":"first","12":"instock","13":"shipping-taxable","14":"purchasable","15":"product-type-simple"},"_links":{"self":[{"href":"https:\/\/grandline.200.solutions\/index.php?rest_route=\/wp\/v2\/product\/2293","targetHints":{"allow":["GET"]}}],"collection":[{"href":"https:\/\/grandline.200.solutions\/index.php?rest_route=\/wp\/v2\/product"}],"about":[{"href":"https:\/\/grandline.200.solutions\/index.php?rest_route=\/wp\/v2\/types\/product"}],"replies":[{"embeddable":true,"href":"https:\/\/grandline.200.solutions\/index.php?rest_route=%2Fwp%2Fv2%2Fcomments&post=2293"}],"wp:featuredmedia":[{"embeddable":true,"href":"https:\/\/grandline.200.solutions\/index.php?rest_route=\/wp\/v2\/media\/2294"}],"wp:attachment":[{"href":"https:\/\/grandline.200.solutions\/index.php?rest_route=%2Fwp%2Fv2%2Fmedia&parent=2293"}],"wp:term":[{"taxonomy":"product_cat","embeddable":true,"href":"https:\/\/grandline.200.solutions\/index.php?rest_route=%2Fwp%2Fv2%2Fproduct_cat&post=2293"},{"taxonomy":"product_tag","embeddable":true,"href":"https:\/\/grandline.200.solutions\/index.php?rest_route=%2Fwp%2Fv2%2Fproduct_tag&post=2293"}],"curies":[{"name":"wp","href":"https:\/\/api.w.org\/{rel}","templated":true}]}}