{"id":2288,"date":"2024-11-08T20:17:12","date_gmt":"2024-11-08T19:17:12","guid":{"rendered":"https:\/\/grandline.200.solutions\/?post_type=product&#038;p=2288"},"modified":"2024-11-13T12:06:37","modified_gmt":"2024-11-13T11:06:37","slug":"jujutsu-kaisen-juhai-no-jutsu-zenin-maki","status":"publish","type":"product","link":"https:\/\/grandline.200.solutions\/?product=jujutsu-kaisen-juhai-no-jutsu-zenin-maki","title":{"rendered":"Jujutsu Kaisen Juhai no Jutsu  Zenin Maki"},"content":{"rendered":"<p>Figurka <strong>Jujutsu Kaisen Juhai no Jutsu Zenin Maki<\/strong> je detailn\u011b zpracovan\u00e1 a inspirovan\u00e1 popul\u00e1rn\u00edm anime Jujutsu Kaisen. Maki Zenin je zobrazen\u00e1 v dynamick\u00e9 bojov\u00e9 p\u00f3ze s jej\u00ed charickteristickou zbran\u00ed. Tento kousek ide\u00e1ln\u00ed pro sb\u011bratele a fanou\u0161ky Jujutsu Kaisen.<\/p>\n<p><strong>Vlastnosti: <\/strong><\/p>\n<p>V\u00fd\u0161ka &#8211; 15 cm<\/p>\n<p>Materi\u00e1l &#8211; PVC<\/p>\n<p>Detailn\u00ed proveden\u00ed<\/p>\n<p>Sb\u011bratelsk\u00e1 edice<\/p>\n","protected":false},"excerpt":{"rendered":"<p>Figurka <strong>Jujutsu Kaisen Juhai no Jutsu Zenin Maki<\/strong> je detailn\u011b zpracovan\u00e1 a inspirovan\u00e1 popul\u00e1rn\u00edm anime Jujutsu Kaisen. Maki Zenin je zobrazen\u00e1 v dynamick\u00e9 bojov\u00e9 p\u00f3ze s jej\u00ed charickteristickou zbran\u00ed. Tento kousek ide\u00e1ln\u00ed pro sb\u011bratele a fanou\u0161ky Jujutsu Kaisen.<\/p>\n","protected":false},"featured_media":2307,"comment_status":"open","ping_status":"closed","template":"","meta":{"inline_featured_image":false},"product_cat":[77,60,55],"product_tag":[],"class_list":{"0":"post-2288","1":"product","2":"type-product","3":"status-publish","4":"has-post-thumbnail","6":"product_cat-bandai-spirits","7":"product_cat-figurky","8":"product_cat-jujutsu-kaisen","10":"first","11":"instock","12":"shipping-taxable","13":"purchasable","14":"product-type-simple"},"_links":{"self":[{"href":"https:\/\/grandline.200.solutions\/index.php?rest_route=\/wp\/v2\/product\/2288","targetHints":{"allow":["GET"]}}],"collection":[{"href":"https:\/\/grandline.200.solutions\/index.php?rest_route=\/wp\/v2\/product"}],"about":[{"href":"https:\/\/grandline.200.solutions\/index.php?rest_route=\/wp\/v2\/types\/product"}],"replies":[{"embeddable":true,"href":"https:\/\/grandline.200.solutions\/index.php?rest_route=%2Fwp%2Fv2%2Fcomments&post=2288"}],"wp:featuredmedia":[{"embeddable":true,"href":"https:\/\/grandline.200.solutions\/index.php?rest_route=\/wp\/v2\/media\/2307"}],"wp:attachment":[{"href":"https:\/\/grandline.200.solutions\/index.php?rest_route=%2Fwp%2Fv2%2Fmedia&parent=2288"}],"wp:term":[{"taxonomy":"product_cat","embeddable":true,"href":"https:\/\/grandline.200.solutions\/index.php?rest_route=%2Fwp%2Fv2%2Fproduct_cat&post=2288"},{"taxonomy":"product_tag","embeddable":true,"href":"https:\/\/grandline.200.solutions\/index.php?rest_route=%2Fwp%2Fv2%2Fproduct_tag&post=2288"}],"curies":[{"name":"wp","href":"https:\/\/api.w.org\/{rel}","templated":true}]}}