{"id":2287,"date":"2024-11-08T20:10:23","date_gmt":"2024-11-08T19:10:23","guid":{"rendered":"https:\/\/grandline.200.solutions\/?post_type=product&#038;p=2287"},"modified":"2024-11-13T12:07:13","modified_gmt":"2024-11-13T11:07:13","slug":"naruto-shippuden-replica-nocni-cepice","status":"publish","type":"product","link":"https:\/\/grandline.200.solutions\/?product=naruto-shippuden-replica-nocni-cepice","title":{"rendered":"Naruto Shippuden Replica No\u010dn\u00ed \u010cepice"},"content":{"rendered":"<p style=\"font-weight: 400;\">No\u010dn\u00ed \u010depice <strong>Naruto Shippuden Replica<\/strong> je ofici\u00e1ln\u00ed replikou no\u010dn\u00ed \u010depice, kterou nos\u00ed Naruto Uzumaki. Je navr\u017eena tak, aby byla pohodln\u00e1 a vhodn\u00e1 pro v\u0161echny velikosti. Skv\u011bl\u00fd dopln\u011bk pro ka\u017ed\u00e9ho fanou\u0161ka s\u00e9rie Naruto, kter\u00fd chce sp\u00e1t stejn\u011b pohodln\u011b jako Naruto p\u0159ed mis\u00ed.<\/p>\n<p style=\"font-weight: 400;\"><strong>Vlastnosti: <\/strong><\/p>\n<p style=\"font-weight: 400;\">Materi\u00e1l &#8211; Akryl<\/p>\n","protected":false},"excerpt":{"rendered":"<p style=\"font-weight: 400;\">No\u010dn\u00ed \u010depice <strong>Naruto Shippuden Replica<\/strong> je ofici\u00e1ln\u00ed replikou no\u010dn\u00ed \u010depice, kterou nos\u00ed Naruto Uzumaki. Je navr\u017eena tak, aby byla pohodln\u00e1 a vhodn\u00e1 pro v\u0161echny velikosti. Skv\u011bl\u00fd dopln\u011bk pro ka\u017ed\u00e9ho fanou\u0161ka s\u00e9rie Naruto, kter\u00fd chce sp\u00e1t stejn\u011b pohodln\u011b jako Naruto p\u0159ed mis\u00ed.<\/p>\n","protected":false},"featured_media":2290,"comment_status":"open","ping_status":"closed","template":"","meta":{"inline_featured_image":false},"product_cat":[76,64,73],"product_tag":[],"class_list":{"0":"post-2287","1":"product","2":"type-product","3":"status-publish","4":"has-post-thumbnail","6":"product_cat-abystyle","7":"product_cat-cepice","8":"product_cat-naruto","10":"first","11":"instock","12":"shipping-taxable","13":"purchasable","14":"product-type-simple"},"_links":{"self":[{"href":"https:\/\/grandline.200.solutions\/index.php?rest_route=\/wp\/v2\/product\/2287","targetHints":{"allow":["GET"]}}],"collection":[{"href":"https:\/\/grandline.200.solutions\/index.php?rest_route=\/wp\/v2\/product"}],"about":[{"href":"https:\/\/grandline.200.solutions\/index.php?rest_route=\/wp\/v2\/types\/product"}],"replies":[{"embeddable":true,"href":"https:\/\/grandline.200.solutions\/index.php?rest_route=%2Fwp%2Fv2%2Fcomments&post=2287"}],"wp:featuredmedia":[{"embeddable":true,"href":"https:\/\/grandline.200.solutions\/index.php?rest_route=\/wp\/v2\/media\/2290"}],"wp:attachment":[{"href":"https:\/\/grandline.200.solutions\/index.php?rest_route=%2Fwp%2Fv2%2Fmedia&parent=2287"}],"wp:term":[{"taxonomy":"product_cat","embeddable":true,"href":"https:\/\/grandline.200.solutions\/index.php?rest_route=%2Fwp%2Fv2%2Fproduct_cat&post=2287"},{"taxonomy":"product_tag","embeddable":true,"href":"https:\/\/grandline.200.solutions\/index.php?rest_route=%2Fwp%2Fv2%2Fproduct_tag&post=2287"}],"curies":[{"name":"wp","href":"https:\/\/api.w.org\/{rel}","templated":true}]}}