{"id":2274,"date":"2024-11-08T20:08:20","date_gmt":"2024-11-08T19:08:20","guid":{"rendered":"https:\/\/grandline.200.solutions\/?post_type=product&#038;p=2274"},"modified":"2024-11-13T12:07:48","modified_gmt":"2024-11-13T11:07:48","slug":"naruto-shippuden-premium-darkovy-set","status":"publish","type":"product","link":"https:\/\/grandline.200.solutions\/?product=naruto-shippuden-premium-darkovy-set","title":{"rendered":"Naruto Shippuden Premium D\u00e1rkov\u00fd set"},"content":{"rendered":"<p style=\"font-weight: 400;\">D\u00e1rkov\u00fd set <strong>Naruto Shippuden Premium<\/strong> obsahuje skleni\u010dku, 3D hrnek a kl\u00ed\u010denku. Sklenice a 3D hrnek jsou zdobeny logem Konohy a pe\u010det\u00ed, hrnek m\u00e1 nav\u00edc stylovou kunai \u00fachytku a kl\u00ed\u010denka je ve tvaru Konohy. Tento set je ide\u00e1ln\u00edm d\u00e1rkem pro ka\u017ed\u00e9ho fanou\u0161ka anime s\u00e9rie Naruto.<\/p>\n<p style=\"font-weight: 400;\"><strong>Vlastnosti: <\/strong><\/p>\n<p style=\"font-weight: 400;\">Objem 3D hrnku &#8211; 460 ml<\/p>\n<p style=\"font-weight: 400;\">Objem sklenice &#8211; 400 ml<\/p>\n<p style=\"font-weight: 400;\">Kl\u00ed\u010denka z kvalitn\u00edho kovu<\/p>\n","protected":false},"excerpt":{"rendered":"<p style=\"font-weight: 400;\">D\u00e1rkov\u00fd set <strong>Naruto Shippuden Premium<\/strong> obsahuje skleni\u010dku, 3D hrnek a kl\u00ed\u010denku. Sklenice a 3D hrnek jsou zdobeny logem Konohy a pe\u010det\u00ed, hrnek m\u00e1 nav\u00edc stylovou kunai \u00fachytku a kl\u00ed\u010denka je ve tvaru Konohy. Tento set je ide\u00e1ln\u00edm d\u00e1rkem pro ka\u017ed\u00e9ho fanou\u0161ka anime s\u00e9rie Naruto.<\/p>\n","protected":false},"featured_media":2276,"comment_status":"open","ping_status":"closed","template":"","meta":{"inline_featured_image":false},"product_cat":[76,102,99,58,73],"product_tag":[],"class_list":{"0":"post-2274","1":"product","2":"type-product","3":"status-publish","4":"has-post-thumbnail","6":"product_cat-abystyle","7":"product_cat-darkove-sety","8":"product_cat-klicenky","9":"product_cat-nadobi","10":"product_cat-naruto","12":"first","13":"instock","14":"shipping-taxable","15":"purchasable","16":"product-type-simple"},"_links":{"self":[{"href":"https:\/\/grandline.200.solutions\/index.php?rest_route=\/wp\/v2\/product\/2274","targetHints":{"allow":["GET"]}}],"collection":[{"href":"https:\/\/grandline.200.solutions\/index.php?rest_route=\/wp\/v2\/product"}],"about":[{"href":"https:\/\/grandline.200.solutions\/index.php?rest_route=\/wp\/v2\/types\/product"}],"replies":[{"embeddable":true,"href":"https:\/\/grandline.200.solutions\/index.php?rest_route=%2Fwp%2Fv2%2Fcomments&post=2274"}],"wp:featuredmedia":[{"embeddable":true,"href":"https:\/\/grandline.200.solutions\/index.php?rest_route=\/wp\/v2\/media\/2276"}],"wp:attachment":[{"href":"https:\/\/grandline.200.solutions\/index.php?rest_route=%2Fwp%2Fv2%2Fmedia&parent=2274"}],"wp:term":[{"taxonomy":"product_cat","embeddable":true,"href":"https:\/\/grandline.200.solutions\/index.php?rest_route=%2Fwp%2Fv2%2Fproduct_cat&post=2274"},{"taxonomy":"product_tag","embeddable":true,"href":"https:\/\/grandline.200.solutions\/index.php?rest_route=%2Fwp%2Fv2%2Fproduct_tag&post=2274"}],"curies":[{"name":"wp","href":"https:\/\/api.w.org\/{rel}","templated":true}]}}