{"id":2247,"date":"2024-11-08T19:53:58","date_gmt":"2024-11-08T18:53:58","guid":{"rendered":"https:\/\/grandline.200.solutions\/?post_type=product&#038;p=2247"},"modified":"2024-11-13T12:08:36","modified_gmt":"2024-11-13T11:08:36","slug":"naruto-icha-icha-paradise-a5-zapisnik","status":"publish","type":"product","link":"https:\/\/grandline.200.solutions\/?product=naruto-icha-icha-paradise-a5-zapisnik","title":{"rendered":"Naruto Icha Icha Paradise A5 Z\u00e1pisn\u00edk"},"content":{"rendered":"<p style=\"font-weight: 400;\">Z\u00e1pisn\u00edk <strong>Naruto Icha Icha Paradise A5<\/strong> je ide\u00e1ln\u00ed pro ka\u017ed\u00e9ho fanou\u0161ka s\u00e9rie Naruto. Tento z\u00e1pisn\u00edk m\u00e1 tvrd\u00e9 desky s matn\u00fdm povrchem a z\u00e1lo\u017ekou pro snadn\u00e9 ozna\u010den\u00ed str\u00e1nek. Ob\u00e1lka je stylizovan\u00e1 do obl\u00edben\u00e9ho rom\u00e1nu Kakashiho, napsan\u00e9ho Jiriyou, co\u017e dod\u00e1v\u00e1 z\u00e1pisn\u00edku jedine\u010dn\u00fd vzhled.<\/p>\n<p style=\"font-weight: 400;\"><strong>Vlastnosti: <\/strong><\/p>\n<p style=\"font-weight: 400;\">V\u00fd\u0161ka &#8211; 21,7 cm<\/p>\n<p style=\"font-weight: 400;\">\u0160\u00ed\u0159ka &#8211; 15,5 cm<\/p>\n<p style=\"font-weight: 400;\">Materi\u00e1l &#8211; Pap\u00edr<\/p>\n<p style=\"font-weight: 400;\">180 str\u00e1nek<\/p>\n","protected":false},"excerpt":{"rendered":"<p style=\"font-weight: 400;\">Z\u00e1pisn\u00edk <strong>Naruto Icha Icha Paradise A5<\/strong> je ide\u00e1ln\u00ed pro ka\u017ed\u00e9ho fanou\u0161ka s\u00e9rie Naruto. Tento z\u00e1pisn\u00edk m\u00e1 tvrd\u00e9 desky s matn\u00fdm povrchem a z\u00e1lo\u017ekou pro snadn\u00e9 ozna\u010den\u00ed str\u00e1nek. Ob\u00e1lka je stylizovan\u00e1 do obl\u00edben\u00e9ho rom\u00e1nu Kakashiho, napsan\u00e9ho Jiriyou, co\u017e dod\u00e1v\u00e1 z\u00e1pisn\u00edku jedine\u010dn\u00fd vzhled.<\/p>\n","protected":false},"featured_media":2248,"comment_status":"open","ping_status":"closed","template":"","meta":{"inline_featured_image":false},"product_cat":[76,73,65],"product_tag":[],"class_list":{"0":"post-2247","1":"product","2":"type-product","3":"status-publish","4":"has-post-thumbnail","6":"product_cat-abystyle","7":"product_cat-naruto","8":"product_cat-zapisniky","10":"first","11":"instock","12":"shipping-taxable","13":"purchasable","14":"product-type-simple"},"_links":{"self":[{"href":"https:\/\/grandline.200.solutions\/index.php?rest_route=\/wp\/v2\/product\/2247","targetHints":{"allow":["GET"]}}],"collection":[{"href":"https:\/\/grandline.200.solutions\/index.php?rest_route=\/wp\/v2\/product"}],"about":[{"href":"https:\/\/grandline.200.solutions\/index.php?rest_route=\/wp\/v2\/types\/product"}],"replies":[{"embeddable":true,"href":"https:\/\/grandline.200.solutions\/index.php?rest_route=%2Fwp%2Fv2%2Fcomments&post=2247"}],"wp:featuredmedia":[{"embeddable":true,"href":"https:\/\/grandline.200.solutions\/index.php?rest_route=\/wp\/v2\/media\/2248"}],"wp:attachment":[{"href":"https:\/\/grandline.200.solutions\/index.php?rest_route=%2Fwp%2Fv2%2Fmedia&parent=2247"}],"wp:term":[{"taxonomy":"product_cat","embeddable":true,"href":"https:\/\/grandline.200.solutions\/index.php?rest_route=%2Fwp%2Fv2%2Fproduct_cat&post=2247"},{"taxonomy":"product_tag","embeddable":true,"href":"https:\/\/grandline.200.solutions\/index.php?rest_route=%2Fwp%2Fv2%2Fproduct_tag&post=2247"}],"curies":[{"name":"wp","href":"https:\/\/api.w.org\/{rel}","templated":true}]}}