{"id":2243,"date":"2024-11-08T19:50:46","date_gmt":"2024-11-08T18:50:46","guid":{"rendered":"https:\/\/grandline.200.solutions\/?post_type=product&#038;p=2243"},"modified":"2024-11-13T12:29:19","modified_gmt":"2024-11-13T11:29:19","slug":"naruto-jiraiya-naruto-hrnek","status":"publish","type":"product","link":"https:\/\/grandline.200.solutions\/?product=naruto-jiraiya-naruto-hrnek","title":{"rendered":"Naruto Jiraiya &#038; Naruto Hrnek"},"content":{"rendered":"<p style=\"font-weight: 400;\">Hrnek <strong>Naruto Jiraiya &amp; Naruto<\/strong> je ofici\u00e1ln\u011b licencovan\u00fd produkt s motivem z anime Naruto. Hrnek zobrazuje dv\u011b ikonick\u00fd postavy Naruta a jeho mista Jiraiyu. Tento hrnek je skv\u011bl\u00fd dopln\u011bk pro ka\u017ed\u00e9ho fanou\u0161ka s\u00e9rie.<\/p>\n<p style=\"font-weight: 400;\"><strong>Vlastnosti: <\/strong><\/p>\n<p style=\"font-weight: 400;\">Objem &#8211; 320 ml<\/p>\n<p style=\"font-weight: 400;\">Materi\u00e1l &#8211; Keramika<\/p>\n<p style=\"font-weight: 400;\">Vhodn\u00fd do my\u010dky a mikrovlnky<\/p>\n","protected":false},"excerpt":{"rendered":"<p>Hrnek <strong>Naruto Jiraiya &amp; Naruto<\/strong> je ofici\u00e1ln\u011b licencovan\u00fd produkt s motivem z anime Naruto. Hrnek zobrazuje dv\u011b ikonick\u00fd postavy Naruta a jeho mista Jiraiyu. Tento hrnek je skv\u011bl\u00fd dopln\u011bk pro ka\u017ed\u00e9ho fanou\u0161ka s\u00e9rie.<\/p>\n","protected":false},"featured_media":2244,"comment_status":"open","ping_status":"closed","template":"","meta":{"inline_featured_image":false},"product_cat":[76,58,73],"product_tag":[],"class_list":{"0":"post-2243","1":"product","2":"type-product","3":"status-publish","4":"has-post-thumbnail","6":"product_cat-abystyle","7":"product_cat-nadobi","8":"product_cat-naruto","10":"first","11":"instock","12":"shipping-taxable","13":"purchasable","14":"product-type-simple"},"_links":{"self":[{"href":"https:\/\/grandline.200.solutions\/index.php?rest_route=\/wp\/v2\/product\/2243","targetHints":{"allow":["GET"]}}],"collection":[{"href":"https:\/\/grandline.200.solutions\/index.php?rest_route=\/wp\/v2\/product"}],"about":[{"href":"https:\/\/grandline.200.solutions\/index.php?rest_route=\/wp\/v2\/types\/product"}],"replies":[{"embeddable":true,"href":"https:\/\/grandline.200.solutions\/index.php?rest_route=%2Fwp%2Fv2%2Fcomments&post=2243"}],"wp:featuredmedia":[{"embeddable":true,"href":"https:\/\/grandline.200.solutions\/index.php?rest_route=\/wp\/v2\/media\/2244"}],"wp:attachment":[{"href":"https:\/\/grandline.200.solutions\/index.php?rest_route=%2Fwp%2Fv2%2Fmedia&parent=2243"}],"wp:term":[{"taxonomy":"product_cat","embeddable":true,"href":"https:\/\/grandline.200.solutions\/index.php?rest_route=%2Fwp%2Fv2%2Fproduct_cat&post=2243"},{"taxonomy":"product_tag","embeddable":true,"href":"https:\/\/grandline.200.solutions\/index.php?rest_route=%2Fwp%2Fv2%2Fproduct_tag&post=2243"}],"curies":[{"name":"wp","href":"https:\/\/api.w.org\/{rel}","templated":true}]}}