{"id":2233,"date":"2024-11-08T19:42:28","date_gmt":"2024-11-08T18:42:28","guid":{"rendered":"https:\/\/grandline.200.solutions\/?post_type=product&#038;p=2233"},"modified":"2024-11-13T12:09:46","modified_gmt":"2024-11-13T11:09:46","slug":"naruto-shippuden-akatsuki-svicka","status":"publish","type":"product","link":"https:\/\/grandline.200.solutions\/?product=naruto-shippuden-akatsuki-svicka","title":{"rendered":"Naruto Shippuden Akatsuki Sv\u00ed\u010dka"},"content":{"rendered":"<p style=\"font-weight: 400;\">Sv\u00ed\u010dka <strong>Naruto Shippuden Akatsuki<\/strong> je ofici\u00e1ln\u011b licencovan\u00fd produkt inspirovan\u00fd anime Naruto. Tato sv\u00ed\u010dka je vyrobena ze s\u00f3jov\u00e9ho vosku (bez v\u016fn\u011b) a je um\u00edst\u011bna ve sklen\u011bn\u00e9 n\u00e1dob\u011b s ikonick\u00fdm \u010derven\u00fdm mrakem, symbolem Akatsuki. Tento dopln\u011bk je ide\u00e1ln\u00ed pro vytvo\u0159en\u00ed p\u0159\u00edjemn\u00e9 atmosf\u00e9ry nebo jako dekorace inspirovan\u00e1 sv\u011btem anime s\u00e9rie Naruto.<\/p>\n<p style=\"font-weight: 400;\"><strong>Vlastnosti: <\/strong><\/p>\n<p style=\"font-weight: 400;\">V\u00fd\u0161ka &#8211; 9 cm<\/p>\n<p style=\"font-weight: 400;\">Pr\u016fm\u011br &#8211; 8 cm<\/p>\n<p style=\"font-weight: 400;\">A\u017e 30 hodin ho\u0159en\u00ed<\/p>\n","protected":false},"excerpt":{"rendered":"<p style=\"font-weight: 400;\">Sv\u00ed\u010dka <strong>Naruto Shippuden Akatsuki<\/strong> je ofici\u00e1ln\u011b licencovan\u00fd produkt inspirovan\u00fd anime Naruto. Tato sv\u00ed\u010dka je vyrobena ze s\u00f3jov\u00e9ho vosku (bez v\u016fn\u011b) a je um\u00edst\u011bna ve sklen\u011bn\u00e9 n\u00e1dob\u011b s ikonick\u00fdm \u010derven\u00fdm mrakem, symbolem Akatsuki. Tento dopln\u011bk je ide\u00e1ln\u00ed pro vytvo\u0159en\u00ed p\u0159\u00edjemn\u00e9 atmosf\u00e9ry nebo jako dekorace inspirovan\u00e1 sv\u011btem anime s\u00e9rie Naruto.<\/p>\n","protected":false},"featured_media":2234,"comment_status":"open","ping_status":"closed","template":"","meta":{"inline_featured_image":false},"product_cat":[76,68,73],"product_tag":[],"class_list":{"0":"post-2233","1":"product","2":"type-product","3":"status-publish","4":"has-post-thumbnail","6":"product_cat-abystyle","7":"product_cat-dekorace","8":"product_cat-naruto","10":"first","11":"instock","12":"shipping-taxable","13":"purchasable","14":"product-type-simple"},"_links":{"self":[{"href":"https:\/\/grandline.200.solutions\/index.php?rest_route=\/wp\/v2\/product\/2233","targetHints":{"allow":["GET"]}}],"collection":[{"href":"https:\/\/grandline.200.solutions\/index.php?rest_route=\/wp\/v2\/product"}],"about":[{"href":"https:\/\/grandline.200.solutions\/index.php?rest_route=\/wp\/v2\/types\/product"}],"replies":[{"embeddable":true,"href":"https:\/\/grandline.200.solutions\/index.php?rest_route=%2Fwp%2Fv2%2Fcomments&post=2233"}],"wp:featuredmedia":[{"embeddable":true,"href":"https:\/\/grandline.200.solutions\/index.php?rest_route=\/wp\/v2\/media\/2234"}],"wp:attachment":[{"href":"https:\/\/grandline.200.solutions\/index.php?rest_route=%2Fwp%2Fv2%2Fmedia&parent=2233"}],"wp:term":[{"taxonomy":"product_cat","embeddable":true,"href":"https:\/\/grandline.200.solutions\/index.php?rest_route=%2Fwp%2Fv2%2Fproduct_cat&post=2233"},{"taxonomy":"product_tag","embeddable":true,"href":"https:\/\/grandline.200.solutions\/index.php?rest_route=%2Fwp%2Fv2%2Fproduct_tag&post=2233"}],"curies":[{"name":"wp","href":"https:\/\/api.w.org\/{rel}","templated":true}]}}