{"id":2232,"date":"2024-11-08T20:08:44","date_gmt":"2024-11-08T19:08:44","guid":{"rendered":"https:\/\/grandline.200.solutions\/?post_type=product&#038;p=2232"},"modified":"2024-11-13T12:07:19","modified_gmt":"2024-11-13T11:07:19","slug":"jujutsu-kaisen-king-of-artist-fushiguro-megumi","status":"publish","type":"product","link":"https:\/\/grandline.200.solutions\/?product=jujutsu-kaisen-king-of-artist-fushiguro-megumi","title":{"rendered":"Jujutsu Kaisen King of Artist Fushiguro Megumi"},"content":{"rendered":"<p>Figurka <strong>Jujutsu Kaisen King of Artist Fushiguro Megumi<\/strong> je detailn\u011b zpracovan\u00e1 postava inspirovan\u00e1 popul\u00e1rn\u00edm anime Jujutsu Kaisen. Tato figurka je zobrazena v dynamick\u00e9 p\u00f3ze, kter\u00e1 zachycuje jeho charakteristick\u00fd styl a s\u00edlu. Figurka je vyrobena z vysoce kvalitn\u00edho materi\u00e1lu a je ide\u00e1ln\u00ed pro sb\u011bratele a fanou\u0161ky anime.<\/p>\n<p><strong>Vlastnosti: <\/strong><\/p>\n<p>V\u00fd\u0161ka &#8211; 21 cm<\/p>\n<p>Materi\u00e1l &#8211; PVC<\/p>\n<p>Detailn\u00ed proveden\u00ed<\/p>\n<p>Sb\u011bratelsk\u00e1 edice<\/p>\n","protected":false},"excerpt":{"rendered":"<p>Figurka <strong>Jujutsu Kaisen King of Artist Fushiguro Megumi<\/strong> je detailn\u011b zpracovan\u00e1 postava inspirovan\u00e1 popul\u00e1rn\u00edm anime Jujutsu Kaisen. Tato figurka je zobrazena v dynamick\u00e9 p\u00f3ze, kter\u00e1 zachycuje jeho charakteristick\u00fd styl a s\u00edlu. Figurka je vyrobena z vysoce kvalitn\u00edho materi\u00e1lu a je ide\u00e1ln\u00ed pro sb\u011bratele a fanou\u0161ky anime.<\/p>\n","protected":false},"featured_media":2282,"comment_status":"open","ping_status":"closed","template":"","meta":{"inline_featured_image":false},"product_cat":[77,60,55],"product_tag":[],"class_list":{"0":"post-2232","1":"product","2":"type-product","3":"status-publish","4":"has-post-thumbnail","6":"product_cat-bandai-spirits","7":"product_cat-figurky","8":"product_cat-jujutsu-kaisen","10":"first","11":"instock","12":"shipping-taxable","13":"purchasable","14":"product-type-simple"},"_links":{"self":[{"href":"https:\/\/grandline.200.solutions\/index.php?rest_route=\/wp\/v2\/product\/2232","targetHints":{"allow":["GET"]}}],"collection":[{"href":"https:\/\/grandline.200.solutions\/index.php?rest_route=\/wp\/v2\/product"}],"about":[{"href":"https:\/\/grandline.200.solutions\/index.php?rest_route=\/wp\/v2\/types\/product"}],"replies":[{"embeddable":true,"href":"https:\/\/grandline.200.solutions\/index.php?rest_route=%2Fwp%2Fv2%2Fcomments&post=2232"}],"wp:featuredmedia":[{"embeddable":true,"href":"https:\/\/grandline.200.solutions\/index.php?rest_route=\/wp\/v2\/media\/2282"}],"wp:attachment":[{"href":"https:\/\/grandline.200.solutions\/index.php?rest_route=%2Fwp%2Fv2%2Fmedia&parent=2232"}],"wp:term":[{"taxonomy":"product_cat","embeddable":true,"href":"https:\/\/grandline.200.solutions\/index.php?rest_route=%2Fwp%2Fv2%2Fproduct_cat&post=2232"},{"taxonomy":"product_tag","embeddable":true,"href":"https:\/\/grandline.200.solutions\/index.php?rest_route=%2Fwp%2Fv2%2Fproduct_tag&post=2232"}],"curies":[{"name":"wp","href":"https:\/\/api.w.org\/{rel}","templated":true}]}}