{"id":2225,"date":"2024-11-08T19:37:10","date_gmt":"2024-11-08T18:37:10","guid":{"rendered":"https:\/\/grandline.200.solutions\/?post_type=product&#038;p=2225"},"modified":"2024-11-13T12:09:58","modified_gmt":"2024-11-13T11:09:58","slug":"jujutsu-kaisen-luminasta-todo-aoi","status":"publish","type":"product","link":"https:\/\/grandline.200.solutions\/?product=jujutsu-kaisen-luminasta-todo-aoi","title":{"rendered":"Jujutsu Kaisen Luminasta Todo Aoi"},"content":{"rendered":"<p>Figurka <strong>Jujutsu Kaisen Luminasta Todo Aoi<\/strong> zobrazuje Toda, jednoho z nejsiln\u011bj\u0161\u00edch student\u016f Kyoto Jujutsu High School. Todo je zde zachycen v dynamick\u00e9 p\u00f3ze, p\u0159ipraven\u00fd k \u00fatoku, co\u017e dokonale vystihuje jeho bojovnou a energickou povahu. Tento sb\u011bratelsk\u00fd kousek je perfektn\u00edm dopl\u0148kem pro ka\u017ed\u00e9ho fanou\u0161ka Jujutsu Kaisen.<\/p>\n<p><strong>Vlastnosti: <\/strong><\/p>\n<p>V\u00fd\u0161ka &#8211; 16 cm<\/p>\n<p>Materi\u00e1l &#8211; PVC<\/p>\n<p>Detailn\u00ed proveden\u00ed<\/p>\n<p>Sb\u011bratelsk\u00e1 edice<\/p>\n<p>&nbsp;<\/p>\n","protected":false},"excerpt":{"rendered":"<p>Figurka <strong>Jujutsu Kaisen Luminasta Todo Aoi<\/strong> zobrazuje Toda, jednoho z nejsiln\u011bj\u0161\u00edch student\u016f Kyoto Jujutsu High School. Todo je zde zachycen v dynamick\u00e9 p\u00f3ze, p\u0159ipraven\u00fd k \u00fatoku, co\u017e dokonale vystihuje jeho bojovnou a energickou povahu. Tento sb\u011bratelsk\u00fd kousek je perfektn\u00edm dopl\u0148kem pro ka\u017ed\u00e9ho fanou\u0161ka Jujutsu Kaisen.<\/p>\n<p>&nbsp;<\/p>\n","protected":false},"featured_media":2226,"comment_status":"open","ping_status":"closed","template":"","meta":{"inline_featured_image":false},"product_cat":[60,55,94],"product_tag":[],"class_list":{"0":"post-2225","1":"product","2":"type-product","3":"status-publish","4":"has-post-thumbnail","6":"product_cat-figurky","7":"product_cat-jujutsu-kaisen","8":"product_cat-sega","10":"first","11":"instock","12":"shipping-taxable","13":"purchasable","14":"product-type-simple"},"_links":{"self":[{"href":"https:\/\/grandline.200.solutions\/index.php?rest_route=\/wp\/v2\/product\/2225","targetHints":{"allow":["GET"]}}],"collection":[{"href":"https:\/\/grandline.200.solutions\/index.php?rest_route=\/wp\/v2\/product"}],"about":[{"href":"https:\/\/grandline.200.solutions\/index.php?rest_route=\/wp\/v2\/types\/product"}],"replies":[{"embeddable":true,"href":"https:\/\/grandline.200.solutions\/index.php?rest_route=%2Fwp%2Fv2%2Fcomments&post=2225"}],"wp:featuredmedia":[{"embeddable":true,"href":"https:\/\/grandline.200.solutions\/index.php?rest_route=\/wp\/v2\/media\/2226"}],"wp:attachment":[{"href":"https:\/\/grandline.200.solutions\/index.php?rest_route=%2Fwp%2Fv2%2Fmedia&parent=2225"}],"wp:term":[{"taxonomy":"product_cat","embeddable":true,"href":"https:\/\/grandline.200.solutions\/index.php?rest_route=%2Fwp%2Fv2%2Fproduct_cat&post=2225"},{"taxonomy":"product_tag","embeddable":true,"href":"https:\/\/grandline.200.solutions\/index.php?rest_route=%2Fwp%2Fv2%2Fproduct_tag&post=2225"}],"curies":[{"name":"wp","href":"https:\/\/api.w.org\/{rel}","templated":true}]}}