{"id":2215,"date":"2024-11-08T19:35:11","date_gmt":"2024-11-08T18:35:11","guid":{"rendered":"https:\/\/grandline.200.solutions\/?post_type=product&#038;p=2215"},"modified":"2024-11-13T12:10:12","modified_gmt":"2024-11-13T11:10:12","slug":"naruto-shippuden-konoha-cepice","status":"publish","type":"product","link":"https:\/\/grandline.200.solutions\/?product=naruto-shippuden-konoha-cepice","title":{"rendered":"Naruto Shippuden Konoha \u010cepice"},"content":{"rendered":"<p style=\"font-weight: 400;\">\u010cepice <strong>Naruto Shippuden Konoha<\/strong> je stylov\u00e1 a pohodln\u00e1 \u010depice inspirovan\u00e1 ikonick\u00fdm symbolem Konohy. Je vyrobena z kvalitn\u00edho materi\u00e1lu, kter\u00fd zaji\u0161\u0165uje pohodl\u00ed a teplo. Tato \u010depice je skv\u011bl\u00fdm dopl\u0148kem pro ka\u017edodenn\u00ed no\u0161en\u00ed i jako sb\u011bratelsk\u00fd kousek.<\/p>\n<p style=\"font-weight: 400;\">Materi\u00e1l &#8211; Akryl<\/p>\n<p style=\"font-weight: 400;\">Vysok\u00e1 kvalita v\u00fd\u0161ivek<\/p>\n","protected":false},"excerpt":{"rendered":"<p style=\"font-weight: 400;\">\u010cepice <strong>Naruto Shippuden Konoha<\/strong> je stylov\u00e1 a pohodln\u00e1 \u010depice inspirovan\u00e1 ikonick\u00fdm symbolem Konohy. Je vyrobena z kvalitn\u00edho materi\u00e1lu, kter\u00fd zaji\u0161\u0165uje pohodl\u00ed a teplo. Tato \u010depice je skv\u011bl\u00fdm dopl\u0148kem pro ka\u017edodenn\u00ed no\u0161en\u00ed i jako sb\u011bratelsk\u00fd kousek.<\/p>\n","protected":false},"featured_media":2217,"comment_status":"open","ping_status":"closed","template":"","meta":{"inline_featured_image":false},"product_cat":[76,64,73],"product_tag":[],"class_list":{"0":"post-2215","1":"product","2":"type-product","3":"status-publish","4":"has-post-thumbnail","6":"product_cat-abystyle","7":"product_cat-cepice","8":"product_cat-naruto","10":"first","11":"instock","12":"shipping-taxable","13":"purchasable","14":"product-type-simple"},"_links":{"self":[{"href":"https:\/\/grandline.200.solutions\/index.php?rest_route=\/wp\/v2\/product\/2215","targetHints":{"allow":["GET"]}}],"collection":[{"href":"https:\/\/grandline.200.solutions\/index.php?rest_route=\/wp\/v2\/product"}],"about":[{"href":"https:\/\/grandline.200.solutions\/index.php?rest_route=\/wp\/v2\/types\/product"}],"replies":[{"embeddable":true,"href":"https:\/\/grandline.200.solutions\/index.php?rest_route=%2Fwp%2Fv2%2Fcomments&post=2215"}],"wp:featuredmedia":[{"embeddable":true,"href":"https:\/\/grandline.200.solutions\/index.php?rest_route=\/wp\/v2\/media\/2217"}],"wp:attachment":[{"href":"https:\/\/grandline.200.solutions\/index.php?rest_route=%2Fwp%2Fv2%2Fmedia&parent=2215"}],"wp:term":[{"taxonomy":"product_cat","embeddable":true,"href":"https:\/\/grandline.200.solutions\/index.php?rest_route=%2Fwp%2Fv2%2Fproduct_cat&post=2215"},{"taxonomy":"product_tag","embeddable":true,"href":"https:\/\/grandline.200.solutions\/index.php?rest_route=%2Fwp%2Fv2%2Fproduct_tag&post=2215"}],"curies":[{"name":"wp","href":"https:\/\/api.w.org\/{rel}","templated":true}]}}