{"id":2213,"date":"2024-11-08T19:31:45","date_gmt":"2024-11-08T18:31:45","guid":{"rendered":"https:\/\/grandline.200.solutions\/?post_type=product&#038;p=2213"},"modified":"2024-11-13T12:10:31","modified_gmt":"2024-11-13T11:10:31","slug":"naruto-shippuden-group-plakat","status":"publish","type":"product","link":"https:\/\/grandline.200.solutions\/?product=naruto-shippuden-group-plakat","title":{"rendered":"Naruto Shippuden Group Plak\u00e1t"},"content":{"rendered":"<p style=\"font-weight: 400;\">Plak\u00e1t na dve\u0159e <strong>Naruto Shippuden Group<\/strong> zobrazuje Naruta, Sasukeho, Sakuru, Kakashiho, Minata a Itachiho. S t\u00edmhle plak\u00e1tem se nikdo neodv\u00e1\u017e\u00ed vstoupit bez va\u0161eho svolen\u00ed. Perfektn\u00ed dopln\u011bk pro ka\u017ed\u00e9ho fanou\u0161ka Naruta.<\/p>\n<p style=\"font-weight: 400;\"><strong>Vlastnosti: <\/strong><\/p>\n<p style=\"font-weight: 400;\">V\u00fd\u0161ka &#8211; 158 cm<\/p>\n<p style=\"font-weight: 400;\">\u0160\u00ed\u0159ka &#8211; 53 cm<\/p>\n<p style=\"font-weight: 400;\">Plak\u00e1t na dve\u0159e<\/p>\n","protected":false},"excerpt":{"rendered":"<p style=\"font-weight: 400;\">Plak\u00e1t na dve\u0159e <strong>Naruto Shippuden Group<\/strong> zobrazuje Naruta, Sasukeho, Sakuru, Kakashiho, Minata a Itachiho. S t\u00edmhle plak\u00e1tem se nikdo neodv\u00e1\u017e\u00ed vstoupit bez va\u0161eho svolen\u00ed. Perfektn\u00ed dopln\u011bk pro ka\u017ed\u00e9ho fanou\u0161ka Naruta.<\/p>\n","protected":false},"featured_media":2214,"comment_status":"open","ping_status":"closed","template":"","meta":{"inline_featured_image":false},"product_cat":[76,73,59],"product_tag":[],"class_list":{"0":"post-2213","1":"product","2":"type-product","3":"status-publish","4":"has-post-thumbnail","6":"product_cat-abystyle","7":"product_cat-naruto","8":"product_cat-plakaty","10":"first","11":"instock","12":"shipping-taxable","13":"purchasable","14":"product-type-simple"},"_links":{"self":[{"href":"https:\/\/grandline.200.solutions\/index.php?rest_route=\/wp\/v2\/product\/2213","targetHints":{"allow":["GET"]}}],"collection":[{"href":"https:\/\/grandline.200.solutions\/index.php?rest_route=\/wp\/v2\/product"}],"about":[{"href":"https:\/\/grandline.200.solutions\/index.php?rest_route=\/wp\/v2\/types\/product"}],"replies":[{"embeddable":true,"href":"https:\/\/grandline.200.solutions\/index.php?rest_route=%2Fwp%2Fv2%2Fcomments&post=2213"}],"wp:featuredmedia":[{"embeddable":true,"href":"https:\/\/grandline.200.solutions\/index.php?rest_route=\/wp\/v2\/media\/2214"}],"wp:attachment":[{"href":"https:\/\/grandline.200.solutions\/index.php?rest_route=%2Fwp%2Fv2%2Fmedia&parent=2213"}],"wp:term":[{"taxonomy":"product_cat","embeddable":true,"href":"https:\/\/grandline.200.solutions\/index.php?rest_route=%2Fwp%2Fv2%2Fproduct_cat&post=2213"},{"taxonomy":"product_tag","embeddable":true,"href":"https:\/\/grandline.200.solutions\/index.php?rest_route=%2Fwp%2Fv2%2Fproduct_tag&post=2213"}],"curies":[{"name":"wp","href":"https:\/\/api.w.org\/{rel}","templated":true}]}}