{"id":2197,"date":"2024-11-08T19:01:50","date_gmt":"2024-11-08T18:01:50","guid":{"rendered":"https:\/\/grandline.200.solutions\/?post_type=product&#038;p=2197"},"modified":"2024-11-13T12:10:48","modified_gmt":"2024-11-13T11:10:48","slug":"jujutsu-kaisen-jujutsu-kaisen-jufutsu-no-waza-itadori-yuji","status":"publish","type":"product","link":"https:\/\/grandline.200.solutions\/?product=jujutsu-kaisen-jujutsu-kaisen-jufutsu-no-waza-itadori-yuji","title":{"rendered":"Jujutsu Kaisen Jujutsu Kaisen Jufutsu no Waza Itadori Yuji"},"content":{"rendered":"<p>Figurka <strong>Jujutsu Kaisen Jufutsu no Waza Itadori Yuji<\/strong> zobrazuje Yujiho, hlavn\u00edho hrdinu s\u00e9rie Jujutsu Kaisen. Yuji je zde zachycen v dynamick\u00e9 bojov\u00e9 p\u00f3ze, kter\u00e1 zd\u016fraz\u0148uje jeho odhodlanost a s\u00edlu. Tato figurka je detailn\u011b propracovan\u00e1 a v\u011brn\u011b zachycuje jeho vzhled z anime, v\u010detn\u011b jeho charakteristick\u00e9ho oble\u010den\u00ed a v\u00fdraz\u016f. Tento kousek je perfektn\u00edm dopl\u0148kem pro ka\u017ed\u00e9ho fanou\u0161ka Jujutsu Kaisen.<\/p>\n<p><strong>Vlastnosti: <\/strong><\/p>\n<p>V\u00fd\u0161ka &#8211; 10 cm<\/p>\n<p>Materi\u00e1l &#8211; PVC<\/p>\n<p>Detailn\u00ed proveden\u00ed<\/p>\n<p>Sb\u011bratelsk\u00e1 edice<\/p>\n","protected":false},"excerpt":{"rendered":"<p>Figurka <strong>Jujutsu Kaisen Jufutsu no Waza Itadori Yuji<\/strong> zobrazuje Yujiho, hlavn\u00edho hrdinu s\u00e9rie Jujutsu Kaisen. Yuji je zde zachycen v dynamick\u00e9 bojov\u00e9 p\u00f3ze, kter\u00e1 zd\u016fraz\u0148uje jeho odhodlanost a s\u00edlu. Tato figurka je detailn\u011b propracovan\u00e1 a v\u011brn\u011b zachycuje jeho vzhled z anime, v\u010detn\u011b jeho charakteristick\u00e9ho oble\u010den\u00ed a v\u00fdraz\u016f. Tento kousek je perfektn\u00edm dopl\u0148kem pro ka\u017ed\u00e9ho fanou\u0161ka Jujutsu Kaisen.<\/p>\n","protected":false},"featured_media":2198,"comment_status":"open","ping_status":"closed","template":"","meta":{"inline_featured_image":false},"product_cat":[77,60,55],"product_tag":[],"class_list":{"0":"post-2197","1":"product","2":"type-product","3":"status-publish","4":"has-post-thumbnail","6":"product_cat-bandai-spirits","7":"product_cat-figurky","8":"product_cat-jujutsu-kaisen","10":"first","11":"instock","12":"shipping-taxable","13":"purchasable","14":"product-type-simple"},"_links":{"self":[{"href":"https:\/\/grandline.200.solutions\/index.php?rest_route=\/wp\/v2\/product\/2197","targetHints":{"allow":["GET"]}}],"collection":[{"href":"https:\/\/grandline.200.solutions\/index.php?rest_route=\/wp\/v2\/product"}],"about":[{"href":"https:\/\/grandline.200.solutions\/index.php?rest_route=\/wp\/v2\/types\/product"}],"replies":[{"embeddable":true,"href":"https:\/\/grandline.200.solutions\/index.php?rest_route=%2Fwp%2Fv2%2Fcomments&post=2197"}],"wp:featuredmedia":[{"embeddable":true,"href":"https:\/\/grandline.200.solutions\/index.php?rest_route=\/wp\/v2\/media\/2198"}],"wp:attachment":[{"href":"https:\/\/grandline.200.solutions\/index.php?rest_route=%2Fwp%2Fv2%2Fmedia&parent=2197"}],"wp:term":[{"taxonomy":"product_cat","embeddable":true,"href":"https:\/\/grandline.200.solutions\/index.php?rest_route=%2Fwp%2Fv2%2Fproduct_cat&post=2197"},{"taxonomy":"product_tag","embeddable":true,"href":"https:\/\/grandline.200.solutions\/index.php?rest_route=%2Fwp%2Fv2%2Fproduct_tag&post=2197"}],"curies":[{"name":"wp","href":"https:\/\/api.w.org\/{rel}","templated":true}]}}