{"id":2192,"date":"2024-11-08T18:59:59","date_gmt":"2024-11-08T17:59:59","guid":{"rendered":"https:\/\/grandline.200.solutions\/?post_type=product&#038;p=2192"},"modified":"2024-11-13T12:10:53","modified_gmt":"2024-11-13T11:10:53","slug":"jujutsu-kaisen-geto-suguru","status":"publish","type":"product","link":"https:\/\/grandline.200.solutions\/?product=jujutsu-kaisen-geto-suguru","title":{"rendered":"Jujutsu Kaisen Geto Suguru"},"content":{"rendered":"<p>Figurka <strong>Jujutsu Kaisen Geto Suguru<\/strong> zobrazuje Suguru Geta, jednoho z hlavn\u00edch antagonist\u016f s\u00e9rie Jujutsu Kaisen. Geto je zde zachycen ve sv\u00e9 ikonick\u00e9 p\u00f3ze, kter\u00e1 zd\u016fraz\u0148uje jeho temnou a zlov\u011bstnou povahu. Tato figurka je detailn\u011b propracovan\u00e1, v\u010detn\u011b jemn\u00fdch detail\u016f na jeho oble\u010den\u00ed a v\u00fdrazu. Tento sb\u011bratelsk\u00fd kousek by nem\u011bl chyb\u011bt ve sb\u00edrce \u017e\u00e1dn\u00e9ho fanou\u0161ka Jujutsu Kaisen.<\/p>\n<p><strong>Vlastnosti: <\/strong><\/p>\n<p>V\u00fd\u0161ka &#8211; 20 cm<\/p>\n<p>Materi\u00e1l &#8211; PVC<\/p>\n<p>Detailn\u00ed proveden\u00ed<\/p>\n<p>Sb\u011bratelsk\u00e1 edice<\/p>\n","protected":false},"excerpt":{"rendered":"<p>Figurka <strong>Jujutsu Kaisen Geto Suguru<\/strong> zobrazuje Suguru Geta, jednoho z hlavn\u00edch antagonist\u016f s\u00e9rie Jujutsu Kaisen. Geto je zde zachycen ve sv\u00e9 ikonick\u00e9 p\u00f3ze, kter\u00e1 zd\u016fraz\u0148uje jeho temnou a zlov\u011bstnou povahu. Tato figurka je detailn\u011b propracovan\u00e1, v\u010detn\u011b jemn\u00fdch detail\u016f na jeho oble\u010den\u00ed a v\u00fdrazu. Tento sb\u011bratelsk\u00fd kousek by nem\u011bl chyb\u011bt ve sb\u00edrce \u017e\u00e1dn\u00e9ho fanou\u0161ka Jujutsu Kaisen.<\/p>\n","protected":false},"featured_media":2193,"comment_status":"open","ping_status":"closed","template":"","meta":{"inline_featured_image":false},"product_cat":[77,60,55],"product_tag":[],"class_list":{"0":"post-2192","1":"product","2":"type-product","3":"status-publish","4":"has-post-thumbnail","6":"product_cat-bandai-spirits","7":"product_cat-figurky","8":"product_cat-jujutsu-kaisen","10":"first","11":"instock","12":"shipping-taxable","13":"purchasable","14":"product-type-simple"},"_links":{"self":[{"href":"https:\/\/grandline.200.solutions\/index.php?rest_route=\/wp\/v2\/product\/2192","targetHints":{"allow":["GET"]}}],"collection":[{"href":"https:\/\/grandline.200.solutions\/index.php?rest_route=\/wp\/v2\/product"}],"about":[{"href":"https:\/\/grandline.200.solutions\/index.php?rest_route=\/wp\/v2\/types\/product"}],"replies":[{"embeddable":true,"href":"https:\/\/grandline.200.solutions\/index.php?rest_route=%2Fwp%2Fv2%2Fcomments&post=2192"}],"wp:featuredmedia":[{"embeddable":true,"href":"https:\/\/grandline.200.solutions\/index.php?rest_route=\/wp\/v2\/media\/2193"}],"wp:attachment":[{"href":"https:\/\/grandline.200.solutions\/index.php?rest_route=%2Fwp%2Fv2%2Fmedia&parent=2192"}],"wp:term":[{"taxonomy":"product_cat","embeddable":true,"href":"https:\/\/grandline.200.solutions\/index.php?rest_route=%2Fwp%2Fv2%2Fproduct_cat&post=2192"},{"taxonomy":"product_tag","embeddable":true,"href":"https:\/\/grandline.200.solutions\/index.php?rest_route=%2Fwp%2Fv2%2Fproduct_tag&post=2192"}],"curies":[{"name":"wp","href":"https:\/\/api.w.org\/{rel}","templated":true}]}}