{"id":2172,"date":"2024-11-08T18:55:22","date_gmt":"2024-11-08T17:55:22","guid":{"rendered":"https:\/\/grandline.200.solutions\/?post_type=product&#038;p=2172"},"modified":"2024-11-13T12:11:22","modified_gmt":"2024-11-13T11:11:22","slug":"naruto-shippuden-narutop99-namikaze-minato","status":"publish","type":"product","link":"https:\/\/grandline.200.solutions\/?product=naruto-shippuden-narutop99-namikaze-minato","title":{"rendered":"Naruto Shippuden NARUTOP99 Namikaze Minato"},"content":{"rendered":"<p style=\"font-weight: 400;\">Figurka <strong>Naruto Shippuden NARUTOP99 Namikaze Minato<\/strong> zobrazuje Minata v dynamick\u00e9 bojov\u00e9 p\u00f3ze s jeho ikonick\u00fdm Hokage pl\u00e1\u0161t\u011bm, kter\u00e1 dokonale vystihuje jeho rychlost a s\u00edlu. Tento sb\u011bratelsk\u00fd kousek by nem\u011bl chyb\u011bt ve sb\u00edrce \u017e\u00e1dn\u00e9ho fanou\u0161ka s\u00e9rie.<\/p>\n<p style=\"font-weight: 400;\"><strong>Vlastnosti: <\/strong><\/p>\n<p style=\"font-weight: 400;\">V\u00fd\u0161ka &#8211; 15 cm<\/p>\n<p style=\"font-weight: 400;\">Materi\u00e1l &#8211; PVC<\/p>\n<p style=\"font-weight: 400;\">Detailn\u00ed proveden\u00ed<\/p>\n<p style=\"font-weight: 400;\">Sb\u011bratelsk\u00e1 edice<\/p>\n","protected":false},"excerpt":{"rendered":"<p style=\"font-weight: 400;\">Figurka <strong>Naruto Shippuden NARUTOP99 Namikaze Minato<\/strong> zobrazuje Minata v dynamick\u00e9 bojov\u00e9 p\u00f3ze s jeho ikonick\u00fdm Hokage pl\u00e1\u0161t\u011bm, kter\u00e1 dokonale vystihuje jeho rychlost a s\u00edlu. Tento sb\u011bratelsk\u00fd kousek by nem\u011bl chyb\u011bt ve sb\u00edrce \u017e\u00e1dn\u00e9ho fanou\u0161ka s\u00e9rie.<\/p>\n","protected":false},"featured_media":2178,"comment_status":"open","ping_status":"closed","template":"","meta":{"inline_featured_image":false},"product_cat":[77,60,73],"product_tag":[],"class_list":{"0":"post-2172","1":"product","2":"type-product","3":"status-publish","4":"has-post-thumbnail","6":"product_cat-bandai-spirits","7":"product_cat-figurky","8":"product_cat-naruto","10":"first","11":"instock","12":"shipping-taxable","13":"purchasable","14":"product-type-simple"},"_links":{"self":[{"href":"https:\/\/grandline.200.solutions\/index.php?rest_route=\/wp\/v2\/product\/2172","targetHints":{"allow":["GET"]}}],"collection":[{"href":"https:\/\/grandline.200.solutions\/index.php?rest_route=\/wp\/v2\/product"}],"about":[{"href":"https:\/\/grandline.200.solutions\/index.php?rest_route=\/wp\/v2\/types\/product"}],"replies":[{"embeddable":true,"href":"https:\/\/grandline.200.solutions\/index.php?rest_route=%2Fwp%2Fv2%2Fcomments&post=2172"}],"wp:featuredmedia":[{"embeddable":true,"href":"https:\/\/grandline.200.solutions\/index.php?rest_route=\/wp\/v2\/media\/2178"}],"wp:attachment":[{"href":"https:\/\/grandline.200.solutions\/index.php?rest_route=%2Fwp%2Fv2%2Fmedia&parent=2172"}],"wp:term":[{"taxonomy":"product_cat","embeddable":true,"href":"https:\/\/grandline.200.solutions\/index.php?rest_route=%2Fwp%2Fv2%2Fproduct_cat&post=2172"},{"taxonomy":"product_tag","embeddable":true,"href":"https:\/\/grandline.200.solutions\/index.php?rest_route=%2Fwp%2Fv2%2Fproduct_tag&post=2172"}],"curies":[{"name":"wp","href":"https:\/\/api.w.org\/{rel}","templated":true}]}}