{"id":2151,"date":"2024-11-08T18:49:45","date_gmt":"2024-11-08T17:49:45","guid":{"rendered":"https:\/\/grandline.200.solutions\/?post_type=product&#038;p=2151"},"modified":"2024-11-13T12:11:49","modified_gmt":"2024-11-13T11:11:49","slug":"naruto-shippuden-banpresto-figure-colosseum-jiraiya","status":"publish","type":"product","link":"https:\/\/grandline.200.solutions\/?product=naruto-shippuden-banpresto-figure-colosseum-jiraiya","title":{"rendered":"Naruto Shippuden BANPRESTO FIGURE COLOSSEUM Jiraiya"},"content":{"rendered":"<p style=\"font-weight: 400;\">Figurka <strong>Naruto Shippuden BANPRESTO FIGURE COLOSSEUM Jiraiya<\/strong> zobrazuje Jiraiyu v jeho ikonick\u00e9 p\u00f3ze, kter\u00e1 dokonale vystihuje jeho charismatickou povahu. Tato detailn\u011b zpracovan\u00e1 figurka je perfektn\u00ed dopln\u011bk pro fanou\u0161ka s\u00e9rie Naruto.<\/p>\n<p style=\"font-weight: 400;\"><strong>Vlastnosti: <\/strong><\/p>\n<p style=\"font-weight: 400;\">V\u00fd\u0161ka &#8211; 15 cm<\/p>\n<p style=\"font-weight: 400;\">Materi\u00e1l &#8211; PVC<\/p>\n<p style=\"font-weight: 400;\">Detailn\u00ed proveden\u00ed<\/p>\n<p style=\"font-weight: 400;\">Sb\u011bratelsk\u00e1 edice<\/p>\n","protected":false},"excerpt":{"rendered":"<p style=\"font-weight: 400;\">Figurka <strong>Naruto Shippuden BANPRESTO FIGURE COLOSSEUM Jiraiya<\/strong> zobrazuje Jiraiyu v jeho ikonick\u00e9 p\u00f3ze, kter\u00e1 dokonale vystihuje jeho charismatickou povahu. Tato detailn\u011b zpracovan\u00e1 figurka je perfektn\u00ed dopln\u011bk pro fanou\u0161ka s\u00e9rie Naruto.<\/p>\n","protected":false},"featured_media":2160,"comment_status":"open","ping_status":"closed","template":"","meta":{"inline_featured_image":false},"product_cat":[77,60,73],"product_tag":[],"class_list":{"0":"post-2151","1":"product","2":"type-product","3":"status-publish","4":"has-post-thumbnail","6":"product_cat-bandai-spirits","7":"product_cat-figurky","8":"product_cat-naruto","10":"first","11":"instock","12":"shipping-taxable","13":"purchasable","14":"product-type-simple"},"_links":{"self":[{"href":"https:\/\/grandline.200.solutions\/index.php?rest_route=\/wp\/v2\/product\/2151","targetHints":{"allow":["GET"]}}],"collection":[{"href":"https:\/\/grandline.200.solutions\/index.php?rest_route=\/wp\/v2\/product"}],"about":[{"href":"https:\/\/grandline.200.solutions\/index.php?rest_route=\/wp\/v2\/types\/product"}],"replies":[{"embeddable":true,"href":"https:\/\/grandline.200.solutions\/index.php?rest_route=%2Fwp%2Fv2%2Fcomments&post=2151"}],"wp:featuredmedia":[{"embeddable":true,"href":"https:\/\/grandline.200.solutions\/index.php?rest_route=\/wp\/v2\/media\/2160"}],"wp:attachment":[{"href":"https:\/\/grandline.200.solutions\/index.php?rest_route=%2Fwp%2Fv2%2Fmedia&parent=2151"}],"wp:term":[{"taxonomy":"product_cat","embeddable":true,"href":"https:\/\/grandline.200.solutions\/index.php?rest_route=%2Fwp%2Fv2%2Fproduct_cat&post=2151"},{"taxonomy":"product_tag","embeddable":true,"href":"https:\/\/grandline.200.solutions\/index.php?rest_route=%2Fwp%2Fv2%2Fproduct_tag&post=2151"}],"curies":[{"name":"wp","href":"https:\/\/api.w.org\/{rel}","templated":true}]}}