{"id":2150,"date":"2024-11-08T18:49:08","date_gmt":"2024-11-08T17:49:08","guid":{"rendered":"https:\/\/grandline.200.solutions\/?post_type=product&#038;p=2150"},"modified":"2024-11-13T12:12:41","modified_gmt":"2024-11-13T11:12:41","slug":"chainsaw-man-bicute-bunnies-makima","status":"publish","type":"product","link":"https:\/\/grandline.200.solutions\/?product=chainsaw-man-bicute-bunnies-makima","title":{"rendered":"Chainsaw Man BiCute Bunnies Makima"},"content":{"rendered":"<p>Figurka <strong>Chainsaw Man BiCute Bunnies Makima<\/strong> zobrazuje Makimu v roztomil\u00e9m bunny oble\u010dku. Tato figurka kombinuje jej\u00ed charakteristick\u00e9 \u010derven\u00e9 o\u010di a \u010f\u00e1belsk\u00fd \u00fasm\u011bv s roztomil\u00fdm vzhledem, co\u017e vytv\u00e1\u0159\u00ed jedine\u010dn\u00fd kontrast mezi jej\u00ed temnou a roztomilou str\u00e1nkou. Tento sb\u011bratelsk\u00fd kousek by nem\u011bl chyb\u011bt ve sb\u00edrce \u017e\u00e1dn\u00e9ho fanou\u0161ka Chainsaw Mana.<\/p>\n<p><strong>Vlastnosti: <\/strong><\/p>\n<p>V\u00fd\u0161ka &#8211; 30 cm<\/p>\n<p>Materi\u00e1l &#8211; PVC<\/p>\n<p>Detailn\u00ed proveden\u00ed<\/p>\n<p>Sb\u011bratelsk\u00e1 edice<\/p>\n","protected":false},"excerpt":{"rendered":"<p>Figurka <strong>Chainsaw Man BiCute Bunnies Makima<\/strong> zobrazuje Makimu v roztomil\u00e9m bunny oble\u010dku. Tato figurka kombinuje jej\u00ed charakteristick\u00e9 \u010derven\u00e9 o\u010di a \u010f\u00e1belsk\u00fd \u00fasm\u011bv s roztomil\u00fdm vzhledem, co\u017e vytv\u00e1\u0159\u00ed jedine\u010dn\u00fd kontrast mezi jej\u00ed temnou a roztomilou str\u00e1nkou. Tento sb\u011bratelsk\u00fd kousek by nem\u011bl chyb\u011bt ve sb\u00edrce \u017e\u00e1dn\u00e9ho fanou\u0161ka Chainsaw Mana.<\/p>\n","protected":false},"featured_media":2154,"comment_status":"open","ping_status":"closed","template":"","meta":{"inline_featured_image":false},"product_cat":[54,60,93],"product_tag":[],"class_list":{"0":"post-2150","1":"product","2":"type-product","3":"status-publish","4":"has-post-thumbnail","6":"product_cat-chainsaw-man","7":"product_cat-figurky","8":"product_cat-furyu","10":"first","11":"instock","12":"shipping-taxable","13":"purchasable","14":"product-type-simple"},"_links":{"self":[{"href":"https:\/\/grandline.200.solutions\/index.php?rest_route=\/wp\/v2\/product\/2150","targetHints":{"allow":["GET"]}}],"collection":[{"href":"https:\/\/grandline.200.solutions\/index.php?rest_route=\/wp\/v2\/product"}],"about":[{"href":"https:\/\/grandline.200.solutions\/index.php?rest_route=\/wp\/v2\/types\/product"}],"replies":[{"embeddable":true,"href":"https:\/\/grandline.200.solutions\/index.php?rest_route=%2Fwp%2Fv2%2Fcomments&post=2150"}],"wp:featuredmedia":[{"embeddable":true,"href":"https:\/\/grandline.200.solutions\/index.php?rest_route=\/wp\/v2\/media\/2154"}],"wp:attachment":[{"href":"https:\/\/grandline.200.solutions\/index.php?rest_route=%2Fwp%2Fv2%2Fmedia&parent=2150"}],"wp:term":[{"taxonomy":"product_cat","embeddable":true,"href":"https:\/\/grandline.200.solutions\/index.php?rest_route=%2Fwp%2Fv2%2Fproduct_cat&post=2150"},{"taxonomy":"product_tag","embeddable":true,"href":"https:\/\/grandline.200.solutions\/index.php?rest_route=%2Fwp%2Fv2%2Fproduct_tag&post=2150"}],"curies":[{"name":"wp","href":"https:\/\/api.w.org\/{rel}","templated":true}]}}