{"id":2133,"date":"2024-11-08T18:43:09","date_gmt":"2024-11-08T17:43:09","guid":{"rendered":"https:\/\/grandline.200.solutions\/?post_type=product&#038;p=2133"},"modified":"2024-11-13T12:13:05","modified_gmt":"2024-11-13T11:13:05","slug":"chainsaw-man-vibration-stars-denji-pochita","status":"publish","type":"product","link":"https:\/\/grandline.200.solutions\/?product=chainsaw-man-vibration-stars-denji-pochita","title":{"rendered":"Chainsaw Man Vibration Stars Denji &#038; Pochita"},"content":{"rendered":"<p>Figurka <strong>Chainsaw Man Vibration Stars Denji &amp; Pochita<\/strong> zobrazuje Denjiho a jeho v\u011brn\u00e9ho spole\u010dn\u00edka Pochitu v jejich ikonick\u00e9 p\u00f3ze. Tato figurka je detailn\u011b propracovan\u00e1 a v\u011brn\u011b zachycuje jejich vzhled z anime, v\u010detn\u011b \u017eiv\u00fdch barev a jemn\u00fdch detail\u016f. Tento sb\u011bratelsk\u00fd kousek by nem\u011bl chyb\u011bt ve sb\u00edrce \u017e\u00e1dn\u00e9ho fanou\u0161ka Chainsaw Mana.<\/p>\n<p><strong>Vlastnosti:<\/strong><\/p>\n<p>V\u00fd\u0161ka &#8211; 14 cm<\/p>\n<p>Materi\u00e1l &#8211; PVC<\/p>\n<p>Detailn\u00ed proveden\u00ed<\/p>\n<p>Sb\u011bratelsk\u00e1 edice<\/p>\n","protected":false},"excerpt":{"rendered":"<p>Figurka <strong>Chainsaw Man Vibration Stars Denji &amp; Pochita<\/strong> zobrazuje Denjiho a jeho v\u011brn\u00e9ho spole\u010dn\u00edka Pochitu v jejich ikonick\u00e9 p\u00f3ze. Tato figurka je detailn\u011b propracovan\u00e1 a v\u011brn\u011b zachycuje jejich vzhled z anime, v\u010detn\u011b \u017eiv\u00fdch barev a jemn\u00fdch detail\u016f. Tento sb\u011bratelsk\u00fd kousek by nem\u011bl chyb\u011bt ve sb\u00edrce \u017e\u00e1dn\u00e9ho fanou\u0161ka Chainsaw Mana.<\/p>\n","protected":false},"featured_media":2136,"comment_status":"open","ping_status":"closed","template":"","meta":{"inline_featured_image":false},"product_cat":[77,54,60],"product_tag":[],"class_list":{"0":"post-2133","1":"product","2":"type-product","3":"status-publish","4":"has-post-thumbnail","6":"product_cat-bandai-spirits","7":"product_cat-chainsaw-man","8":"product_cat-figurky","10":"first","11":"instock","12":"shipping-taxable","13":"purchasable","14":"product-type-simple"},"_links":{"self":[{"href":"https:\/\/grandline.200.solutions\/index.php?rest_route=\/wp\/v2\/product\/2133","targetHints":{"allow":["GET"]}}],"collection":[{"href":"https:\/\/grandline.200.solutions\/index.php?rest_route=\/wp\/v2\/product"}],"about":[{"href":"https:\/\/grandline.200.solutions\/index.php?rest_route=\/wp\/v2\/types\/product"}],"replies":[{"embeddable":true,"href":"https:\/\/grandline.200.solutions\/index.php?rest_route=%2Fwp%2Fv2%2Fcomments&post=2133"}],"wp:featuredmedia":[{"embeddable":true,"href":"https:\/\/grandline.200.solutions\/index.php?rest_route=\/wp\/v2\/media\/2136"}],"wp:attachment":[{"href":"https:\/\/grandline.200.solutions\/index.php?rest_route=%2Fwp%2Fv2%2Fmedia&parent=2133"}],"wp:term":[{"taxonomy":"product_cat","embeddable":true,"href":"https:\/\/grandline.200.solutions\/index.php?rest_route=%2Fwp%2Fv2%2Fproduct_cat&post=2133"},{"taxonomy":"product_tag","embeddable":true,"href":"https:\/\/grandline.200.solutions\/index.php?rest_route=%2Fwp%2Fv2%2Fproduct_tag&post=2133"}],"curies":[{"name":"wp","href":"https:\/\/api.w.org\/{rel}","templated":true}]}}