{"id":2095,"date":"2024-11-08T16:45:38","date_gmt":"2024-11-08T15:45:38","guid":{"rendered":"https:\/\/grandline.200.solutions\/?post_type=product&#038;p=2095"},"modified":"2024-11-13T12:13:37","modified_gmt":"2024-11-13T11:13:37","slug":"chainsaw-man-bicute-bunnies-power","status":"publish","type":"product","link":"https:\/\/grandline.200.solutions\/?product=chainsaw-man-bicute-bunnies-power","title":{"rendered":"Chainsaw Man BiCute Bunnies Power"},"content":{"rendered":"<p>Figurka <strong>Chainsaw Man BiCute Bunnies Power<\/strong> zobrazuje Power v roztomil\u00e9m bunny oble\u010dku. Tato figurka zachycuje jej\u00ed dynamickou osobnost a energii, s d\u016frazem na detaily jako je p\u00f3za a pohyb jej\u00edch vlas\u016f. Tento sb\u011bratelsk\u00fd kousek by nem\u011bl chyb\u011bt ve sb\u00edrce \u017e\u00e1dn\u00e9ho fanou\u0161ka Chainsaw Mana.<\/p>\n<p><strong>Vlastnosti: <\/strong><\/p>\n<p>V\u00fd\u0161ka &#8211; 25 cm<\/p>\n<p>Materi\u00e1l &#8211; PVC<\/p>\n<p>Detailn\u00ed proveden\u00ed<\/p>\n<p>Sb\u011bratelsk\u00e1 edice<\/p>\n","protected":false},"excerpt":{"rendered":"<p>Figurka <strong>Chainsaw Man BiCute Bunnies Power<\/strong> zobrazuje Power v roztomil\u00e9m bunny oble\u010dku. Tato figurka zachycuje jej\u00ed dynamickou osobnost a energii, s d\u016frazem na detaily jako je p\u00f3za a pohyb jej\u00edch vlas\u016f. Tento sb\u011bratelsk\u00fd kousek by nem\u011bl chyb\u011bt ve sb\u00edrce \u017e\u00e1dn\u00e9ho fanou\u0161ka Chainsaw Mana.<\/p>\n","protected":false},"featured_media":2102,"comment_status":"open","ping_status":"closed","template":"","meta":{"inline_featured_image":false},"product_cat":[54,60,93],"product_tag":[],"class_list":{"0":"post-2095","1":"product","2":"type-product","3":"status-publish","4":"has-post-thumbnail","6":"product_cat-chainsaw-man","7":"product_cat-figurky","8":"product_cat-furyu","10":"first","11":"instock","12":"shipping-taxable","13":"purchasable","14":"product-type-simple"},"_links":{"self":[{"href":"https:\/\/grandline.200.solutions\/index.php?rest_route=\/wp\/v2\/product\/2095","targetHints":{"allow":["GET"]}}],"collection":[{"href":"https:\/\/grandline.200.solutions\/index.php?rest_route=\/wp\/v2\/product"}],"about":[{"href":"https:\/\/grandline.200.solutions\/index.php?rest_route=\/wp\/v2\/types\/product"}],"replies":[{"embeddable":true,"href":"https:\/\/grandline.200.solutions\/index.php?rest_route=%2Fwp%2Fv2%2Fcomments&post=2095"}],"wp:featuredmedia":[{"embeddable":true,"href":"https:\/\/grandline.200.solutions\/index.php?rest_route=\/wp\/v2\/media\/2102"}],"wp:attachment":[{"href":"https:\/\/grandline.200.solutions\/index.php?rest_route=%2Fwp%2Fv2%2Fmedia&parent=2095"}],"wp:term":[{"taxonomy":"product_cat","embeddable":true,"href":"https:\/\/grandline.200.solutions\/index.php?rest_route=%2Fwp%2Fv2%2Fproduct_cat&post=2095"},{"taxonomy":"product_tag","embeddable":true,"href":"https:\/\/grandline.200.solutions\/index.php?rest_route=%2Fwp%2Fv2%2Fproduct_tag&post=2095"}],"curies":[{"name":"wp","href":"https:\/\/api.w.org\/{rel}","templated":true}]}}