{"id":2083,"date":"2024-11-08T16:36:14","date_gmt":"2024-11-08T15:36:14","guid":{"rendered":"https:\/\/grandline.200.solutions\/?post_type=product&#038;p=2083"},"modified":"2024-11-13T12:14:33","modified_gmt":"2024-11-13T11:14:33","slug":"chainsaw-man-noodle-stopper-figure-denji-chainsaw-man-form","status":"publish","type":"product","link":"https:\/\/grandline.200.solutions\/?product=chainsaw-man-noodle-stopper-figure-denji-chainsaw-man-form","title":{"rendered":"Chainsaw Man Noodle Stopper Figure Denji (Chainsaw Man Form)"},"content":{"rendered":"<p>Figurka <strong>Chainsaw Man Noodle Stopper Figure Denji (Chainsaw Man Form)<\/strong> zobrazuje Denjiho v jeho hybridn\u00ed d\u00e9monick\u00e9 podob\u011b. Denji je zde zachycen v dynamick\u00e9 p\u00f3ze, p\u0159ipraven\u00fd k akci s jeho ikonick\u00fdmi motorov\u00fdmi pilami m\u00edsto rukou. Tato figurka je navr\u017eena tak, aby sed\u011bla na okraji misky s nudlemi a dr\u017eela v\u00ed\u010dko zav\u0159en\u00e9, ale skv\u011ble se hod\u00ed i na jak\u00fdkoli rovn\u00fd povrch. Tento sb\u011bratelsk\u00fd kousek by nem\u011bl chyb\u011bt ve sb\u00edrce \u017e\u00e1dn\u00e9ho fanou\u0161ka s\u00e9rie.<\/p>\n<p><strong>Vlastnosti: <\/strong><\/p>\n<p>V\u00fd\u0161ka &#8211; 14 cm<\/p>\n<p>Materi\u00e1l &#8211; PVC<\/p>\n<p>Detailn\u00ed proveden\u00ed<\/p>\n<p>Sb\u011bratelsk\u00e1 edice<\/p>\n","protected":false},"excerpt":{"rendered":"<p>Figurka <strong>Chainsaw Man Noodle Stopper Figure Denji (Chainsaw Man Form)<\/strong> zobrazuje Denjiho v jeho hybridn\u00ed d\u00e9monick\u00e9 podob\u011b. Denji je zde zachycen v dynamick\u00e9 p\u00f3ze, p\u0159ipraven\u00fd k akci s jeho ikonick\u00fdmi motorov\u00fdmi pilami m\u00edsto rukou. Tato figurka je navr\u017eena tak, aby sed\u011bla na okraji misky s nudlemi a dr\u017eela v\u00ed\u010dko zav\u0159en\u00e9, ale skv\u011ble se hod\u00ed i na jak\u00fdkoli rovn\u00fd povrch. Tento sb\u011bratelsk\u00fd kousek by nem\u011bl chyb\u011bt ve sb\u00edrce \u017e\u00e1dn\u00e9ho fanou\u0161ka s\u00e9rie.<\/p>\n","protected":false},"featured_media":2090,"comment_status":"open","ping_status":"closed","template":"","meta":{"inline_featured_image":false},"product_cat":[54,60,93],"product_tag":[],"class_list":{"0":"post-2083","1":"product","2":"type-product","3":"status-publish","4":"has-post-thumbnail","6":"product_cat-chainsaw-man","7":"product_cat-figurky","8":"product_cat-furyu","10":"first","11":"instock","12":"shipping-taxable","13":"purchasable","14":"product-type-simple"},"_links":{"self":[{"href":"https:\/\/grandline.200.solutions\/index.php?rest_route=\/wp\/v2\/product\/2083","targetHints":{"allow":["GET"]}}],"collection":[{"href":"https:\/\/grandline.200.solutions\/index.php?rest_route=\/wp\/v2\/product"}],"about":[{"href":"https:\/\/grandline.200.solutions\/index.php?rest_route=\/wp\/v2\/types\/product"}],"replies":[{"embeddable":true,"href":"https:\/\/grandline.200.solutions\/index.php?rest_route=%2Fwp%2Fv2%2Fcomments&post=2083"}],"wp:featuredmedia":[{"embeddable":true,"href":"https:\/\/grandline.200.solutions\/index.php?rest_route=\/wp\/v2\/media\/2090"}],"wp:attachment":[{"href":"https:\/\/grandline.200.solutions\/index.php?rest_route=%2Fwp%2Fv2%2Fmedia&parent=2083"}],"wp:term":[{"taxonomy":"product_cat","embeddable":true,"href":"https:\/\/grandline.200.solutions\/index.php?rest_route=%2Fwp%2Fv2%2Fproduct_cat&post=2083"},{"taxonomy":"product_tag","embeddable":true,"href":"https:\/\/grandline.200.solutions\/index.php?rest_route=%2Fwp%2Fv2%2Fproduct_tag&post=2083"}],"curies":[{"name":"wp","href":"https:\/\/api.w.org\/{rel}","templated":true}]}}