{"id":2072,"date":"2024-11-08T16:18:21","date_gmt":"2024-11-08T15:18:21","guid":{"rendered":"https:\/\/grandline.200.solutions\/?post_type=product&#038;p=2072"},"modified":"2024-11-13T12:30:51","modified_gmt":"2024-11-13T11:30:51","slug":"naruto-memorable-saga-haku","status":"publish","type":"product","link":"https:\/\/grandline.200.solutions\/?product=naruto-memorable-saga-haku","title":{"rendered":"Naruto Memorable Saga Haku"},"content":{"rendered":"<p style=\"font-weight: 400;\">Figurka <strong>Naruto Memorable Saga Haku<\/strong> zobrazuje Haku v ikonick\u00e9 bojov\u00e9 p\u00f3ze, kter\u00e1 dokonale vystihuje jeho soucit a s\u00edlu. Detailn\u00ed zpracov\u00e1n\u00ed zahrnuje jeho tradi\u010dn\u00ed oble\u010den\u00ed a masku, co\u017e dod\u00e1v\u00e1 figurce dynamiku a autenti\u010dnost. Tato figurka je skv\u011bl\u00fdm sb\u011bratelsk\u00fdm kouskem pro fanou\u0161ky s\u00e9rie Naruto.<\/p>\n<p style=\"font-weight: 400;\"><strong>Vlastnosti: <\/strong><\/p>\n<p style=\"font-weight: 400;\">V\u00fd\u0161ka &#8211; 12 cm<\/p>\n<p style=\"font-weight: 400;\">Materi\u00e1l &#8211; PVC<\/p>\n<p style=\"font-weight: 400;\">Detailn\u00ed proveden\u00ed<\/p>\n<p style=\"font-weight: 400;\">Sb\u011bratelsk\u00e1 edice<\/p>\n","protected":false},"excerpt":{"rendered":"<p style=\"font-weight: 400;\">Figurka <strong>Naruto Memorable Saga Haku<\/strong> zobrazuje Haku v ikonick\u00e9 bojov\u00e9 p\u00f3ze, kter\u00e1 dokonale vystihuje jeho soucit a s\u00edlu. Detailn\u00ed zpracov\u00e1n\u00ed zahrnuje jeho tradi\u010dn\u00ed oble\u010den\u00ed a masku, co\u017e dod\u00e1v\u00e1 figurce dynamiku a autenti\u010dnost. Tato figurka je skv\u011bl\u00fdm sb\u011bratelsk\u00fdm kouskem pro fanou\u0161ky s\u00e9rie Naruto.<\/p>\n","protected":false},"featured_media":2073,"comment_status":"open","ping_status":"closed","template":"","meta":{"inline_featured_image":false},"product_cat":[77,60,73],"product_tag":[],"class_list":{"0":"post-2072","1":"product","2":"type-product","3":"status-publish","4":"has-post-thumbnail","6":"product_cat-bandai-spirits","7":"product_cat-figurky","8":"product_cat-naruto","10":"first","11":"instock","12":"shipping-taxable","13":"purchasable","14":"product-type-simple"},"_links":{"self":[{"href":"https:\/\/grandline.200.solutions\/index.php?rest_route=\/wp\/v2\/product\/2072","targetHints":{"allow":["GET"]}}],"collection":[{"href":"https:\/\/grandline.200.solutions\/index.php?rest_route=\/wp\/v2\/product"}],"about":[{"href":"https:\/\/grandline.200.solutions\/index.php?rest_route=\/wp\/v2\/types\/product"}],"replies":[{"embeddable":true,"href":"https:\/\/grandline.200.solutions\/index.php?rest_route=%2Fwp%2Fv2%2Fcomments&post=2072"}],"wp:featuredmedia":[{"embeddable":true,"href":"https:\/\/grandline.200.solutions\/index.php?rest_route=\/wp\/v2\/media\/2073"}],"wp:attachment":[{"href":"https:\/\/grandline.200.solutions\/index.php?rest_route=%2Fwp%2Fv2%2Fmedia&parent=2072"}],"wp:term":[{"taxonomy":"product_cat","embeddable":true,"href":"https:\/\/grandline.200.solutions\/index.php?rest_route=%2Fwp%2Fv2%2Fproduct_cat&post=2072"},{"taxonomy":"product_tag","embeddable":true,"href":"https:\/\/grandline.200.solutions\/index.php?rest_route=%2Fwp%2Fv2%2Fproduct_tag&post=2072"}],"curies":[{"name":"wp","href":"https:\/\/api.w.org\/{rel}","templated":true}]}}