{"id":2057,"date":"2024-11-08T16:09:58","date_gmt":"2024-11-08T15:09:58","guid":{"rendered":"https:\/\/grandline.200.solutions\/?post_type=product&#038;p=2057"},"modified":"2024-11-13T12:14:48","modified_gmt":"2024-11-13T11:14:48","slug":"naruto-shippuden-panel-spectacle-aratanaru-sansukumi-haruno-sakura-katsuyu","status":"publish","type":"product","link":"https:\/\/grandline.200.solutions\/?product=naruto-shippuden-panel-spectacle-aratanaru-sansukumi-haruno-sakura-katsuyu","title":{"rendered":"Naruto Shippuden Panel Spectacle Aratanaru Sansukumi Haruno Sakura (Katsuyu)"},"content":{"rendered":"<p style=\"font-weight: 400;\">Figurka <strong>Naruto Shippuden Panel Spectacle Aratanaru Sansukumi Haruno Sakura (Katsuyu) <\/strong>zobrazuje Sakuru v dynamick\u00e9 ak\u010dn\u00ed p\u00f3ze, p\u0159i kter\u00e9, pomoc\u00ed sv\u00e9ho jutsu, vyvol\u00e1v\u00e1 Katsuyu. Tato figurka je detailn\u011b propracovan\u00e1, s d\u016frazem na jej\u00ed r\u016f\u017eov\u00e9 vlasy a bojov\u00fd v\u00fdraz. Tato figurka tak\u00e9 je skv\u011bl\u00fdm dopl\u0148kem pro ka\u017ed\u00e9ho fanou\u0161ka anime Naruto.<\/p>\n<p style=\"font-weight: 400;\"><strong>Vlastnosti: <\/strong><\/p>\n<p style=\"font-weight: 400;\">V\u00fd\u0161ka &#8211; 9 cm<\/p>\n<p style=\"font-weight: 400;\">Materi\u00e1l &#8211; PVC<\/p>\n<p style=\"font-weight: 400;\">Detailn\u00ed proveden\u00ed<\/p>\n<p style=\"font-weight: 400;\">Sb\u011bratelsk\u00e1 edice<\/p>\n","protected":false},"excerpt":{"rendered":"<p style=\"font-weight: 400;\">Figurka <strong>Naruto Shippuden Panel Spectacle Aratanaru Sansukumi Haruno Sakura (Katsuyu) <\/strong>zobrazuje Sakuru v dynamick\u00e9 ak\u010dn\u00ed p\u00f3ze, p\u0159i kter\u00e9, pomoc\u00ed sv\u00e9ho jutsu, vyvol\u00e1v\u00e1 Katsuyu. Tato figurka je detailn\u011b propracovan\u00e1, s d\u016frazem na jej\u00ed r\u016f\u017eov\u00e9 vlasy a bojov\u00fd v\u00fdraz. Tato figurka tak\u00e9 je skv\u011bl\u00fdm dopl\u0148kem pro ka\u017ed\u00e9ho fanou\u0161ka anime Naruto.<\/p>\n","protected":false},"featured_media":2062,"comment_status":"open","ping_status":"closed","template":"","meta":{"inline_featured_image":false},"product_cat":[77,60,73],"product_tag":[],"class_list":{"0":"post-2057","1":"product","2":"type-product","3":"status-publish","4":"has-post-thumbnail","6":"product_cat-bandai-spirits","7":"product_cat-figurky","8":"product_cat-naruto","10":"first","11":"instock","12":"shipping-taxable","13":"purchasable","14":"product-type-simple"},"_links":{"self":[{"href":"https:\/\/grandline.200.solutions\/index.php?rest_route=\/wp\/v2\/product\/2057","targetHints":{"allow":["GET"]}}],"collection":[{"href":"https:\/\/grandline.200.solutions\/index.php?rest_route=\/wp\/v2\/product"}],"about":[{"href":"https:\/\/grandline.200.solutions\/index.php?rest_route=\/wp\/v2\/types\/product"}],"replies":[{"embeddable":true,"href":"https:\/\/grandline.200.solutions\/index.php?rest_route=%2Fwp%2Fv2%2Fcomments&post=2057"}],"wp:featuredmedia":[{"embeddable":true,"href":"https:\/\/grandline.200.solutions\/index.php?rest_route=\/wp\/v2\/media\/2062"}],"wp:attachment":[{"href":"https:\/\/grandline.200.solutions\/index.php?rest_route=%2Fwp%2Fv2%2Fmedia&parent=2057"}],"wp:term":[{"taxonomy":"product_cat","embeddable":true,"href":"https:\/\/grandline.200.solutions\/index.php?rest_route=%2Fwp%2Fv2%2Fproduct_cat&post=2057"},{"taxonomy":"product_tag","embeddable":true,"href":"https:\/\/grandline.200.solutions\/index.php?rest_route=%2Fwp%2Fv2%2Fproduct_tag&post=2057"}],"curies":[{"name":"wp","href":"https:\/\/api.w.org\/{rel}","templated":true}]}}