{"id":2052,"date":"2024-11-08T16:07:05","date_gmt":"2024-11-08T15:07:05","guid":{"rendered":"https:\/\/grandline.200.solutions\/?post_type=product&#038;p=2052"},"modified":"2024-11-13T12:16:04","modified_gmt":"2024-11-13T11:16:04","slug":"hunter-x-hunter-gon-killua-cestovni-hrnek","status":"publish","type":"product","link":"https:\/\/grandline.200.solutions\/?product=hunter-x-hunter-gon-killua-cestovni-hrnek","title":{"rendered":"Hunter \u00d7 Hunter Gon &#038; Killua Cestovn\u00ed hrnek"},"content":{"rendered":"<p>Cestovn\u00ed hrnek <strong>Hunter \u00d7 Hunter Gon &amp; Killua <\/strong>je zdoben\u00fd ilustracemi Gona a Killuy, co\u017e p\u0159id\u00e1v\u00e1 hrav\u00fd a stylov\u00fd prvek do ka\u017edodenn\u00edho pou\u017e\u00edv\u00e1n\u00ed. Tento cestovn\u00ed hrnek je ide\u00e1ln\u00ed pro fanou\u0161ky, kte\u0159\u00ed cht\u011bj\u00ed m\u00edt sv\u00e9 obl\u00edben\u00e9 postavy st\u00e1le s sebou.<\/p>\n<p><strong>Vlastnosti: <\/strong><\/p>\n<p>Objem &#8211; 355 ml<\/p>\n<p>Materi\u00e1l &#8211; Plast<\/p>\n<p>Nen\u00ed vhodn\u00e1 do mikrovlnn\u00e9 trouby a my\u010dky n\u00e1dob\u00ed<\/p>\n","protected":false},"excerpt":{"rendered":"<p>Cestovn\u00ed hrnek <strong>Hunter \u00d7 Hunter Gon &amp; Killua <\/strong>je zdoben\u00fd ilustracemi Gona a Killuy, co\u017e p\u0159id\u00e1v\u00e1 hrav\u00fd a stylov\u00fd prvek do ka\u017edodenn\u00edho pou\u017e\u00edv\u00e1n\u00ed. Tento cestovn\u00ed hrnek je ide\u00e1ln\u00ed pro fanou\u0161ky, kte\u0159\u00ed cht\u011bj\u00ed m\u00edt sv\u00e9 obl\u00edben\u00e9 postavy st\u00e1le s sebou.<\/p>\n","protected":false},"featured_media":2056,"comment_status":"open","ping_status":"closed","template":"","meta":{"inline_featured_image":false},"product_cat":[76,53,58],"product_tag":[],"class_list":{"0":"post-2052","1":"product","2":"type-product","3":"status-publish","4":"has-post-thumbnail","6":"product_cat-abystyle","7":"product_cat-hunter-x-hunter","8":"product_cat-nadobi","10":"first","11":"instock","12":"shipping-taxable","13":"purchasable","14":"product-type-simple"},"_links":{"self":[{"href":"https:\/\/grandline.200.solutions\/index.php?rest_route=\/wp\/v2\/product\/2052","targetHints":{"allow":["GET"]}}],"collection":[{"href":"https:\/\/grandline.200.solutions\/index.php?rest_route=\/wp\/v2\/product"}],"about":[{"href":"https:\/\/grandline.200.solutions\/index.php?rest_route=\/wp\/v2\/types\/product"}],"replies":[{"embeddable":true,"href":"https:\/\/grandline.200.solutions\/index.php?rest_route=%2Fwp%2Fv2%2Fcomments&post=2052"}],"wp:featuredmedia":[{"embeddable":true,"href":"https:\/\/grandline.200.solutions\/index.php?rest_route=\/wp\/v2\/media\/2056"}],"wp:attachment":[{"href":"https:\/\/grandline.200.solutions\/index.php?rest_route=%2Fwp%2Fv2%2Fmedia&parent=2052"}],"wp:term":[{"taxonomy":"product_cat","embeddable":true,"href":"https:\/\/grandline.200.solutions\/index.php?rest_route=%2Fwp%2Fv2%2Fproduct_cat&post=2052"},{"taxonomy":"product_tag","embeddable":true,"href":"https:\/\/grandline.200.solutions\/index.php?rest_route=%2Fwp%2Fv2%2Fproduct_tag&post=2052"}],"curies":[{"name":"wp","href":"https:\/\/api.w.org\/{rel}","templated":true}]}}