{"id":2051,"date":"2024-11-08T16:07:09","date_gmt":"2024-11-08T15:07:09","guid":{"rendered":"https:\/\/grandline.200.solutions\/?post_type=product&#038;p=2051"},"modified":"2024-11-13T12:15:14","modified_gmt":"2024-11-13T11:15:14","slug":"naruto-shippuden-narutop99-hatake-kakashi","status":"publish","type":"product","link":"https:\/\/grandline.200.solutions\/?product=naruto-shippuden-narutop99-hatake-kakashi","title":{"rendered":"Naruto Shippuden NARUTOP99 Hatake Kakashi"},"content":{"rendered":"<p style=\"font-weight: 400;\">Figurka <strong>Naruto Shippuden NARUTOP99 Hatake Kakashi<\/strong> p\u0159edstavuje Kakashiho v jeho charakteristick\u00e9m vzhledu, v\u010detn\u011b ikonick\u00e9 masky a \u010delenky s embl\u00e9mem Konohy. Je detailn\u011b propracovan\u00e1, zachycuje jeho klidn\u00fd a soust\u0159ed\u011bn\u00fd v\u00fdraz, kter\u00fd je pro n\u011bj typick\u00fd. Tato figurka je skv\u011bl\u00fdm dopl\u0148kem pro ka\u017ed\u00e9ho fanou\u0161ka s\u00e9rie Naruto.<\/p>\n<p style=\"font-weight: 400;\"><strong>Vlastnosti: <\/strong><\/p>\n<p style=\"font-weight: 400;\">V\u00fd\u0161ka &#8211; 13 cm<\/p>\n<p style=\"font-weight: 400;\">Materi\u00e1l &#8211; PVC<\/p>\n<p style=\"font-weight: 400;\">Detailn\u00ed proveden\u00ed<\/p>\n<p style=\"font-weight: 400;\">Sb\u011bratelsk\u00e1 edice<\/p>\n","protected":false},"excerpt":{"rendered":"<p style=\"font-weight: 400;\">Figurka <strong>Naruto Shippuden NARUTOP99 Hatake Kakashi<\/strong> p\u0159edstavuje Kakashiho v jeho charakteristick\u00e9m vzhledu, v\u010detn\u011b ikonick\u00e9 masky a \u010delenky s embl\u00e9mem Konohy. Je detailn\u011b propracovan\u00e1, zachycuje jeho klidn\u00fd a soust\u0159ed\u011bn\u00fd v\u00fdraz, kter\u00fd je pro n\u011bj typick\u00fd. Tato figurka je skv\u011bl\u00fdm dopl\u0148kem pro ka\u017ed\u00e9ho fanou\u0161ka s\u00e9rie Naruto.<\/p>\n","protected":false},"featured_media":2053,"comment_status":"open","ping_status":"closed","template":"","meta":{"inline_featured_image":false},"product_cat":[77,60,73],"product_tag":[],"class_list":{"0":"post-2051","1":"product","2":"type-product","3":"status-publish","4":"has-post-thumbnail","6":"product_cat-bandai-spirits","7":"product_cat-figurky","8":"product_cat-naruto","10":"first","11":"instock","12":"shipping-taxable","13":"purchasable","14":"product-type-simple"},"_links":{"self":[{"href":"https:\/\/grandline.200.solutions\/index.php?rest_route=\/wp\/v2\/product\/2051","targetHints":{"allow":["GET"]}}],"collection":[{"href":"https:\/\/grandline.200.solutions\/index.php?rest_route=\/wp\/v2\/product"}],"about":[{"href":"https:\/\/grandline.200.solutions\/index.php?rest_route=\/wp\/v2\/types\/product"}],"replies":[{"embeddable":true,"href":"https:\/\/grandline.200.solutions\/index.php?rest_route=%2Fwp%2Fv2%2Fcomments&post=2051"}],"wp:featuredmedia":[{"embeddable":true,"href":"https:\/\/grandline.200.solutions\/index.php?rest_route=\/wp\/v2\/media\/2053"}],"wp:attachment":[{"href":"https:\/\/grandline.200.solutions\/index.php?rest_route=%2Fwp%2Fv2%2Fmedia&parent=2051"}],"wp:term":[{"taxonomy":"product_cat","embeddable":true,"href":"https:\/\/grandline.200.solutions\/index.php?rest_route=%2Fwp%2Fv2%2Fproduct_cat&post=2051"},{"taxonomy":"product_tag","embeddable":true,"href":"https:\/\/grandline.200.solutions\/index.php?rest_route=%2Fwp%2Fv2%2Fproduct_tag&post=2051"}],"curies":[{"name":"wp","href":"https:\/\/api.w.org\/{rel}","templated":true}]}}