{"id":2042,"date":"2024-11-08T16:04:57","date_gmt":"2024-11-08T15:04:57","guid":{"rendered":"https:\/\/grandline.200.solutions\/?post_type=product&#038;p=2042"},"modified":"2024-11-13T12:16:24","modified_gmt":"2024-11-13T11:16:24","slug":"hunter-x-hunter-hunter-license-pin","status":"publish","type":"product","link":"https:\/\/grandline.200.solutions\/?product=hunter-x-hunter-hunter-license-pin","title":{"rendered":"Hunter \u00d7 Hunter Hunter License Pin"},"content":{"rendered":"<p>Odzn\u00e1\u010dek <strong>Hunter \u00d7 Hunter Hunter License<\/strong> je inspirovan\u00fd hunterskou licenc\u00ed z popul\u00e1rn\u00edho anime Hunter \u00d7 Hunter. Je ide\u00e1ln\u00ed pro fanou\u0161ky t\u00e9to s\u00e9rie.<\/p>\n<p><strong>Vlastnosti: <\/strong><\/p>\n<p>Rozm\u011bry &#8211; 3 cm x 2,1 cm<\/p>\n<p>Materi\u00e1l &#8211; Vysoce kvalitn\u00ed kov<\/p>\n","protected":false},"excerpt":{"rendered":"<p>Odzn\u00e1\u010dek <strong>Hunter \u00d7 Hunter Hunter License<\/strong> je inspirovan\u00fd hunterskou licenc\u00ed z popul\u00e1rn\u00edho anime Hunter \u00d7 Hunter. Je ide\u00e1ln\u00ed pro fanou\u0161ky t\u00e9to s\u00e9rie.<\/p>\n","protected":false},"featured_media":2045,"comment_status":"open","ping_status":"closed","template":"","meta":{"inline_featured_image":false},"product_cat":[76,53,62],"product_tag":[],"class_list":{"0":"post-2042","1":"product","2":"type-product","3":"status-publish","4":"has-post-thumbnail","6":"product_cat-abystyle","7":"product_cat-hunter-x-hunter","8":"product_cat-odznacky","10":"first","11":"instock","12":"shipping-taxable","13":"purchasable","14":"product-type-simple"},"_links":{"self":[{"href":"https:\/\/grandline.200.solutions\/index.php?rest_route=\/wp\/v2\/product\/2042","targetHints":{"allow":["GET"]}}],"collection":[{"href":"https:\/\/grandline.200.solutions\/index.php?rest_route=\/wp\/v2\/product"}],"about":[{"href":"https:\/\/grandline.200.solutions\/index.php?rest_route=\/wp\/v2\/types\/product"}],"replies":[{"embeddable":true,"href":"https:\/\/grandline.200.solutions\/index.php?rest_route=%2Fwp%2Fv2%2Fcomments&post=2042"}],"wp:featuredmedia":[{"embeddable":true,"href":"https:\/\/grandline.200.solutions\/index.php?rest_route=\/wp\/v2\/media\/2045"}],"wp:attachment":[{"href":"https:\/\/grandline.200.solutions\/index.php?rest_route=%2Fwp%2Fv2%2Fmedia&parent=2042"}],"wp:term":[{"taxonomy":"product_cat","embeddable":true,"href":"https:\/\/grandline.200.solutions\/index.php?rest_route=%2Fwp%2Fv2%2Fproduct_cat&post=2042"},{"taxonomy":"product_tag","embeddable":true,"href":"https:\/\/grandline.200.solutions\/index.php?rest_route=%2Fwp%2Fv2%2Fproduct_tag&post=2042"}],"curies":[{"name":"wp","href":"https:\/\/api.w.org\/{rel}","templated":true}]}}