{"id":2032,"date":"2024-11-08T16:02:12","date_gmt":"2024-11-08T15:02:12","guid":{"rendered":"https:\/\/grandline.200.solutions\/?post_type=product&#038;p=2032"},"modified":"2024-11-13T12:16:45","modified_gmt":"2024-11-13T11:16:45","slug":"hunter-x-hunter-hunter-darkovy-set","status":"publish","type":"product","link":"https:\/\/grandline.200.solutions\/?product=hunter-x-hunter-hunter-darkovy-set","title":{"rendered":"Hunter \u00d7 Hunter Hunter D\u00e1rkov\u00fd set"},"content":{"rendered":"<p>D\u00e1rkov\u00fd set <strong>Hunter \u00d7 Hunter Hunter<\/strong> obsahuje pen\u011b\u017eenku a kl\u00ed\u010denku inspirovan\u00e9 popul\u00e1rn\u00edm anime Hunter \u00d7 Hunter. Pen\u011b\u017eenka nab\u00edz\u00ed prostor pro karty a pen\u00edze, zat\u00edmco kl\u00ed\u010denka je zdobena designem z tohoto anime. Tento set je ide\u00e1ln\u00edm d\u00e1rkem pro ka\u017ed\u00e9ho fanou\u0161ka Hunter \u00d7 Hunter.<\/p>\n<p><strong>Vlastnosti: <\/strong><\/p>\n<p>Rozm\u011bry pen\u011b\u017eenky &#8211; P\u0159ibli\u017en\u011b 9,5 cm x 11 cm (v zav\u0159en\u00e9m stavu)<\/p>\n<p>Materi\u00e1l pen\u011b\u017eenky &#8211; Vinyl<\/p>\n<p>Rozm\u011bry kl\u00ed\u010denky &#8211; 5 cm x 3,3 cm<\/p>\n<p>Materi\u00e1l kl\u00ed\u010denky &#8211; Vysoce kvalitn\u00ed kov<\/p>\n","protected":false},"excerpt":{"rendered":"<p>D\u00e1rkov\u00fd set <strong>Hunter \u00d7 Hunter Hunter<\/strong> obsahuje pen\u011b\u017eenku a kl\u00ed\u010denku inspirovan\u00e9 popul\u00e1rn\u00edm anime Hunter \u00d7 Hunter. Pen\u011b\u017eenka nab\u00edz\u00ed prostor pro karty a pen\u00edze, zat\u00edmco kl\u00ed\u010denka je zdobena designem z tohoto anime. Tento set je ide\u00e1ln\u00edm d\u00e1rkem pro ka\u017ed\u00e9ho fanou\u0161ka Hunter \u00d7 Hunter.<\/p>\n","protected":false},"featured_media":2040,"comment_status":"open","ping_status":"closed","template":"","meta":{"inline_featured_image":false},"product_cat":[76,102,53,99],"product_tag":[],"class_list":{"0":"post-2032","1":"product","2":"type-product","3":"status-publish","4":"has-post-thumbnail","6":"product_cat-abystyle","7":"product_cat-darkove-sety","8":"product_cat-hunter-x-hunter","9":"product_cat-klicenky","11":"first","12":"instock","13":"shipping-taxable","14":"purchasable","15":"product-type-simple"},"_links":{"self":[{"href":"https:\/\/grandline.200.solutions\/index.php?rest_route=\/wp\/v2\/product\/2032","targetHints":{"allow":["GET"]}}],"collection":[{"href":"https:\/\/grandline.200.solutions\/index.php?rest_route=\/wp\/v2\/product"}],"about":[{"href":"https:\/\/grandline.200.solutions\/index.php?rest_route=\/wp\/v2\/types\/product"}],"replies":[{"embeddable":true,"href":"https:\/\/grandline.200.solutions\/index.php?rest_route=%2Fwp%2Fv2%2Fcomments&post=2032"}],"wp:featuredmedia":[{"embeddable":true,"href":"https:\/\/grandline.200.solutions\/index.php?rest_route=\/wp\/v2\/media\/2040"}],"wp:attachment":[{"href":"https:\/\/grandline.200.solutions\/index.php?rest_route=%2Fwp%2Fv2%2Fmedia&parent=2032"}],"wp:term":[{"taxonomy":"product_cat","embeddable":true,"href":"https:\/\/grandline.200.solutions\/index.php?rest_route=%2Fwp%2Fv2%2Fproduct_cat&post=2032"},{"taxonomy":"product_tag","embeddable":true,"href":"https:\/\/grandline.200.solutions\/index.php?rest_route=%2Fwp%2Fv2%2Fproduct_tag&post=2032"}],"curies":[{"name":"wp","href":"https:\/\/api.w.org\/{rel}","templated":true}]}}